{"id":559,"date":"2023-09-28T10:32:55","date_gmt":"2023-09-28T10:32:55","guid":{"rendered":"https:\/\/laccei.org\/leird2025\/?page_id=559"},"modified":"2025-05-27T11:09:53","modified_gmt":"2025-05-27T11:09:53","slug":"iv-siilmi","status":"publish","type":"page","link":"https:\/\/laccei.org\/leird2025\/iv-siilmi\/","title":{"rendered":"IV SIILMI"},"content":{"rendered":"\n<h3 class=\"wp-block-heading has-text-align-center\"><strong>Cuarto Simposio de Investigaci\u00f3n e Innovaci\u00f3n Latinoamericano \u201cMujeres en Ingenier\u00eda\u201d &#8211; IV SIILMI<\/strong><br><a href=\"https:\/\/www.siilmi-catedramatilda.com\/\">https:\/\/www.siilmi-catedramatilda.com\/<\/a><\/h3>\n\n\n\n<figure class=\"wp-block-image aligncenter size-medium\"><img loading=\"lazy\" decoding=\"async\" width=\"300\" height=\"300\" src=\"https:\/\/laccei.org\/leird2025\/wp-content\/uploads\/sites\/8\/2025\/05\/17855ec5-300x300.jpeg\" alt=\"\" class=\"wp-image-869\" srcset=\"https:\/\/laccei.org\/leird2025\/wp-content\/uploads\/sites\/8\/2025\/05\/17855ec5-300x300.jpeg 300w, https:\/\/laccei.org\/leird2025\/wp-content\/uploads\/sites\/8\/2025\/05\/17855ec5-1024x1024.jpeg 1024w, https:\/\/laccei.org\/leird2025\/wp-content\/uploads\/sites\/8\/2025\/05\/17855ec5-150x150.jpeg 150w, https:\/\/laccei.org\/leird2025\/wp-content\/uploads\/sites\/8\/2025\/05\/17855ec5-768x768.jpeg 768w, https:\/\/laccei.org\/leird2025\/wp-content\/uploads\/sites\/8\/2025\/05\/17855ec5.jpeg 1080w\" sizes=\"auto, (max-width: 300px) 100vw, 300px\" \/><\/figure>\n\n\n\n<p>El <strong>Cuarto Simposio de Investigaci\u00f3n e Innovaci\u00f3n Latinoamericano \u201cMujeres en Ingenier\u00eda\u201d &#8211; IV SIILMI<\/strong>, es un evento organizado por el Comit\u00e9 de Investigaci\u00f3n de la <strong>C\u00e1tedra Abierta Latinoamericana Matilda y las Mujeres en Ingenier\u00eda<\/strong> (CAL-Matilda) y se realizar\u00e1 el mi\u00e9rcoles <strong>3 de diciembre de 2024<\/strong> en modalidad virtual.<\/p>\n\n\n\n<p>\u200bPor invitaci\u00f3n de LACCEI, IV SIILMI se realizar\u00e1 en el marco de la LACCEI <strong>Multiconferencia Internacional sobre Emprendimiento, Innovaci\u00f3n y Desarrollo Regional (LEIRD 2025)<\/strong>. La asistencia al simposio es gratuita.<\/p>\n\n\n\n<p><strong>IV SIILMI<\/strong> busca generar un espacio de comunicaci\u00f3n y de construcci\u00f3n del conocimiento de investigaciones e innovaciones que aborden estrategias para lograr la igualdad de derechos, oportunidades y espacios de las mujeres en el \u00e1mbito acad\u00e9mico y profesional de las ingenier\u00edas, de igual forma, que propendan por el fortalecimiento del fomento de las vocaciones por la ingenier\u00eda en las ni\u00f1as y las j\u00f3venes de Latinoam\u00e9rica y el Caribe.\u00a0\u200bLos ejes tem\u00e1ticos son:<\/p>\n\n\n\n<ul class=\"wp-block-list\">\n<li>Igualdad de derechos, oportunidades y espacios para las mujeres en Latinoam\u00e9rica y el Caribe en el \u00e1mbito acad\u00e9mico<\/li>\n\n\n\n<li>Igualdad de derechos, oportunidades y espacios para las mujeres en Latinoam\u00e9rica y el Caribe en el \u00e1mbito profesional<\/li>\n\n\n\n<li>Fomento de las vocaciones por la ingenier\u00eda en ni\u00f1as y j\u00f3venes, en Latinoam\u00e9rica y el Caribe<\/li>\n\n\n\n<li>Todas las formas de discriminaci\u00f3n y violencia a ni\u00f1as, j\u00f3venes y mujeres en el \u00e1mbito de las ingenier\u00edas y afines en Latinoam\u00e9rica y el Caribe<\/li>\n<\/ul>\n\n\n\n<p>IV SIILMI acepta trabajos en espa\u00f1ol o en ingl\u00e9s que no excedan de <strong>6 a 10 p\u00e1ginas para art\u00edculos largos<\/strong> (full papers-FP) y de <strong>2 a 5 p\u00e1ginas para art\u00edculos cortos<\/strong> (work in progress-WP). Todos los trabajos deben cumplir las normas informadas en <a href=\"https:\/\/laccei.org\/leird2025\/\">https:\/\/laccei.org\/leird2025\/<\/a>:<br><a href=\"https:\/\/www.conftool.pro\/leird2025\/\" target=\"_blank\" rel=\"noreferrer noopener\">https:\/\/www.conftool.pro\/leird2025\/<\/a><\/p>\n\n\n\n<p>Los art\u00edculos de investigaci\u00f3n y de innovaciones aceptados y presentados en el <strong>IV SIILMI <\/strong>ser\u00e1n publicados en el <strong><u>repositorio de LACCEI<\/u><\/strong>\u00a0de forma gratuita.<\/p>\n\n\n\n<p>Se puede optar por presentar los trabajos completos aceptados para publicaci\u00f3n en <strong>proceedings de LEIRD<\/strong> <strong>(indexado en Scopus) <\/strong>con los siguientes costos:<\/p>\n\n\n\n<ul class=\"wp-block-list\">\n<li>Investigador afiliado a instituci\u00f3n miembro LACCEI: <strong>200 USD<\/strong><\/li>\n\n\n\n<li>Investigador de instituci\u00f3n NO miembro LACCEI : <strong>250 USD<\/strong><\/li>\n<\/ul>\n\n\n\n<p>La primera circular del IV SIILMI, se puede descargar haciendo <a href=\"https:\/\/3e448174-9601-40da-b63b-56e902c5bbe4.filesusr.com\/ugd\/212d4f_4c0b23fc727941958ae32a0574afd3a3.pdf?index=true\" data-type=\"link\" data-id=\"https:\/\/3e448174-9601-40da-b63b-56e902c5bbe4.filesusr.com\/ugd\/212d4f_4c0b23fc727941958ae32a0574afd3a3.pdf?index=true\" target=\"_blank\" rel=\"noreferrer noopener\">click aqu\u00ed<\/a>.<\/p>\n\n\n\n<p>*Argentinos(as) pueden pagar en pesos, siempre y cuando el autor\/a y los coautores(as) tengan afiliaci\u00f3n de Argentina (todos). Para m\u00e1s informaci\u00f3n, consulte la p\u00e1gina <a href=\"https:\/\/www.siilmi-catedramatilda.com\/\"><mark style=\"background-color:#85dafe\" class=\"has-inline-color\">https:\/\/www.siilmi-catedramatilda.com\/<\/mark><\/a><\/p>\n","protected":false},"excerpt":{"rendered":"<p>Cuarto Simposio de Investigaci\u00f3n e Innovaci\u00f3n Latinoamericano \u201cMujeres en Ingenier\u00eda\u201d &#8211; IV SIILMIhttps:\/\/www.siilmi-catedramatilda.com\/ El Cuarto Simposio de Investigaci\u00f3n e Innovaci\u00f3n Latinoamericano \u201cMujeres en Ingenier\u00eda\u201d &#8211; IV SIILMI, es un evento organizado por el Comit\u00e9 de Investigaci\u00f3n de la C\u00e1tedra Abierta Latinoamericana Matilda y las Mujeres en Ingenier\u00eda (CAL-Matilda) y se realizar\u00e1 el mi\u00e9rcoles 3 de [&hellip;]<\/p>\n","protected":false},"author":1,"featured_media":0,"parent":0,"menu_order":0,"comment_status":"closed","ping_status":"closed","template":"","meta":{"footnotes":""},"class_list":["post-559","page","type-page","status-publish","hentry"],"_links":{"self":[{"href":"https:\/\/laccei.org\/leird2025\/wp-json\/wp\/v2\/pages\/559","targetHints":{"allow":["GET"]}}],"collection":[{"href":"https:\/\/laccei.org\/leird2025\/wp-json\/wp\/v2\/pages"}],"about":[{"href":"https:\/\/laccei.org\/leird2025\/wp-json\/wp\/v2\/types\/page"}],"author":[{"embeddable":true,"href":"https:\/\/laccei.org\/leird2025\/wp-json\/wp\/v2\/users\/1"}],"replies":[{"embeddable":true,"href":"https:\/\/laccei.org\/leird2025\/wp-json\/wp\/v2\/comments?post=559"}],"version-history":[{"count":16,"href":"https:\/\/laccei.org\/leird2025\/wp-json\/wp\/v2\/pages\/559\/revisions"}],"predecessor-version":[{"id":870,"href":"https:\/\/laccei.org\/leird2025\/wp-json\/wp\/v2\/pages\/559\/revisions\/870"}],"wp:attachment":[{"href":"https:\/\/laccei.org\/leird2025\/wp-json\/wp\/v2\/media?parent=559"}],"curies":[{"name":"wp","href":"https:\/\/api.w.org\/{rel}","templated":true}]}}