{"id":52,"date":"2023-03-11T03:19:07","date_gmt":"2023-03-11T03:19:07","guid":{"rendered":"https:\/\/laccei.org\/leird2024\/?page_id=52"},"modified":"2024-10-28T10:05:57","modified_gmt":"2024-10-28T10:05:57","slug":"call-for-papers","status":"publish","type":"page","link":"https:\/\/laccei.org\/leird2024\/call-for-papers\/","title":{"rendered":"Call for Papers"},"content":{"rendered":"\n<div class=\"wp-block-buttons is-content-justification-center is-layout-flex wp-container-core-buttons-is-layout-a89b3969 wp-block-buttons-is-layout-flex\">\n<div class=\"wp-block-button\"><a class=\"wp-block-button__link wp-element-button\" href=\"https:\/\/www.conftool.pro\/leird2024\/\">Register Now<\/a><\/div>\n<\/div>\n\n\n\n<p style=\"font-size:15px\">This conference welcomes unpublished papers, including research and case studies, as well as work-in-progress presentations from all research areas within the following topics of Entrepreneurship, Innovation, and Regional Development.<\/p>\n\n\n\n<hr class=\"wp-block-separator has-alpha-channel-opacity\"\/>\n\n\n\n<p style=\"font-size:15px\"><strong>Tracks:<\/strong><\/p>\n\n\n\n<div class=\"wp-block-group is-layout-constrained wp-block-group-is-layout-constrained\">\n<p style=\"font-size:15px\"><em><strong>1. <mark style=\"background-color:#ffe4e1\" class=\"has-inline-color\">General in entrepreneurship and innovation<\/mark><\/strong><\/em>:<\/p>\n\n\n\n<ul style=\"font-size:15px\" class=\"wp-block-list\">\n<li>Design thinking-driven innovation<\/li>\n\n\n\n<li>Incubators, accelerators, and other support programs<\/li>\n\n\n\n<li>Intrapreneurship and business model innovation<\/li>\n\n\n\n<li>Social innovation and entrepreneurship<\/li>\n\n\n\n<li>Venture formation processes, funding, and strategies<\/li>\n<\/ul>\n\n\n\n<p style=\"font-size:15px\"><em><strong>2. <mark style=\"background-color:#d8f8e1\" class=\"has-inline-color\">Global and regional in entrepreneurship and innovation<\/mark>:<\/strong><\/em><\/p>\n\n\n\n<ul style=\"font-size:15px\" class=\"wp-block-list\">\n<li>Enabling regional initiatives in entrepreneurship and innovation<\/li>\n\n\n\n<li>Intellectual property and open innovation<\/li>\n\n\n\n<li>International innovation and entrepreneurship<\/li>\n\n\n\n<li>Open innovation systems<\/li>\n\n\n\n<li>Sustainable Innovation and Entrepreneurship<\/li>\n<\/ul>\n\n\n\n<p style=\"font-size:15px\"><em><strong>3. <mark style=\"background-color:#fdfd96\" class=\"has-inline-color has-contrast-color\">Financial in entrepreneurship and innovation<\/mark><\/strong><\/em>:<\/p>\n\n\n\n<ul style=\"font-size:15px\" class=\"wp-block-list\">\n<li>Circular economy innovation and frugal innovation<\/li>\n\n\n\n<li>Entrepreneurship and innovation to overcome the economic and financial crisis<\/li>\n\n\n\n<li>Market and financial impacts of entrepreneurship and innovation<\/li>\n<\/ul>\n\n\n\n<p style=\"font-size:15px\"><em><strong>4. <\/strong><\/em><mark style=\"background-color:#c5c6c8\" class=\"has-inline-color\"><em><strong>Technological in entrepreneurship and innovation<\/strong><\/em>:<\/mark><\/p>\n\n\n\n<ul style=\"font-size:15px\" class=\"wp-block-list\">\n<li>Communication strategies and Social Networks in entrepreneurship and innovation<\/li>\n\n\n\n<li>Digital transformation and artificial intelligence<\/li>\n\n\n\n<li>Innovative technologies, cities, and regions<\/li>\n<\/ul>\n\n\n\n<p style=\"font-size:15px\"><em><strong>5. <mark style=\"background-color:#ffda9e\" class=\"has-inline-color\">Educational in entrepreneurship and innovation<\/mark><\/strong><\/em>:<\/p>\n\n\n\n<ul style=\"font-size:15px\" class=\"wp-block-list\">\n<li>Entrepreneurship and innovation in education<\/li>\n\n\n\n<li>Strategies, policies, and management practices in R&amp;D, innovation, and entrepreneurship<\/li>\n\n\n\n<li>University-Industry technology transfer and knowledge exchange<\/li>\n<\/ul>\n\n\n\n<p style=\"font-size:15px\"><em><strong>6.&nbsp;<\/strong><\/em><strong><mark style=\"background-color:#b2e2f2\" class=\"has-inline-color\"><em>Tercer Simposio de Investigaci\u00f3n e Innovaci\u00f3n Latinoamericano \u201cMujeres en Ingenier\u00eda\u201d \u2013 III SIILMI:<\/em><\/mark><mark style=\"background-color:#ffffff\" class=\"has-inline-color\"><em> <\/em><\/mark><\/strong><a href=\"https:\/\/laccei.org\/leird2024\/ii-siilmi\/\" data-type=\"link\" data-id=\"https:\/\/laccei.org\/leird2024\/ii-siilmi\/\"><mark style=\"background-color:#ffffff\" class=\"has-inline-color\">Click here<\/mark><\/a><\/p>\n\n\n\n<ul style=\"font-size:15px\" class=\"wp-block-list\">\n<li>Igualdad de derechos, oportunidades y espacios para las mujeres en Latinoam\u00e9rica y el Caribe en el \u00e1mbito acad\u00e9mico<\/li>\n\n\n\n<li>Igualdad de derechos, oportunidades y espacios para las mujeres en Latinoam\u00e9rica y el Caribe en el \u00e1mbito profesional<\/li>\n\n\n\n<li>Fomento de las vocaciones por la ingenier\u00eda en ni\u00f1as y j\u00f3venes, en Latinoam\u00e9rica y el Caribe<\/li>\n\n\n\n<li>Todas las formas de discriminaci\u00f3n y violencia a ni\u00f1as, j\u00f3venes y mujeres en el \u00e1mbito de las ingenier\u00edas y afines en Latinoam\u00e9rica y el Caribe<\/li>\n<\/ul>\n\n\n\n<p style=\"font-size:15px\"><strong style=\"font-style: italic;\">7. <\/strong><strong><em>Work in Progress (WP)<\/em><\/strong><\/p>\n\n\n\n<p style=\"font-size:15px\"><strong style=\"font-style: italic;\">8<\/strong><strong style=\"font-style: italic;\">.&nbsp;<\/strong><strong><em>Entrepreneurship and Innovation Student Competition (E&amp;I24).<\/em><\/strong><\/p>\n<\/div>\n\n\n\n<hr class=\"wp-block-separator has-alpha-channel-opacity\"\/>\n\n\n\n<p style=\"font-size:15px\"><strong>Important Dates:<\/strong><\/p>\n\n\n\n<ul style=\"font-size:15px\" class=\"wp-block-list\">\n<li><s>Call for Paper (CfP)&nbsp;\u2013 June 3<sup>rd<\/sup><\/s><\/li>\n\n\n\n<li><s>Registration opens&nbsp;\u2013 June 3<sup>rd<\/sup><strong>&nbsp;<\/strong><\/s><\/li>\n\n\n\n<li><s>Early bird Registration will be open&nbsp;\u2013 June 3<sup>rd<\/sup><strong>&nbsp;<\/strong><\/s><\/li>\n\n\n\n<li><s>Deadline for full papers and work in progress submissions \u2013 August 1<sup>st<\/sup>. (Eastern Daylight Time \u2013 EDT)<\/s>\n<ul class=\"wp-block-list\">\n<li><s>III SIILMI<\/s><\/li>\n\n\n\n<li><s>LEIRD 2024<\/s><\/li>\n<\/ul>\n<\/li>\n\n\n\n<li><s><mark style=\"background-color:#08ACF2\" class=\"has-inline-color\">NEW<\/mark> Deadline for full papers and work in progress submissions \u2013 <mark style=\"background-color:#08ACF2\" class=\"has-inline-color\">August 16<sup>th<\/sup>. (Eastern Daylight Time \u2013 EDT \/ UTC-4:00)<\/mark><\/s><\/li>\n\n\n\n<li><s>Deadline for Entrepreneurship and Innovation Student Competition (E&amp;I24)&nbsp;submissions \u2013&nbsp;August 30<sup>th<\/sup><strong>&nbsp;<\/strong><\/s><\/li>\n\n\n\n<li><s>Notification of acceptance of papers \u2013&nbsp;September 27<sup>th<\/sup><strong>&nbsp;<\/strong><\/s><\/li>\n\n\n\n<li><s>Early bird registration closes \u2013 October 2<sup>nd<\/sup><\/s>\n<ul class=\"wp-block-list\">\n<li><s>New date: October 9<sup>th<\/sup><\/s><\/li>\n<\/ul>\n<\/li>\n\n\n\n<li><s>Registration at full cost \u2013&nbsp;October 3<sup>th<\/sup><\/s>\n<ul class=\"wp-block-list\">\n<li><s>New date: October 10<sup>th<\/sup><\/s><\/li>\n<\/ul>\n<\/li>\n\n\n\n<li><s>Deadline to pay all authors \u2013 October 10<sup>th<\/sup><\/s><\/li>\n\n\n\n<li><s>Submit final version of the accepted paper \u2013 October 10<sup>th<\/sup><\/s><\/li>\n\n\n\n<li><s>Deadline to submit video \u2013 October 10<sup>th<\/sup><\/s><\/li>\n\n\n\n<li><s>Publish paper presentation schedule \u2013 October 17<sup>th<\/sup><\/s><\/li>\n\n\n\n<li><strong>III SIILMI:<\/strong> December 2 (Monday)<\/li>\n\n\n\n<li><strong>LEIRD\u201924:<\/strong> December 3 &amp; 4 (Tuesday &amp; Wednesday)<\/li>\n<\/ul>\n\n\n\n<p style=\"font-size:15px\"><strong>LEIRD 2024&nbsp;<\/strong>accepts papers written in English, Spanish, Portuguese or French: Full Papers (6-10 pages), Work in progress (2-5 pages) with <strong>a limit of 3 papers per author (includes co-author) and 7 authors per paper.<\/strong> FPs must be indexed by Scopus in March.<\/p>\n","protected":false},"excerpt":{"rendered":"<p>This conference welcomes unpublished papers, including research and case studies, as well as work-in-progress presentations from all research areas within the following topics of Entrepreneurship, Innovation, and Regional Development. Tracks: 1. General in entrepreneurship and innovation: 2. Global and regional in entrepreneurship and innovation: 3. Financial in entrepreneurship and innovation: 4. Technological in entrepreneurship and [&hellip;]<\/p>\n","protected":false},"author":2,"featured_media":0,"parent":0,"menu_order":0,"comment_status":"closed","ping_status":"closed","template":"","meta":{"footnotes":""},"class_list":["post-52","page","type-page","status-publish","hentry"],"_links":{"self":[{"href":"https:\/\/laccei.org\/leird2024\/wp-json\/wp\/v2\/pages\/52","targetHints":{"allow":["GET"]}}],"collection":[{"href":"https:\/\/laccei.org\/leird2024\/wp-json\/wp\/v2\/pages"}],"about":[{"href":"https:\/\/laccei.org\/leird2024\/wp-json\/wp\/v2\/types\/page"}],"author":[{"embeddable":true,"href":"https:\/\/laccei.org\/leird2024\/wp-json\/wp\/v2\/users\/2"}],"replies":[{"embeddable":true,"href":"https:\/\/laccei.org\/leird2024\/wp-json\/wp\/v2\/comments?post=52"}],"version-history":[{"count":43,"href":"https:\/\/laccei.org\/leird2024\/wp-json\/wp\/v2\/pages\/52\/revisions"}],"predecessor-version":[{"id":826,"href":"https:\/\/laccei.org\/leird2024\/wp-json\/wp\/v2\/pages\/52\/revisions\/826"}],"wp:attachment":[{"href":"https:\/\/laccei.org\/leird2024\/wp-json\/wp\/v2\/media?parent=52"}],"curies":[{"name":"wp","href":"https:\/\/api.w.org\/{rel}","templated":true}]}}