{"id":46,"date":"2023-03-11T03:02:37","date_gmt":"2023-03-11T03:02:37","guid":{"rendered":"https:\/\/laccei.org\/leird2024\/?page_id=46"},"modified":"2024-06-29T23:36:50","modified_gmt":"2024-06-29T23:36:50","slug":"registration","status":"publish","type":"page","link":"https:\/\/laccei.org\/leird2024\/registration\/","title":{"rendered":"Registration"},"content":{"rendered":"\n<h2 class=\"wp-block-heading has-text-align-center\" style=\"font-size:18px\"><strong>LACCEI 2024 Conference Information Page<br>P\u00e1gina de Informaci\u00f3n para la Conferencia LACCEI 2024<\/strong><\/h2>\n\n\n\n<hr class=\"wp-block-separator has-alpha-channel-opacity is-style-wide\"\/>\n\n\n\n<div class=\"wp-block-buttons is-layout-flex wp-block-buttons-is-layout-flex\">\n<div class=\"wp-block-button has-custom-font-size aligncenter has-poppins-font-family has-medium-font-size\" style=\"text-transform:uppercase\"><a class=\"wp-block-button__link has-background wp-element-button\" href=\"https:\/\/www.conftool.pro\/leird2024\/\" style=\"border-radius:6px;background-color:#023f66\" target=\"_blank\" rel=\"noreferrer noopener\"><strong>REGISTER NOW<\/strong><\/a><\/div>\n<\/div>\n\n\n\n<div class=\"wp-block-columns is-layout-flex wp-container-core-columns-is-layout-28f84493 wp-block-columns-is-layout-flex\">\n<div class=\"wp-block-column is-layout-flow wp-block-column-is-layout-flow\">\n<figure class=\"wp-block-table alignright is-style-stripes\" style=\"font-size:14px\"><table class=\"has-pale-cyan-blue-background-color has-background has-fixed-layout\"><thead><tr><th class=\"has-text-align-center\" data-align=\"center\">Author &#8211; LACCEI member<br>(Autor &#8211; Miembro LACCEI)<\/th><\/tr><\/thead><tbody><tr><td class=\"has-text-align-center\" data-align=\"center\">Must register by Oct. 2 USD $300<br>(Debe registrarse antes del 2 de Oct. USD $300)<\/td><\/tr><tr><td class=\"has-text-align-center\" data-align=\"center\">Registration after Oct. 3 USD $400<br>(Registro luego del 3 de Oct. USD $400)<\/td><\/tr><tr><td class=\"has-text-align-center\" data-align=\"center\">For non-authors from an institution that is an<br>active member of LACCEI.<br>(Para no autores de instituciones que son miembros activos<br>de LACCEI)<\/td><\/tr><\/tbody><\/table><\/figure>\n<\/div>\n\n\n\n<div class=\"wp-block-column is-layout-flow wp-block-column-is-layout-flow\">\n<div class=\"wp-block-columns is-layout-flex wp-container-core-columns-is-layout-28f84493 wp-block-columns-is-layout-flex\">\n<div class=\"wp-block-column is-layout-flow wp-block-column-is-layout-flow\" style=\"flex-basis:100%\">\n<figure class=\"wp-block-table alignleft is-style-stripes\" style=\"margin-top:0;margin-right:0;margin-bottom:0;margin-left:0;padding-top:0;padding-right:0;padding-bottom:0;padding-left:0;font-size:14px\"><table class=\"has-pale-cyan-blue-background-color has-background has-fixed-layout\"><thead><tr><th class=\"has-text-align-center\" data-align=\"center\">Author &#8211; Non-member<br>(Autor &#8211; No miembro)<\/th><\/tr><\/thead><tbody><tr><td class=\"has-text-align-center\" data-align=\"center\">Must register by Oct. 2 USD $450<br>(Debe registrarse antes del 3 de Oct. USD $450)<\/td><\/tr><tr><td class=\"has-text-align-center\" data-align=\"center\">Registration after Oct. 2 USD $550<br>(Registro luego del 3 de Oct. USD $550)<\/td><\/tr><tr><td class=\"has-text-align-center\" data-align=\"center\">For non-authors from an institution that is NOT an<br>active member of LACCEI<br>(Para no autores de instituciones que no son miembros<br>activos de LACCEI)<\/td><\/tr><\/tbody><\/table><\/figure>\n<\/div>\n<\/div>\n<\/div>\n<\/div>\n\n\n\n<div class=\"wp-block-columns is-layout-flex wp-container-core-columns-is-layout-28f84493 wp-block-columns-is-layout-flex\">\n<div class=\"wp-block-column is-layout-flow wp-block-column-is-layout-flow\">\n<figure class=\"wp-block-table alignright is-style-stripes\" style=\"font-size:14px\"><table class=\"has-background has-fixed-layout\" style=\"background-color:#fdc5decf\"><thead><tr><th class=\"has-text-align-center\" data-align=\"center\">Non-author &#8211; LACCEI member<br>(No autor &#8211; Miembro LACCEI)<\/th><\/tr><\/thead><tbody><tr><td class=\"has-text-align-center\" data-align=\"center\">Must register by Oct. 15 USD $100<br>(Debe registrarse antes del 15 de Oct. USD $100)<\/td><\/tr><tr><td class=\"has-text-align-center\" data-align=\"center\">Registration after Oct. 16 USD $200<br>(Registro luego del 16 de Oct. USD $200)<\/td><\/tr><tr><td class=\"has-text-align-center\" data-align=\"center\">For non-authors from an institution that is an<br>active member of LACCEI.<br>(Para no autores de instituciones que son miembros activos<br>de LACCEI)<\/td><\/tr><\/tbody><\/table><\/figure>\n<\/div>\n\n\n\n<div class=\"wp-block-column is-layout-flow wp-block-column-is-layout-flow\">\n<div class=\"wp-block-columns is-layout-flex wp-container-core-columns-is-layout-28f84493 wp-block-columns-is-layout-flex\">\n<div class=\"wp-block-column is-layout-flow wp-block-column-is-layout-flow\" style=\"flex-basis:100%\">\n<figure class=\"wp-block-table alignleft is-style-stripes\" style=\"margin-top:0;margin-right:0;margin-bottom:0;margin-left:0;padding-top:0;padding-right:0;padding-bottom:0;padding-left:0;font-size:14px\"><table class=\"has-background has-fixed-layout\" style=\"background-color:#fdc5decf\"><thead><tr><th class=\"has-text-align-center\" data-align=\"center\">Non-author &#8211; Non-member<br>(No Autor &#8211; No miembro)<\/th><\/tr><\/thead><tbody><tr><td class=\"has-text-align-center\" data-align=\"center\">Must register by Oct. 2 USD $200<br>(Debe registrarse antes del 3 de Oct. USD $200)<\/td><\/tr><tr><td class=\"has-text-align-center\" data-align=\"center\">Registration after Oct. 16 USD $300<br>(Registro luego del 16 de Oct. USD $300)<\/td><\/tr><tr><td class=\"has-text-align-center\" data-align=\"center\">For non-authors from an institution that is NOT an<br>active member of LACCEI<br>(Para no autores de instituciones que no son miembros<br>activos de LACCEI)<\/td><\/tr><\/tbody><\/table><\/figure>\n<\/div>\n<\/div>\n<\/div>\n<\/div>\n\n\n\n<div class=\"wp-block-columns is-layout-flex wp-container-core-columns-is-layout-28f84493 wp-block-columns-is-layout-flex\">\n<div class=\"wp-block-column is-layout-flow wp-block-column-is-layout-flow\">\n<figure class=\"wp-block-table alignright is-style-stripes\" style=\"font-size:14px\"><table class=\"has-background has-fixed-layout\" style=\"background-color:#97ffaa\"><thead><tr><th class=\"has-text-align-center\" data-align=\"center\">Student competition &#8211; Member<br>(Certamen estudiantil &#8211; Miembro)<\/th><\/tr><\/thead><tbody><tr><td class=\"has-text-align-center\" data-align=\"center\">Regular Registration USD $0 &#8211; FREE<br>(Registro Regular USD $0 &#8211; FREE)<\/td><\/tr><tr><td class=\"has-text-align-center\" data-align=\"center\">For students participating in the Competition from<br>an institution that is an active member of LACCEI<br>(Para estudiantes que participen en el Certamen y que<br>pertenezcan a una instituci\u00f3n que es miembro activo de<br>LACCEI)<\/td><\/tr><tr><td class=\"has-text-align-center\" data-align=\"center\">This registration does not account the participation<br>in any other event other than the student<br>competition. <\/td><\/tr><tr><td class=\"has-text-align-center\" data-align=\"center\">Esta inscripci\u00f3n no da cuenta de la participaci\u00f3n<br>en ning\u00fan otro evento que no sea el concurso de<br>estudiantil.<\/td><\/tr><\/tbody><\/table><\/figure>\n<\/div>\n\n\n\n<div class=\"wp-block-column is-layout-flow wp-block-column-is-layout-flow\">\n<div class=\"wp-block-columns is-layout-flex wp-container-core-columns-is-layout-28f84493 wp-block-columns-is-layout-flex\">\n<div class=\"wp-block-column is-layout-flow wp-block-column-is-layout-flow\" style=\"flex-basis:100%\">\n<figure class=\"wp-block-table alignleft is-style-stripes\" style=\"margin-top:0;margin-right:0;margin-bottom:0;margin-left:0;padding-top:0;padding-right:0;padding-bottom:0;padding-left:0;font-size:14px\"><table class=\"has-background has-fixed-layout\" style=\"background-color:#97ffaa\"><thead><tr><th class=\"has-text-align-center\" data-align=\"center\">Student competition &#8211; Non-member<br>(Certamen estudiantil &#8211; No miembro)<\/th><\/tr><\/thead><tbody><tr><td class=\"has-text-align-center\" data-align=\"center\">Regular Registration USD $60<br>(Registro Regular USD $60)<\/td><\/tr><tr><td class=\"has-text-align-center\" data-align=\"center\">For students participating in the Competition from<br>an institution that is not an active member of<br>LACCEI<br>(Para estudiantes que participen en el Certamen y que no<br>pertenezcan a una instituci\u00f3n que es miembro activo de<br>LACCEI).<\/td><\/tr><tr><td class=\"has-text-align-center\" data-align=\"center\">This registration does not account the participation<br>in any other event other than the student<br>competition. <\/td><\/tr><tr><td class=\"has-text-align-center\" data-align=\"center\">Esta inscripci\u00f3n no da cuenta de la participaci\u00f3n<br>en ning\u00fan otro evento que no sea el concurso de<br>estudiantil.<\/td><\/tr><\/tbody><\/table><\/figure>\n<\/div>\n<\/div>\n<\/div>\n<\/div>\n\n\n\n<div class=\"wp-block-columns is-layout-flex wp-container-core-columns-is-layout-28f84493 wp-block-columns-is-layout-flex\">\n<div class=\"wp-block-column is-layout-flow wp-block-column-is-layout-flow\">\n<figure class=\"wp-block-table alignleft is-style-stripes\" style=\"margin-top:0;margin-right:0;margin-bottom:0;margin-left:0;padding-top:0;padding-right:0;padding-bottom:0;padding-left:0;font-size:14px\"><table class=\"has-background has-fixed-layout\" style=\"background-color:#f7f45b\"><thead><tr><th class=\"has-text-align-center\" data-align=\"center\">Student &#8211; Member<br>(Estudiante &#8211; Miembro)<br>Non Author &#8211; Autor No<\/th><\/tr><\/thead><tbody><tr><td class=\"has-text-align-center\" data-align=\"center\">Regular Registration USD $25<br>(Registro Regular USD $25)<\/td><\/tr><tr><td class=\"has-text-align-center\" data-align=\"center\">For students representing an institution that is an<br>active member of LACCEI. Must present Student<br>ID. Name tag, receipt, and certificate will be issued<br>display only this institution<br>(Para estudiantes que representan a una instituci\u00f3n que es<br>miembro activo de LACCEI. Debe presentar credencial de<br>estudiante. Se emitir\u00e1 una etiqueta con el nombre, un recibo<br>y un certificado que muestre solo esta instituci\u00f3n)<\/td><\/tr><\/tbody><\/table><\/figure>\n<\/div>\n\n\n\n<div class=\"wp-block-column is-layout-flow wp-block-column-is-layout-flow\">\n<div class=\"wp-block-columns is-layout-flex wp-container-core-columns-is-layout-28f84493 wp-block-columns-is-layout-flex\">\n<div class=\"wp-block-column is-layout-flow wp-block-column-is-layout-flow\" style=\"flex-basis:100%\">\n<figure class=\"wp-block-table alignleft is-style-stripes\" style=\"margin-top:0;margin-right:0;margin-bottom:0;margin-left:0;padding-top:0;padding-right:0;padding-bottom:0;padding-left:0;font-size:14px\"><table class=\"has-background has-fixed-layout\" style=\"background-color:#f7f45b\"><thead><tr><th class=\"has-text-align-center\" data-align=\"center\">Student &#8211; Non-member<br>(Estudiante &#8211; No miembro)<br>Non Author &#8211; Autor No<\/th><\/tr><\/thead><tbody><tr><td class=\"has-text-align-center\" data-align=\"center\">Regular Registration USD $75<br>(Registro Regular USD $75)<\/td><\/tr><tr><td class=\"has-text-align-center\" data-align=\"center\">For students representing an institution that is<br>NOT an active member of LACCEI. Must present<br>Student ID. Name tag, receipt, and certificate will<br>be issued display only this institution<br>(Para estudiantes que representan una instituci\u00f3n que NO<br>es miembro activo de LACCEI. Debe presentar credencial<br>de estudiante. Se emitir\u00e1 una etiqueta con el nombre, un<br>recibo y un certificado que muestren solo esta instituci\u00f3n)<br><\/td><\/tr><\/tbody><\/table><\/figure>\n<\/div>\n<\/div>\n<\/div>\n<\/div>\n\n\n\n<div class=\"wp-block-buttons is-layout-flex wp-block-buttons-is-layout-flex\">\n<div class=\"wp-block-button has-custom-font-size aligncenter has-poppins-font-family has-medium-font-size\" style=\"text-transform:uppercase\"><a class=\"wp-block-button__link has-background wp-element-button\" href=\"https:\/\/www.conftool.pro\/leird2023\/\" style=\"border-radius:6px;background-color:#023f66\" target=\"_blank\" rel=\"noreferrer noopener\"><strong>REGISTER NOW<\/strong><\/a><\/div>\n<\/div>\n\n\n\n<div class=\"wp-block-group is-content-justification-center is-layout-constrained wp-container-core-group-is-layout-9889761e wp-block-group-is-layout-constrained\" style=\"border-width:1px;padding-top:var(--wp--preset--spacing--50);padding-right:var(--wp--preset--spacing--50);padding-bottom:var(--wp--preset--spacing--50);padding-left:var(--wp--preset--spacing--50);font-size:15px\">\n<p style=\"font-size:18px\"><strong>Registration includes \/ La inscripci\u00f3n incluye:<\/strong><\/p>\n\n\n\n<ul class=\"wp-block-list\" style=\"font-size:14px\">\n<li>Conference proceedings \/ Memorias<\/li>\n\n\n\n<li>Conference plenaries and technical sessions<br>Plenarias y sesiones paralelas<\/li>\n<\/ul>\n<\/div>\n\n\n\n<p class=\"has-text-align-center\" style=\"font-size:15px\"><b>* The Student Fare applies to students participating in the LACCEI Student paper competition&nbsp;<\/b><em style=\"\"><b>\/<br>La tarifa estudiantil solo aplica para individuos que <\/b><\/em><strong><em>est\u00e1n participando en la competencias estudiantiles de LACCEI.<\/em><\/strong><br><mark style=\"background-color:rgba(0, 0, 0, 0);color:#ee0000\" class=\"has-inline-color\"><strong>Once the payment has been placed, please print and save the copy of the receipt. This one could be requested at the moment of registration.<\/strong><br><strong>Una vez realizado el pago, por favor imprima y conserve copia del recibo generado. Este podr\u00eda ser solicitado en el momento de registro.<\/strong><\/mark><\/p>\n\n\n\n<div class=\"wp-block-group is-layout-constrained wp-container-core-group-is-layout-19ea86c1 wp-block-group-is-layout-constrained\" style=\"border-width:1px;padding-top:var(--wp--preset--spacing--20);padding-right:var(--wp--preset--spacing--20);padding-bottom:var(--wp--preset--spacing--20);padding-left:var(--wp--preset--spacing--20);font-size:15px\">\n<p style=\"font-size:18px\"><strong>IMPORTANT INFORMATION FOR AUTHORS<\/strong><\/p>\n\n\n\n<ul class=\"wp-block-list\" style=\"font-size:14px\">\n<li>To be published in the Proceedings of&nbsp;<strong>LACCEI 2024<\/strong>, at least one author must register and pay the non-refundable registration fees.<\/li>\n\n\n\n<li>Full Refereed Papers and Work in progress require a conference registration (not a Student Registration).<\/li>\n\n\n\n<li>Student Competition submissions require at least one Student Registration, and must be presented by a student author, not the faculty mentor.<\/li>\n\n\n\n<li>One author registration includes the processing fee of one (1) refereed paper. Additional accepted refereed papers from the same author will be included in the program and proceedings at a cost of USD $75 paper processing fee each. This covers the cost of processing the paper for indexing.<\/li>\n\n\n\n<li><strong>There is a limit of 3 papers per author and 7 authors per paper.<\/strong><\/li>\n\n\n\n<li>LACCEI reserves the right to exclude a submission from the online proceedings if there is no paid registration for the full paper or work in progress paper.&nbsp;<strong>Student registration is valid only for student competition submissions.&nbsp;<\/strong>The submission must be presented to be published. In the event that no author can present, please contact webmaster@laccei.org prior to the conference to give alternatives.<\/li>\n<\/ul>\n\n\n\n<p style=\"font-size:18px\"><strong>IMPORTANTE INFORMACI\u00d3N PARA AUTORES<\/strong><\/p>\n\n\n\n<ul class=\"wp-block-list\" style=\"font-size:14px\">\n<li>Para ser publicado en las Memorias de la conferencia de&nbsp;<strong>LACCEI 2024<\/strong>, al menos uno de los autores del trabajo tiene que registrarse y pagar su registro a la conferencia el cual no es reembolsable.<\/li>\n\n\n\n<li>Escritos Arbitrados (Full papers) y Escritos cortos (Work in progress) requieren al menos una inscripci\u00f3n que no sea estudiantil.<\/li>\n\n\n\n<li>Trabajos sometidos a la Competencia Estudiantil requieren el registro de al menos uno de los autores del trabajo.Este registro y pago no debe ser del mentor de la facultad.<\/li>\n\n\n\n<li>Para autores con m\u00faltiples escritos arbitrados aceptados, una inscripci\u00f3n de autor es valida e incluye la publicaci\u00f3n de un (1) escrito. Por cada escrito adicional, sometido por el mismo autor, se debe cancelar un costo adicional de USD $75, valor que cubre el costo por procesar el escrito para su indexamiento.<\/li>\n\n\n\n<li><strong>Hay un limite de 3 escritos por autor y 7 autores por escrito<\/strong><\/li>\n\n\n\n<li>LACCEI se reserva el derecho de excluir un trabajo de la publicaci\u00f3n en l\u00ednea de las memorias si no se pag\u00f3 la inscripci\u00f3n.&nbsp;<strong>Inscripciones como estudiantes son validas solo para estudiantes que realizan la publicaci\u00f3n de trabajos para la Competencia Estudiantil.&nbsp;<\/strong>El paper debe ser presentado para que sea publicado. En el evento de que el autor no pueda presentar, porfavor contacte webmaster@laccei.org para recibir informaci\u00f3n acerce de las alternativas<\/li>\n<\/ul>\n<\/div>\n\n\n\n<h3 class=\"wp-block-heading has-text-align-center\" style=\"font-size:18px\"><strong>Early bird registration will be open on June 1<br>Registro temprano estar\u00e1 disponible el 1 de Junio<\/strong><\/h3>\n","protected":false},"excerpt":{"rendered":"<p>LACCEI 2024 Conference Information PageP\u00e1gina de Informaci\u00f3n para la Conferencia LACCEI 2024 Author &#8211; LACCEI member(Autor &#8211; Miembro LACCEI) Must register by Oct. 2 USD $300(Debe registrarse antes del 2 de Oct. USD $300) Registration after Oct. 3 USD $400(Registro luego del 3 de Oct. USD $400) For non-authors from an institution that is anactive [&hellip;]<\/p>\n","protected":false},"author":2,"featured_media":0,"parent":0,"menu_order":0,"comment_status":"closed","ping_status":"closed","template":"","meta":{"footnotes":""},"class_list":["post-46","page","type-page","status-publish","hentry"],"_links":{"self":[{"href":"https:\/\/laccei.org\/leird2024\/wp-json\/wp\/v2\/pages\/46","targetHints":{"allow":["GET"]}}],"collection":[{"href":"https:\/\/laccei.org\/leird2024\/wp-json\/wp\/v2\/pages"}],"about":[{"href":"https:\/\/laccei.org\/leird2024\/wp-json\/wp\/v2\/types\/page"}],"author":[{"embeddable":true,"href":"https:\/\/laccei.org\/leird2024\/wp-json\/wp\/v2\/users\/2"}],"replies":[{"embeddable":true,"href":"https:\/\/laccei.org\/leird2024\/wp-json\/wp\/v2\/comments?post=46"}],"version-history":[{"count":19,"href":"https:\/\/laccei.org\/leird2024\/wp-json\/wp\/v2\/pages\/46\/revisions"}],"predecessor-version":[{"id":731,"href":"https:\/\/laccei.org\/leird2024\/wp-json\/wp\/v2\/pages\/46\/revisions\/731"}],"wp:attachment":[{"href":"https:\/\/laccei.org\/leird2024\/wp-json\/wp\/v2\/media?parent=46"}],"curies":[{"name":"wp","href":"https:\/\/api.w.org\/{rel}","templated":true}]}}