{"id":443,"date":"2023-06-03T14:37:47","date_gmt":"2023-06-03T14:37:47","guid":{"rendered":"https:\/\/laccei.org\/leird2024\/?page_id=443"},"modified":"2024-08-31T11:25:25","modified_gmt":"2024-08-31T11:25:25","slug":"student-competition-spanish","status":"publish","type":"page","link":"https:\/\/laccei.org\/leird2024\/student-competition-spanish\/","title":{"rendered":"Student competition Spanish"},"content":{"rendered":"\n<p class=\"has-text-align-right\" style=\"font-size:12px\">For English, click&nbsp;<a href=\"https:\/\/laccei.org\/leird2024\/student\/\" data-type=\"page\" data-id=\"40\">HERE<\/a><\/p>\n\n\n\n<p class=\"has-text-align-center\"><strong>Competencia de Proyectos Estudiantiles de Emprendimiento e Innovaci\u00f3n (E&amp;I24)<br><\/strong><em><s>Fecha l\u00edmite para primera fase: 30 de agosto<\/s><\/em><br><em>Fecha l\u00edmite para primera fase: 16 de septiembre<\/em><\/p>\n\n\n\n<p style=\"font-size:15px\">Este certamen tiene como objetivo motivar el esp\u00edritu emprendedor entre los estudiantes universitarios y estimular el logro de sus objetivos acad\u00e9micos mediante el desarrollo de proyectos de emprendimiento innovadores. El concurso consta de tres fases:<\/p>\n\n\n\n<ul class=\"wp-block-list\">\n<li>En la Fase 1 debe presentar un proyecto a trav\u00e9s de un f<a href=\"https:\/\/forms.gle\/T2L6CwPtgDBK4U9C9\" data-type=\"link\" data-id=\"https:\/\/forms.gle\/T2L6CwPtgDBK4U9C9\">ormulario web: click aqu<\/a>\u00ed. Se seleccionar\u00e1n los 10 mejores y pasaran a la Fase 2. Plantilla para presentar <a href=\"https:\/\/laccei.org\/LACCEI_uploads\/LEIRD_2024_Student-Competition.docx\" data-type=\"link\" data-id=\"https:\/\/laccei.org\/LACCEI_uploads\/LEIRD_2024_Student-Competition.docx\">proyecto: click aqu\u00ed<\/a>.<\/li>\n\n\n\n<li>La Fase 2 es un proceso de preincubaci\u00f3n de 8 semanas (Octubre y Noviembre).<\/li>\n\n\n\n<li>En la Fase 3 presentaran un documento resumen de sus avances en el proceso de preincubaci\u00f3n, un video del pitch de la soluci\u00f3n y la presentaci\u00f3n ante el jurado durante la sesi\u00f3n (virtual) del LEIRD 2024.<\/li>\n<\/ul>\n\n\n\n<figure class=\"wp-block-image aligncenter size-full is-resized\"><img loading=\"lazy\" decoding=\"async\" width=\"832\" height=\"477\" src=\"https:\/\/laccei.org\/leird2024\/wp-content\/uploads\/sites\/6\/2024\/08\/image.png\" alt=\"\" class=\"wp-image-748\" style=\"width:472px;height:auto\" srcset=\"https:\/\/laccei.org\/leird2024\/wp-content\/uploads\/sites\/6\/2024\/08\/image.png 832w, https:\/\/laccei.org\/leird2024\/wp-content\/uploads\/sites\/6\/2024\/08\/image-300x172.png 300w, https:\/\/laccei.org\/leird2024\/wp-content\/uploads\/sites\/6\/2024\/08\/image-768x440.png 768w\" sizes=\"auto, (max-width: 832px) 100vw, 832px\" \/><\/figure>\n\n\n\n<p style=\"font-size:15px\"><\/p>\n\n\n\n<p style=\"font-size:15px\"><strong>REGLAS<\/strong><\/p>\n\n\n\n<ul class=\"wp-block-list\">\n<li><strong>PARTICIPANTES<\/strong>: Equipos de cuatro o cinco estudiantes universitarios de pregrado activos que pueden ser de diferentes disciplinas o especializaciones, se recomienda tener equidad de g\u00e9nero. Deben estar respaldados por un mentor que sea profesor en la instituci\u00f3n donde est\u00e1 inscrito el estudiante l\u00edder.<\/li>\n\n\n\n<li><strong>TIPOS DE PROYECTOS (Fase 1):<\/strong> Cualquier proyecto de emprendimiento innovador, incluidos aquellos con impacto ambiental, social o comunitario, puede ser presentado al Certamen. Los proyectos o soluciones deben responder a por lo menos 2 o 3 <a href=\"https:\/\/www.un.org\/sustainabledevelopment\/es\/objetivos-de-desarrollo-sostenible\/\">Objetivos de Desarrollo Sostenible (ODS)<\/a>. Enviar el proyecto a trav\u00e9s de un formulario web y adjuntar en el <a href=\"https:\/\/forms.gle\/T2L6CwPtgDBK4U9C9\" data-type=\"link\" data-id=\"https:\/\/forms.gle\/T2L6CwPtgDBK4U9C9\">formulario web el proyecto <\/a>de acuerdo con esta <a href=\"https:\/\/laccei.org\/LACCEI_uploads\/LEIRD_2024_Student-Competition.docx\" data-type=\"link\" data-id=\"https:\/\/laccei.org\/LACCEI_uploads\/LEIRD_2024_Student-Competition.docx\">plantilla o template: click aqu\u00ed<\/a>.<\/li>\n<\/ul>\n\n\n\n<ul class=\"wp-block-list\">\n<li><strong>TRABAJO ESCRITO Y V\u00cdDEO (Fase 2):<\/strong> El proyecto se presentar\u00e1 mediante estos dos componentes en ingl\u00e9s o espa\u00f1ol. La evaluaci\u00f3n se llevar\u00e1 a cabo en los meses de octubre y noviembre de los 10 mejores proyectos seleccionados en septiembre, en la primera Fase. El jurado evaluar\u00e1 el video y el proyecto.<\/li>\n<\/ul>\n\n\n\n<ul class=\"wp-block-list\">\n<li><strong>PRESENTACI\u00d3N (Fase 3): <\/strong>El mi\u00e9rcoles 4 de diciembre, en LEIRD, el jurado tendr\u00e1 las respuestas a las preguntas en vivo y junto con las presentaciones se seleccionar\u00e1n los ganadores.<\/li>\n<\/ul>\n\n\n\n<p style=\"font-size:15px\"><strong>EL JURADO<\/strong><\/p>\n\n\n\n<p style=\"font-size:15px\">Grupo de profesores y\/o emprendedores designados por el <a href=\"https:\/\/laccei.org\/entrepreneurship-and-innovation\/\" data-type=\"link\" data-id=\"https:\/\/laccei.org\/entrepreneurship-and-innovation\/\">Comit\u00e9 de Emprendimiento e Innovaci\u00f3n (CIPEI) de LACCEI.<\/a><\/p>\n\n\n\n<p style=\"font-size:15px\"><strong>GANADORES<\/strong><\/p>\n\n\n\n<p style=\"font-size:15px\">Para los tres mejores proyectos:<\/p>\n\n\n\n<ul style=\"font-size:15px\" class=\"wp-block-list\">\n<li><strong>Primero<\/strong>: USD 500 para el equipo del proyecto e inscripciones gratuitas a los miembros para participar virtualmente en la conferencia LEIRD 2024. De forma opcional recibir\u00e1n mentor\u00eda especializada por parte de miembros de CIPEI para el desarrollo de su iniciativa emprendedora.<\/li>\n\n\n\n<li><strong>Segundo<\/strong>: USD 300 para el equipo del proyecto e inscripciones gratuitas a los miembros para participar virtualmente en la conferencia LEIRD 2024. De forma opcional recibir\u00e1n mentor\u00eda especializada por parte de miembros de CIPEI para el desarrollo de su iniciativa emprendedora.<\/li>\n\n\n\n<li><strong>Tercero<\/strong>: USD 200 para el equipo del proyecto e inscripciones gratuitas a los miembros para participar virtualmente en la conferencia LEIRD 2024. De forma opcional recibir\u00e1n mentor\u00eda especializada por parte de miembros de CIPEI para el desarrollo de su iniciativa emprendedora.<\/li>\n<\/ul>\n\n\n\n<p style=\"font-size:15px\">Todos los clasificados (solo 10) para participar en la Fase 2 as\u00ed como la instituci\u00f3n a la que representan recibir\u00e1n un diploma de reconocimiento.  El proceso de Incubaci\u00f3n ser\u00e1 realizado por el <a href=\"https:\/\/laccei.org\/entrepreneurship-and-innovation\/\" data-type=\"link\" data-id=\"https:\/\/laccei.org\/entrepreneurship-and-innovation\/\">CIPEI<\/a> y <a href=\"https:\/\/www.utb.edu.co\/vida-en-el-campus\/laboratorio-de-creatividad-e-innovacion-el-patio\/el-patio\/\" data-type=\"link\" data-id=\"https:\/\/www.utb.edu.co\/vida-en-el-campus\/laboratorio-de-creatividad-e-innovacion-el-patio\/el-patio\/\">Laboratorio de Creatividad e Innovaci\u00f3n El Patio de la UTB<\/a>.<\/p>\n\n\n\n<p style=\"font-size:15px\"><strong>CRITERIOS DE EVALUACI\u00d3N<\/strong><\/p>\n\n\n\n<ul class=\"wp-block-list\">\n<li>Problema o necesidad: 20%<\/li>\n\n\n\n<li>Soluci\u00f3n: 15%<\/li>\n\n\n\n<li>Innovaci\u00f3n: 20%<\/li>\n\n\n\n<li>Impacto: 20 %<\/li>\n\n\n\n<li>Factibilidad: 15%<\/li>\n\n\n\n<li>Evaluaci\u00f3n en general: 10%<\/li>\n<\/ul>\n\n\n\n<p style=\"font-size:15px\">Para ver la descripci\u00f3n de cada criterio, por favor <a href=\"https:\/\/laccei.org\/LACCEI_uploads\/CRITERIOS-EVALUACION_FASE1(LEIRD2024).pdf\" data-type=\"link\" data-id=\"https:\/\/laccei.org\/LACCEI_uploads\/CRITERIOS-EVALUACION_FASE1(LEIRD2024).pdf\">haga click aqu\u00ed<\/a>. <\/p>\n\n\n\n<p style=\"font-size:15px\"><strong>CALENDARIO 2024<\/strong><\/p>\n\n\n\n<ul style=\"font-size:15px\" class=\"wp-block-list\">\n<li><s>Plazo de env\u00edo del trabajo escrito Fase 1 \u2013 30 de agosto de 2024<\/s><\/li>\n\n\n\n<li>Plazo de env\u00edo del trabajo escrito Fase 1 \u2013 16 de septiembre de 2024<\/li>\n\n\n\n<li>Publicaci\u00f3n de evaluaci\u00f3n de los trabajos escritos (Fase 1) \u2013 30 de septiembre de 2024\n<ul class=\"wp-block-list\">\n<li>Selecci\u00f3n de los 10 mejores.<\/li>\n<\/ul>\n<\/li>\n\n\n\n<li>Proceso de preincubaci\u00f3n 10 mejores (Fase 2) 30 septiembre a noviembre 30 de 2024<\/li>\n\n\n\n<li>Presentaci\u00f3n modelo de preincubaci\u00f3n y video pitch (Fase 3) diciembre 2 de 2024<\/li>\n\n\n\n<li>Presentaci\u00f3n final 4 diciembre 2024<\/li>\n<\/ul>\n\n\n\n<figure class=\"wp-block-image aligncenter size-full is-resized\"><img loading=\"lazy\" decoding=\"async\" width=\"896\" height=\"552\" src=\"https:\/\/laccei.org\/leird2024\/wp-content\/uploads\/sites\/6\/2024\/08\/image-1.png\" alt=\"\" class=\"wp-image-753\" style=\"width:499px;height:auto\" srcset=\"https:\/\/laccei.org\/leird2024\/wp-content\/uploads\/sites\/6\/2024\/08\/image-1.png 896w, https:\/\/laccei.org\/leird2024\/wp-content\/uploads\/sites\/6\/2024\/08\/image-1-300x185.png 300w, https:\/\/laccei.org\/leird2024\/wp-content\/uploads\/sites\/6\/2024\/08\/image-1-768x473.png 768w\" sizes=\"auto, (max-width: 896px) 100vw, 896px\" \/><\/figure>\n\n\n\n<p style=\"font-size:15px\">Haga clic&nbsp;<a href=\"https:\/\/forms.gle\/T2L6CwPtgDBK4U9C9\" data-type=\"URL\" data-id=\"https:\/\/www.conftool.pro\/leird2023\/\" target=\"_blank\" rel=\"noreferrer noopener\"><strong>AQUI<\/strong><\/a>&nbsp;para ir al formulario web donde se env\u00eda el proyecto (Fase 1). La plantilla o template para el proyecto a presentar, lo puede <a href=\"https:\/\/laccei.org\/LACCEI_uploads\/LEIRD_2024_Student-Competition.docx\" data-type=\"link\" data-id=\"https:\/\/laccei.org\/LACCEI_uploads\/LEIRD_2024_Student-Competition.docx\">descargar en este link<\/a>.<\/p>\n\n\n\n<p><a rel=\"noreferrer noopener\" href=\"https:\/\/twitter.com\/laccei\" target=\"_blank\"><\/a><\/p>\n","protected":false},"excerpt":{"rendered":"<p>For English, click&nbsp;HERE Competencia de Proyectos Estudiantiles de Emprendimiento e Innovaci\u00f3n (E&amp;I24)Fecha l\u00edmite para primera fase: 30 de agostoFecha l\u00edmite para primera fase: 16 de septiembre Este certamen tiene como objetivo motivar el esp\u00edritu emprendedor entre los estudiantes universitarios y estimular el logro de sus objetivos acad\u00e9micos mediante el desarrollo de proyectos de emprendimiento innovadores. [&hellip;]<\/p>\n","protected":false},"author":1,"featured_media":0,"parent":0,"menu_order":0,"comment_status":"closed","ping_status":"closed","template":"","meta":{"footnotes":""},"class_list":["post-443","page","type-page","status-publish","hentry"],"_links":{"self":[{"href":"https:\/\/laccei.org\/leird2024\/wp-json\/wp\/v2\/pages\/443","targetHints":{"allow":["GET"]}}],"collection":[{"href":"https:\/\/laccei.org\/leird2024\/wp-json\/wp\/v2\/pages"}],"about":[{"href":"https:\/\/laccei.org\/leird2024\/wp-json\/wp\/v2\/types\/page"}],"author":[{"embeddable":true,"href":"https:\/\/laccei.org\/leird2024\/wp-json\/wp\/v2\/users\/1"}],"replies":[{"embeddable":true,"href":"https:\/\/laccei.org\/leird2024\/wp-json\/wp\/v2\/comments?post=443"}],"version-history":[{"count":19,"href":"https:\/\/laccei.org\/leird2024\/wp-json\/wp\/v2\/pages\/443\/revisions"}],"predecessor-version":[{"id":794,"href":"https:\/\/laccei.org\/leird2024\/wp-json\/wp\/v2\/pages\/443\/revisions\/794"}],"wp:attachment":[{"href":"https:\/\/laccei.org\/leird2024\/wp-json\/wp\/v2\/media?parent=443"}],"curies":[{"name":"wp","href":"https:\/\/api.w.org\/{rel}","templated":true}]}}