{"id":29,"date":"2023-03-11T03:02:19","date_gmt":"2023-03-11T03:02:19","guid":{"rendered":"https:\/\/laccei.org\/leird2024\/?page_id=29"},"modified":"2024-10-01T11:05:48","modified_gmt":"2024-10-01T11:05:48","slug":"authors","status":"publish","type":"page","link":"https:\/\/laccei.org\/leird2024\/authors\/","title":{"rendered":"Authors"},"content":{"rendered":"\n<p style=\"font-size:18px\"><strong>Important documents:<\/strong><\/p>\n\n\n\n<ul class=\"wp-block-list\">\n<li><s>Paper template (English): FP, and WP (Before review) &amp; Paper template (En espa\u00f1ol): FP, and WP (Antes de revisi\u00f3n)<\/s>\n<ul class=\"wp-block-list\">\n<li><s>Remove ALL forms of identification (authors names, emails, and affiliations) to ensure double-blind review. Only PDF.<\/s><\/li>\n<\/ul>\n<\/li>\n\n\n\n<li>Checklist paper: before submitting it through the ConfTool (English): <a href=\"https:\/\/laccei.org\/LACCEI_uploads\/Checklist-LACCEI_LEIRD-English.pdf\" data-type=\"link\" data-id=\"https:\/\/laccei.org\/LACCEI_uploads\/Checklist-LACCEI_LEIRD-English.pdf\" target=\"_blank\" rel=\"noreferrer noopener\">click here.<\/a><\/li>\n\n\n\n<li>Checklist para paper antes de enviar en ConfTool (Espa\u00f1ol): <a href=\"https:\/\/laccei.org\/LACCEI_uploads\/Checklist-LACCEI_LEIRD-Spanish.pdf\" data-type=\"link\" data-id=\"https:\/\/laccei.org\/LACCEI_uploads\/Checklist-LACCEI_LEIRD-Spanish.pdf\" target=\"_blank\" rel=\"noreferrer noopener\">click here<\/a>.<\/li>\n\n\n\n<li><a href=\"https:\/\/laccei.org\/LACCEI_uploads\/LEIRDTemplate2024-AFTER_Accepted-Phase-02.doc\">Accepted paper template in english: click here<\/a> &amp; <a href=\"https:\/\/laccei.org\/LACCEI_uploads\/LEIRDTemplate2024-Despues_Aceptado-SPANISH-Fase-02.doc\" data-type=\"link\" data-id=\"https:\/\/laccei.org\/LACCEI_uploads\/LEIRDTemplate2024-Before_Peer_Review-SPANISH.doc\">Plantilla (template) del paper aceptado en espa\u00f1ol<\/a>\n<ul class=\"wp-block-list\">\n<li>Only accepted (FP and WP)<\/li>\n\n\n\n<li>You must include the forms of identification removed in the previous version (authors&#8217; names, emails and affiliations) and the comments\/suggestions of the reviewers. PDF only.<\/li>\n<\/ul>\n<\/li>\n\n\n\n<li><a href=\"https:\/\/docs.google.com\/presentation\/d\/1caPiXE7rwCVWeVk10FFrUxp4YL4n5rTbzmjtSUh-cn8\/edit#slide=id.p\">Submit your Paper<\/a><\/li>\n\n\n\n<li><a href=\"https:\/\/laccei.org\/LACCEI_uploads\/Presentation-LEIRD-2024.pptx\">Presentation Template<\/a><\/li>\n\n\n\n<li><a href=\"https:\/\/laccei.org\/LACCEI_uploads\/How_to_convert_slides_in_a_video.pps\">How to convert slides into videos<\/a> (max. 8 min.)<\/li>\n\n\n\n<li><a href=\"https:\/\/docs.google.com\/presentation\/d\/101CzkWGUTdJYGNmCJLY30nQn5ggdcHUjTgboiRGxdxs\/edit#slide=id.p\">Submit the Final Version<\/a><\/li>\n\n\n\n<li><a href=\"https:\/\/laccei.org\/LACCEI_uploads\/Poster-LEIRD-2024-WP_and_SP.ppt\">Poster Template (WP and SP)<\/a><\/li>\n<\/ul>\n\n\n\n<p style=\"font-size:18px\"><strong>IMPORTANT INFORMATION FOR AUTHORS<\/strong><\/p>\n\n\n\n<ol style=\"font-size:15px\" class=\"wp-block-list\">\n<li><strong>LEIRD<\/strong>&nbsp;accepts papers written in English, Spanish, Portuguese, or French not exceeding 6 to 10 pages for full papers (FP) and 2 to 5 pages for work in progress (WP).<\/li>\n\n\n\n<li>Papers should be submitted in PDF in conformance with the&nbsp;<strong>LEIRD<\/strong>&nbsp;paper format. To download the paper template, please click&nbsp;<strong><a href=\"https:\/\/laccei.org\/LACCEI_uploads\/LEIRDTemplate2024-Before_Peer_Review.doc\" target=\"_blank\" rel=\"noreferrer noopener\">HERE<\/a><\/strong>.<\/li>\n\n\n\n<li>There is a limit of 3 papers per author and 7 authors per paper.<\/li>\n\n\n\n<li>To be included in the Conference program and published in the Proceedings of&nbsp;<strong>LEIRD 2024<\/strong>, the non-refundable registration of at least one author (not a Student Registration) is required.<\/li>\n\n\n\n<li>One author registration includes the processing fee of one paper. Additional accepted refereed papers from the same author will be included in the program and the Proceedings of&nbsp;<strong>LEIRD 2024<\/strong>&nbsp;at a&nbsp;<a href=\"https:\/\/dev.laccei.org\/backup_old_site\/paper-fee-payment\/\">cost of USD $75 paper processing fee each<\/a>.<\/li>\n\n\n\n<li><strong>LEIRD<\/strong>&nbsp;reserves the right to exclude a submission from the proceedings if there is no paid registration associated with the full paper or work in progress paper. In the event that no author can present, or for any clarification needed please contact&nbsp;<a href=\"mailto:leird@laccei.org\" target=\"_blank\" rel=\"noreferrer noopener\">leird@laccei.org<\/a>&nbsp;prior to the conference.<\/li>\n\n\n\n<li>Student Competition submissions require at least one author registration (not the faculty mentor) and must be presented by a student author. Please refer to the Rules of the Entrepreneurship and Innovation Student Competition (E&amp;I24), please click&nbsp;<strong><a href=\"https:\/\/laccei.org\/leird2024\/student\/\" target=\"_blank\" rel=\"noreferrer noopener\">HERE<\/a><\/strong>.<\/li>\n\n\n\n<li><strong>LEIRD<\/strong>&nbsp;Proceedings are a free open access publication, this requires that, once the paper is accepted, the first-named author consent through an electronic copyright assignment agreement.<\/li>\n<\/ol>\n\n\n\n<p style=\"font-size:15px\"><strong>INFORMACI\u00d3N IMPORTANTE PARA AUTORES<\/strong><\/p>\n\n\n\n<ol style=\"font-size:15px\" class=\"wp-block-list\">\n<li><strong>LEIRD<\/strong>&nbsp;acepta trabajos en ingl\u00e9s, espa\u00f1ol, portugu\u00e9s o franc\u00e9s que no excedan de 6 a&nbsp;10 p\u00e1ginas para art\u00edculos largos (full papers-FP) y de 2 a 5 p\u00e1ginas para art\u00edculos cortos&nbsp;(work in progress-WP).<\/li>\n\n\n\n<li>Los trabajos deben enviarse en PDF en el formato establecido por&nbsp;<strong>LEIRD<\/strong>. Para&nbsp;descargar el formato, haga clic&nbsp;<strong><a href=\"https:\/\/laccei.org\/LACCEI_uploads\/LEIRDTemplate2024-Before_Peer_Review.doc\" data-type=\"link\" data-id=\"https:\/\/laccei.org\/LACCEI_uploads\/LEIRDTemplate2024-Before_Peer_Review.doc\" target=\"_blank\" rel=\"noreferrer noopener\">AQU\u00cd<\/a>.<\/strong><\/li>\n\n\n\n<li>Hay un l\u00edmite de 3 trabajos por autor y 7 autores por trabajo.<\/li>\n\n\n\n<li>Para ser incluido en el programa de la Conferencia y publicado en las Actas de&nbsp;<strong>LEIRD&nbsp;<\/strong><strong>2024<\/strong> se requiere el registro no reembolsable de al menos un autor (no un Registro&nbsp;de Estudiante).<\/li>\n\n\n\n<li>La inscripci\u00f3n de un autor en la conferencia le da derecho al procesamiento de un&nbsp;art\u00edculo. Trabajos adicionales del mismo autor que sean aceptados podr\u00e1n incluirse&nbsp;en el programa de la Conferencia y en las memorias de&nbsp;<strong>LEIRD 2024<\/strong>&nbsp;mediante un costo&nbsp;adicional de&nbsp;<a href=\"https:\/\/dev.laccei.org\/backup_old_site\/paper-fee-payment\/\">USD $ 75 cada uno<\/a>&nbsp;para cubrir los costos de procesamiento.<\/li>\n\n\n\n<li><strong>LEIRD<\/strong>&nbsp;se reserva el derecho de no incluir la presentaci\u00f3n de un trabajo en el&nbsp;programa de la conferencia o de no publicarlo si no se efect\u00faan los pagos que&nbsp;corresponden. En el caso de que ning\u00fan autor pueda presentar el trabajo o de ser necesaria cualquier aclaraci\u00f3n, se recomienda ponerse en contacto anticipadamente&nbsp;con la administraci\u00f3n de la conferencia mediante&nbsp;<a href=\"mailto:leird@laccei.org\" data-type=\"mailto\" data-id=\"mailto:leird2023@conftool.pro\" target=\"_blank\" rel=\"noreferrer noopener\">leird@laccei.org<\/a>.<\/li>\n\n\n\n<li>Los trabajos sometidos al Certamen Estudiantil requieren la inscripci\u00f3n de al menos&nbsp;uno de sus autores (no del profesor mentor) y debe ser presentada por un estudiante&nbsp;autor. Refi\u00e9rase a las Reglas del Certamen Estudiantil de Proyectos de&nbsp;Emprendimiento e Innovaci\u00f3n, por favor de clic&nbsp;<strong><a href=\"https:\/\/laccei.org\/leird2024\/student-competition-spanish\/\" target=\"_blank\" rel=\"noreferrer noopener\">AQUI<\/a><\/strong>.<\/li>\n\n\n\n<li>Las Memorias de&nbsp;<strong>LEIRD 2024<\/strong>&nbsp;son una publicaci\u00f3n gratuita de acceso abierto, esto&nbsp;requiere que, una vez aceptado el art\u00edculo, el autor nombrado en primer lugar d\u00e9 el&nbsp;consentimiento para publicar a trav\u00e9s de un acuerdo electr\u00f3nico de cesi\u00f3n de&nbsp;derechos de autor.<\/li>\n<\/ol>\n","protected":false},"excerpt":{"rendered":"<p>Important documents: IMPORTANT INFORMATION FOR AUTHORS INFORMACI\u00d3N IMPORTANTE PARA AUTORES<\/p>\n","protected":false},"author":2,"featured_media":0,"parent":0,"menu_order":0,"comment_status":"closed","ping_status":"closed","template":"","meta":{"footnotes":""},"class_list":["post-29","page","type-page","status-publish","hentry"],"_links":{"self":[{"href":"https:\/\/laccei.org\/leird2024\/wp-json\/wp\/v2\/pages\/29","targetHints":{"allow":["GET"]}}],"collection":[{"href":"https:\/\/laccei.org\/leird2024\/wp-json\/wp\/v2\/pages"}],"about":[{"href":"https:\/\/laccei.org\/leird2024\/wp-json\/wp\/v2\/types\/page"}],"author":[{"embeddable":true,"href":"https:\/\/laccei.org\/leird2024\/wp-json\/wp\/v2\/users\/2"}],"replies":[{"embeddable":true,"href":"https:\/\/laccei.org\/leird2024\/wp-json\/wp\/v2\/comments?post=29"}],"version-history":[{"count":39,"href":"https:\/\/laccei.org\/leird2024\/wp-json\/wp\/v2\/pages\/29\/revisions"}],"predecessor-version":[{"id":820,"href":"https:\/\/laccei.org\/leird2024\/wp-json\/wp\/v2\/pages\/29\/revisions\/820"}],"wp:attachment":[{"href":"https:\/\/laccei.org\/leird2024\/wp-json\/wp\/v2\/media?parent=29"}],"curies":[{"name":"wp","href":"https:\/\/api.w.org\/{rel}","templated":true}]}}