{"id":559,"date":"2023-09-28T10:32:55","date_gmt":"2023-09-28T10:32:55","guid":{"rendered":"https:\/\/laccei.org\/leird2023\/?page_id=559"},"modified":"2023-10-11T09:02:30","modified_gmt":"2023-10-11T09:02:30","slug":"ii-siilmi","status":"publish","type":"page","link":"https:\/\/laccei.org\/leird2023\/ii-siilmi\/","title":{"rendered":"II SIILMI"},"content":{"rendered":"\n<h3 class=\"wp-block-heading has-text-align-center\"><strong>Segundo Simposio de Investigaci\u00f3n e Innovaci\u00f3n Latinoamericano \u201cMujeres en Ingenier\u00eda\u201d &#8211; II SIILMI<\/strong><br>(<em>Deadline 20 de octubre de 2023<\/em>)<\/h3>\n\n\n\n<figure class=\"wp-block-image aligncenter size-full\"><img loading=\"lazy\" decoding=\"async\" width=\"794\" height=\"168\" src=\"https:\/\/laccei.org\/leird2023\/wp-content\/uploads\/sites\/4\/2023\/09\/WhatsApp-Image-2023-09-28-at-19.08.22-1.jpeg\" alt=\"\" class=\"wp-image-567\" srcset=\"https:\/\/laccei.org\/leird2023\/wp-content\/uploads\/sites\/4\/2023\/09\/WhatsApp-Image-2023-09-28-at-19.08.22-1.jpeg 794w, https:\/\/laccei.org\/leird2023\/wp-content\/uploads\/sites\/4\/2023\/09\/WhatsApp-Image-2023-09-28-at-19.08.22-1-300x63.jpeg 300w, https:\/\/laccei.org\/leird2023\/wp-content\/uploads\/sites\/4\/2023\/09\/WhatsApp-Image-2023-09-28-at-19.08.22-1-768x162.jpeg 768w\" sizes=\"auto, (max-width: 794px) 100vw, 794px\" \/><\/figure>\n\n\n\n<p>El <strong>Segundo Simposio de Investigaci\u00f3n e Innovaci\u00f3n Latinoamericano \u201cMujeres en Ingenier\u00eda\u201d &#8211; II SIILMI<\/strong>, es un evento organizado por el Comit\u00e9 de Investigaci\u00f3n de la <strong>C\u00e1tedra Abierta Latinoamericana Matilda y las Mujeres en Ingenier\u00eda<\/strong> (CAL-Matilda) y se realizar\u00e1 el <strong>4 de diciembre de 2023<\/strong> en modalidad virtual.<\/p>\n\n\n\n<p>\u200bPor invitaci\u00f3n de LACCEI, II SIILMI se realizar\u00e1 en el marco de la LACCEI <strong>Multiconferencia Internacional sobre Emprendimiento, Innovaci\u00f3n y Desarrollo Regional (LEIRD 2023)<\/strong>. La asistencia al simposio es gratuita.<\/p>\n\n\n\n<p><strong>II SIILMI<\/strong> busca generar un espacio de comunicaci\u00f3n y de construcci\u00f3n del conocimiento de investigaciones e innovaciones que aborden estrategias para lograr la igualdad de derechos, oportunidades y espacios de las mujeres en el \u00e1mbito acad\u00e9mico y profesional de las ingenier\u00edas, de igual forma, que propendan por el fortalecimiento del fomento de las vocaciones por la ingenier\u00eda en las ni\u00f1as y las j\u00f3venes de Latinoam\u00e9rica y el Caribe.&nbsp;\u200bLos ejes tem\u00e1ticos son:<\/p>\n\n\n\n<ul class=\"wp-block-list\">\n<li>\u00c1mbito acad\u00e9mico<\/li>\n\n\n\n<li>\u00c1mbito profesional<\/li>\n\n\n\n<li>Vocaciones en ni\u00f1as<\/li>\n\n\n\n<li>Vocaciones en j\u00f3venes<\/li>\n<\/ul>\n\n\n\n<p>II SIILMI acepta trabajos en espa\u00f1ol o en ingl\u00e9s que no excedan de <strong>6 a 10 p\u00e1ginas para art\u00edculos largos<\/strong> (full papers-FP) y de <strong>2 a 5 p\u00e1ginas para art\u00edculos cortos<\/strong> (work in progress-WP). Todos los trabajos deben cumplir las normas informadas en <a href=\"https:\/\/laccei.org\/leird2023\/\">https:\/\/laccei.org\/leird2023\/<\/a>. La fecha l\u00edmite de env\u00edo de trabajos es el <strong>20 de octubre de 2023<\/strong> <s>(<strong>10 de octubre de 2023)<\/strong><\/s><strong>.<\/strong> Para subir su contribuci\u00f3n (art\u00edculo), hacerlo en nuestro sistema ConfTool:<br><a href=\"https:\/\/www.conftool.pro\/leird2023\/\"><mark style=\"background-color:#85dafe\" class=\"has-inline-color\">https:\/\/www.conftool.pro\/leird2023\/<\/mark><\/a><\/p>\n\n\n\n<p>Los art\u00edculos de investigaci\u00f3n y de innovaciones aceptados y presentados en el <strong>II SIILMI <\/strong>ser\u00e1n publicados en el <strong><u>repositorio de LACCEI<\/u><\/strong>&nbsp;de forma gratuita.<\/p>\n\n\n\n<p>Se puede optar por presentar los trabajos completos aceptados para publicaci\u00f3n en <strong>proceedings de LEIRD<\/strong> <strong>(indexado en Scopus) <\/strong>con los siguientes costos:<\/p>\n\n\n\n<ul class=\"wp-block-list\">\n<li>Investigador afiliado a instituci\u00f3n miembro LACCEI: <strong>200 USD<\/strong><\/li>\n\n\n\n<li>Investigador de instituci\u00f3n NO miembro LACCEI : <strong>250 USD<\/strong><\/li>\n<\/ul>\n\n\n\n<p>*Argentinos pueden pagar en pesos, siempre y cuando el autor\/a y los coautores tengan afiliaci\u00f3n de Argentina Para m\u00e1s informaci\u00f3n, consulte la p\u00e1gina <a href=\"https:\/\/www.siilmi-catedramatilda.com\/\"><mark style=\"background-color:#85dafe\" class=\"has-inline-color\">https:\/\/www.siilmi-catedramatilda.com\/<\/mark><\/a><\/p>\n","protected":false},"excerpt":{"rendered":"<p>Segundo Simposio de Investigaci\u00f3n e Innovaci\u00f3n Latinoamericano \u201cMujeres en Ingenier\u00eda\u201d &#8211; II SIILMI(Deadline 20 de octubre de 2023) El Segundo Simposio de Investigaci\u00f3n e Innovaci\u00f3n Latinoamericano \u201cMujeres en Ingenier\u00eda\u201d &#8211; II SIILMI, es un evento organizado por el Comit\u00e9 de Investigaci\u00f3n de la C\u00e1tedra Abierta Latinoamericana Matilda y las Mujeres en Ingenier\u00eda (CAL-Matilda) y se [&hellip;]<\/p>\n","protected":false},"author":1,"featured_media":0,"parent":0,"menu_order":0,"comment_status":"closed","ping_status":"closed","template":"","meta":{"footnotes":""},"class_list":["post-559","page","type-page","status-publish","hentry"],"_links":{"self":[{"href":"https:\/\/laccei.org\/leird2023\/wp-json\/wp\/v2\/pages\/559","targetHints":{"allow":["GET"]}}],"collection":[{"href":"https:\/\/laccei.org\/leird2023\/wp-json\/wp\/v2\/pages"}],"about":[{"href":"https:\/\/laccei.org\/leird2023\/wp-json\/wp\/v2\/types\/page"}],"author":[{"embeddable":true,"href":"https:\/\/laccei.org\/leird2023\/wp-json\/wp\/v2\/users\/1"}],"replies":[{"embeddable":true,"href":"https:\/\/laccei.org\/leird2023\/wp-json\/wp\/v2\/comments?post=559"}],"version-history":[{"count":7,"href":"https:\/\/laccei.org\/leird2023\/wp-json\/wp\/v2\/pages\/559\/revisions"}],"predecessor-version":[{"id":579,"href":"https:\/\/laccei.org\/leird2023\/wp-json\/wp\/v2\/pages\/559\/revisions\/579"}],"wp:attachment":[{"href":"https:\/\/laccei.org\/leird2023\/wp-json\/wp\/v2\/media?parent=559"}],"curies":[{"name":"wp","href":"https:\/\/api.w.org\/{rel}","templated":true}]}}