{"id":625,"date":"2023-09-27T10:35:39","date_gmt":"2023-09-27T10:35:39","guid":{"rendered":"https:\/\/laccei.org\/laccei2026\/?page_id=625"},"modified":"2025-09-30T22:42:15","modified_gmt":"2025-09-30T22:42:15","slug":"visas","status":"publish","type":"page","link":"https:\/\/laccei.org\/laccei2026\/visas\/","title":{"rendered":"Visas Chile"},"content":{"rendered":"\n<p>La p\u00e1gina web oficial del Servicio Nacional de Migraci\u00f3n de Chile (en espa\u00f1ol)<\/p>\n\n\n\n<p class=\"has-text-align-center\"><a href=\"https:\/\/serviciomigraciones.cl\/permanencia-transitoria\/subcategorias\/turistas\">https:\/\/serviciomigraciones.cl\/permanencia-transitoria\/subcategorias\/turistas<\/a><\/p>\n\n\n\n<p><em>The official website of the Chilean National Immigration Service (in English)<\/em>:<\/p>\n\n\n\n<p class=\"has-text-align-center\"><a href=\"https:\/\/serviciomigraciones.cl\/en\/permanencia-transitoria-permit\/subcategories\/tourists\">https:\/\/serviciomigraciones.cl\/en\/permanencia-transitoria-permit\/subcategories\/tourists<\/a><\/p>\n\n\n\n<hr class=\"wp-block-separator has-alpha-channel-opacity\"\/>\n\n\n\n<h2 class=\"wp-block-heading\">Entry Requirements for Chile<\/h2>\n\n\n\n<p>Who should read this: international participants traveling to Santiago, Chile for LACCEI 2026:<\/p>\n\n\n\n<ul class=\"wp-block-list\">\n<li><strong>Valid document:<\/strong> passport (in some South American countries, national ID is accepted).<\/li>\n\n\n\n<li><strong>Short stay (up to 90 days):<\/strong> enter as <strong>Temporary Stay Permit<\/strong> (tourism, business, academic activities; extendable once).<\/li>\n\n\n\n<li><strong>Visa\/Pre-authorization:<\/strong> depends on nationality. Since <strong>Sept 17, 2025<\/strong>, some countries require <strong>prior authorization<\/strong> even for short stays; check with the Chilean consulate or the Ministry of Foreign Affairs portal (<a href=\"https:\/\/www.consulado.gob.cl\/cuadro-de-visas-y-aranceles-de-chile\" data-type=\"link\" data-id=\"https:\/\/www.consulado.gob.cl\/cuadro-de-visas-y-aranceles-de-chile\">See the PDF below for reference, but consult the official migration page<\/a>).<\/li>\n\n\n\n<li><strong>Economic means:<\/strong> proof of funds may be requested.<\/li>\n\n\n\n<li><strong>Exit ticket:<\/strong> return or onward flight required.<\/li>\n\n\n\n<li><strong>Accommodation:<\/strong> hotel booking or invitation letter.<\/li>\n\n\n\n<li><strong>Minors:<\/strong> additional documentation and notarized authorization if traveling without both parents.<\/li>\n<\/ul>\n\n\n\n<p><strong>Special note about Rapa Nui (Easter Island):<\/strong><br>If you plan to visit Rapa Nui before or after the conference, you must complete the Unique Entry Form (FUI\/IRN) in advance. This does not apply for Santiago.<br><br><strong>Health measures:<\/strong><br>Currently, there are no extraordinary health requirements for tourists. Seasonal measures (e.g., masks in health facilities during winter) may apply. We recommend traveling with health insurance.<br><br><strong>Official sources<\/strong><\/p>\n\n\n\n<ul class=\"wp-block-list\">\n<li>National Migration Service (SERMIG): entry categories and requirements.\n<ul class=\"wp-block-list\">\n<li><a href=\"https:\/\/serviciomigraciones.cl\/permanencia-transitoria\/subcategorias\/turistas\">https:\/\/serviciomigraciones.cl\/permanencia-transitoria\/subcategorias\/turistas<\/a><\/li>\n\n\n\n<li><a href=\"https:\/\/serviciomigraciones.cl\/en\/permanencia-transitoria-permit\/subcategories\/tourists\">https:\/\/serviciomigraciones.cl\/en\/permanencia-transitoria-permit\/subcategories\/tourists<\/a><\/li>\n<\/ul>\n<\/li>\n\n\n\n<li>Ministry of Foreign Affairs (MINREL): visa or pre-authorization applications.\n<ul class=\"wp-block-list\">\n<li><a href=\"https:\/\/tramites.minrel.gov.cl\/\">https:\/\/tramites.minrel.gov.cl\/<\/a><\/li>\n<\/ul>\n<\/li>\n\n\n\n<li>Chilean Consulates: visa details by country.\n<ul class=\"wp-block-list\">\n<li><a href=\"https:\/\/www.consulado.gob.cl\/informacion-sobre-visas-para-ingresar-a-chile\">https:\/\/www.consulado.gob.cl\/informacion-sobre-visas-para-ingresar-a-chile<\/a><\/li>\n<\/ul>\n<\/li>\n<\/ul>\n\n\n\n<p class=\"has-text-align-center\"><strong>Informaci\u00f3n de pa\u00edses que requieren y no visa<br><em>Information on countries that require and do not require a visa<\/em><\/strong><\/p>\n\n\n\n<p class=\"has-text-align-center\"><a href=\"https:\/\/www.consulado.gob.cl\/cuadro-de-visas-y-aranceles-de-chile\">https:\/\/www.consulado.gob.cl\/cuadro-de-visas-y-aranceles-de-chile<\/a><\/p>\n\n\n\n<div data-wp-interactive=\"core\/file\" class=\"wp-block-file\"><object data-wp-bind--hidden=\"!state.hasPdfPreview\" hidden class=\"wp-block-file__embed\" data=\"https:\/\/laccei.org\/laccei2026\/wp-content\/uploads\/sites\/9\/2025\/09\/PAISES-QUE-REQUIEREN-VISA-CHILE.pdf\" type=\"application\/pdf\" style=\"width:100%;height:600px\" aria-label=\"Embed of PA\u00cdSES QUE REQUIEREN VISA - CHILE.\"><\/object><a id=\"wp-block-file--media-0fdfe764-956d-4ce9-9076-f76f29881b03\" href=\"https:\/\/laccei.org\/laccei2026\/wp-content\/uploads\/sites\/9\/2025\/09\/PAISES-QUE-REQUIEREN-VISA-CHILE.pdf\">PA\u00cdSES QUE REQUIEREN VISA &#8211; CHILE<\/a><a href=\"https:\/\/laccei.org\/laccei2026\/wp-content\/uploads\/sites\/9\/2025\/09\/PAISES-QUE-REQUIEREN-VISA-CHILE.pdf\" class=\"wp-block-file__button wp-element-button\" download aria-describedby=\"wp-block-file--media-0fdfe764-956d-4ce9-9076-f76f29881b03\">Download<\/a><\/div>\n\n\n\n<p class=\"has-text-align-right\"><a href=\"https:\/\/www.consulado.gob.cl\/consulados\/site\/docs\/20190220\/20190220161313\/cuadro_de_visas_resumido___17_07_2024.pdf\">https:\/\/www.consulado.gob.cl\/consulados\/site\/docs\/20190220\/20190220161313\/cuadro_de_visas_resumido___17_07_2024.pdf<\/a><\/p>\n\n\n\n<p><mark style=\"background-color:#8ed1fc\" class=\"has-inline-color\"><strong>Disclaimer<\/strong>: Migration rules may change. Please verify on the official portals before booking your ticket.<\/mark><\/p>\n\n\n\n<p><\/p>\n","protected":false},"excerpt":{"rendered":"<p>La p\u00e1gina web oficial del Servicio Nacional de Migraci\u00f3n de Chile (en espa\u00f1ol) https:\/\/serviciomigraciones.cl\/permanencia-transitoria\/subcategorias\/turistas The official website of the Chilean National Immigration Service (in English): https:\/\/serviciomigraciones.cl\/en\/permanencia-transitoria-permit\/subcategories\/tourists Entry Requirements for Chile Who should read this: international participants traveling to Santiago, Chile for LACCEI 2026: Special note about Rapa Nui (Easter Island):If you plan to visit Rapa [&hellip;]<\/p>\n","protected":false},"author":1,"featured_media":0,"parent":0,"menu_order":0,"comment_status":"closed","ping_status":"closed","template":"","meta":{"footnotes":""},"class_list":["post-625","page","type-page","status-publish","hentry"],"_links":{"self":[{"href":"https:\/\/laccei.org\/laccei2026\/wp-json\/wp\/v2\/pages\/625","targetHints":{"allow":["GET"]}}],"collection":[{"href":"https:\/\/laccei.org\/laccei2026\/wp-json\/wp\/v2\/pages"}],"about":[{"href":"https:\/\/laccei.org\/laccei2026\/wp-json\/wp\/v2\/types\/page"}],"author":[{"embeddable":true,"href":"https:\/\/laccei.org\/laccei2026\/wp-json\/wp\/v2\/users\/1"}],"replies":[{"embeddable":true,"href":"https:\/\/laccei.org\/laccei2026\/wp-json\/wp\/v2\/comments?post=625"}],"version-history":[{"count":23,"href":"https:\/\/laccei.org\/laccei2026\/wp-json\/wp\/v2\/pages\/625\/revisions"}],"predecessor-version":[{"id":1816,"href":"https:\/\/laccei.org\/laccei2026\/wp-json\/wp\/v2\/pages\/625\/revisions\/1816"}],"wp:attachment":[{"href":"https:\/\/laccei.org\/laccei2026\/wp-json\/wp\/v2\/media?parent=625"}],"curies":[{"name":"wp","href":"https:\/\/api.w.org\/{rel}","templated":true}]}}