{"id":263,"date":"2023-05-03T14:35:47","date_gmt":"2023-05-03T14:35:47","guid":{"rendered":"https:\/\/laccei.org\/laccei2026\/?page_id=263"},"modified":"2026-03-31T11:29:52","modified_gmt":"2026-03-31T11:29:52","slug":"bootcamp","status":"publish","type":"page","link":"https:\/\/laccei.org\/laccei2026\/bootcamp\/","title":{"rendered":"Bootcamp LACCEI 2025"},"content":{"rendered":"\n<h2 class=\"wp-block-heading has-text-align-center\">Bootcamp LACCEI 2026<br><strong>Innovaci\u00f3n y Prospectiva Tecnol\u00f3gica con Inteligencia Artificial<\/strong><\/h2>\n\n\n\n<p class=\"has-text-align-right\"><mark style=\"background-color:rgba(0, 0, 0, 0)\" class=\"has-inline-color has-primary-color\">English version: click here<\/mark><\/p>\n\n\n\n<p style=\"font-size:13px\">El Bootcamp LACCEI 2026 es la actividad estudiantil con el apoyo de los Cap\u00edtulos Estudiantiles de LACCEI, que se llevar\u00e1 a cabo en dos partes: una de manera virtual del 6 al 10 de julio y otra de forma presencial del 13 al 17 de julio de 2026 en el <a href=\"https:\/\/laccei.org\/laccei2026\/venue\/\" data-type=\"link\" data-id=\"https:\/\/laccei.org\/laccei2026\/venue\/\" target=\"_blank\" rel=\"noreferrer noopener\">hotel InterContinental Santiago<\/a>. Este evento est\u00e1 dise\u00f1ado para ofrecer a los estudiantes un espacio de aprendizaje y colaboraci\u00f3n m\u00e1s all\u00e1 de su entorno acad\u00e9mico, brindando una experiencia enriquecedora bajo protocolos de bioseguridad.<\/p>\n\n\n\n<p>El Bootcamp tiene como prop\u00f3sito principal fomentar el desarrollo acad\u00e9mico e intercultural, ofreciendo a los participantes la oportunidad de trabajar junto a sus pares internacionales. <\/p>\n\n\n\n<p>El <strong>objetivo principal <\/strong>es fomentar el desarrollo acad\u00e9mico, tecnol\u00f3gico e intercultural, ofreciendo un espacio de aprendizaje y co-creaci\u00f3n que potencie competencias en innovaci\u00f3n, sostenibilidad y prospectiva tecnol\u00f3gica, con especial \u00e9nfasis en la Inteligencia Artificial (IA) como motor de transformaci\u00f3n.<\/p>\n\n\n\n<p>A lo largo del programa, se brindar\u00e1 mentor\u00eda y acompa\u00f1amiento continuo, promoviendo habilidades en pensamiento cr\u00edtico, creatividad, trabajo en equipo y aplicaci\u00f3n de IA.<\/p>\n\n\n\n<p>El Bootcamp busca impulsar la generaci\u00f3n de ideas disruptivas que integren visiones del futuro de la ingenier\u00eda para afrontar retos globales vinculados a la sostenibilidad, explorando incluso tecnolog\u00edas emergentes que a\u00fan no se encuentran totalmente desarrolladas.<\/p>\n\n\n\n<p><strong>Perfil de participantes<\/strong><\/p>\n\n\n\n<p>Est\u00e1 dirigido solo a <strong>Estudiantes de Pregrado<\/strong> de las Instituciones en ingenier\u00eda, ciencia, tecnolog\u00eda y\/o innovaci\u00f3n de Am\u00e9rica Latina y el mundo.<\/p>\n\n\n\n<hr class=\"wp-block-separator has-alpha-channel-opacity\"\/>\n\n\n\n<p><strong>Programaci\u00f3n detallada &#8211; Primera parte (Virtual &#8211; 6 al 10 de julio del 2026)<\/strong><\/p>\n\n\n\n<p>Esta primera parte del Bootcamp LACCEI 2026 (virtual) ofrecer\u00e1 una experiencia formativa del 6 al 10 de julio de 2026 y estar\u00e1 enfocada en actividades pr\u00e1cticas y colaborativas, reduciendo la carga de capacitaci\u00f3n expositiva y priorizando el trabajo creativo de los equipos.<\/p>\n\n\n\n<p><strong>Semana previa, warm up (virtual):<\/strong><\/p>\n\n\n\n<ul class=\"wp-block-list\">\n<li>Din\u00e1micas de integraci\u00f3n virtual para que los estudiantes se conozcan antes del inicio oficial.<\/li>\n<\/ul>\n\n\n\n<p><strong>Lunes 6 de julio de 2026 (virtual):<\/strong><\/p>\n\n\n\n<ul class=\"wp-block-list\">\n<li>Bienvenida.<\/li>\n\n\n\n<li>Taller de prospectiva tecnol\u00f3gica \u2013 \u00bfC\u00f3mo imaginar futuros posibles con IA?<\/li>\n<\/ul>\n\n\n\n<p><strong>Martes 7 de julio de 202<strong>6 (virtual):<\/strong><\/strong><\/p>\n\n\n\n<ul class=\"wp-block-list\">\n<li>Identificaci\u00f3n de desaf\u00edos globales (Planeta \u2013 Personas \u2013 Econom\u00eda) y conformaci\u00f3n de equipos internacionales.<\/li>\n<\/ul>\n\n\n\n<p><strong>Mi\u00e9rcoles 8 de julio de 2026 (virtual):<\/strong><\/p>\n\n\n\n<ul class=\"wp-block-list\">\n<li>Taller de ideaci\u00f3n creativa con apoyo de herramientas de IA.<\/li>\n<\/ul>\n\n\n\n<p><strong>Jueves 9 de julio de 2026<strong> (virtual):<\/strong><\/strong><\/p>\n\n\n\n<ul class=\"wp-block-list\">\n<li>Co-creaci\u00f3n de soluciones &#8220;fant\u00e1sticas&#8221;, explorando tecnolog\u00edas en desarrollo<\/li>\n<\/ul>\n\n\n\n<p><strong>Viernes 10 de julio de 2026<strong> (virtual):<\/strong><\/strong><\/p>\n\n\n\n<ul class=\"wp-block-list\">\n<li>Presentaci\u00f3n preliminar de ideas y retroalimentaci\u00f3n.<\/li>\n<\/ul>\n\n\n\n<p><strong>Resultados esperados para la primera parte:<\/strong> <\/p>\n\n\n\n<p>Al finalizar la primera parte del Bootcamp, los participantes habr\u00e1n desarrollado habilidades de co-creaci\u00f3n aplicadas a la innovaci\u00f3n abierta en econom\u00eda circular. Adem\u00e1s, habr\u00e1n fortalecido sus competencias en gesti\u00f3n de proyectos con enfoque en ingenier\u00eda humanitaria. Asimismo habr\u00e1n mejorado sus habilidades blandas y ser\u00e1n capaces de presentar una propuesta con un prototipo de soluci\u00f3n innovadora.<\/p>\n\n\n\n<ul class=\"wp-block-list\">\n<li>Equipos conformados y cohesionados.<\/li>\n\n\n\n<li>Ideas preliminares de soluciones innovadoras y disruptivas, con uso prospectivo de IA.<\/li>\n\n\n\n<li>Desarrollo de habilidades de pensamiento cr\u00edtico y comunicaci\u00f3n intercultural.<\/li>\n<\/ul>\n\n\n\n<hr class=\"wp-block-separator has-alpha-channel-opacity\"\/>\n\n\n\n<p><strong>Programaci\u00f3n detallada &#8211; <strong>Segunda parte (Presencial &#8211; <\/strong>13 al 17 de Julio)<\/strong><\/p>\n\n\n\n<p>En esta instancia los participantes trabajar\u00e1n en la consolidaci\u00f3n de sus proyectos y tendr\u00e1n la oportunidad de presentarlos en el marco de la Multiconferencia LACCEI 2026.<\/p>\n\n\n\n<p><strong>S\u00e1bado 11 y domingo 12 de julio de 2026<\/strong>:<\/p>\n\n\n\n<ul class=\"wp-block-list\">\n<li>Viaje a Santiago de Chile.<\/li>\n<\/ul>\n\n\n\n<p><strong>Domingo 12 de julio de 2026<\/strong>:<\/p>\n\n\n\n<ul class=\"wp-block-list\">\n<li>17 hs. de Santiago de Chile. Bienvenida para participantes extranjeros en el lobby del hotel donde se desarrolle la multiconferencia.<\/li>\n<\/ul>\n\n\n\n<p><strong>Lunes 13 de julio de 2026 (presencial):<\/strong><\/p>\n\n\n\n<ul class=\"wp-block-list\">\n<li>Global Village: \u00bfQui\u00e9nes son nuestros nuevos aliados globales? (Ma\u00f1ana).<\/li>\n\n\n\n<li>Presentaci\u00f3n de LACCEI (tarde):\n<ul class=\"wp-block-list\">\n<li>Cap\u00edtulos estudiantiles.<\/li>\n\n\n\n<li>Direcci\u00f3n Ejecutiva.<\/li>\n\n\n\n<li>Presidente.<\/li>\n\n\n\n<li>Comit\u00e9s e iniciativas.<\/li>\n<\/ul>\n<\/li>\n<\/ul>\n\n\n\n<p><strong>Martes 14 de julio de 2026<strong> (presencial):<\/strong><\/strong><\/p>\n\n\n\n<ul class=\"wp-block-list\">\n<li>Visita a Universidad, tema por definir.<\/li>\n\n\n\n<li>Talleres pr\u00e1cticos con expertos internacionales en IA y prospectiva tecnol\u00f3gica.<\/li>\n<\/ul>\n\n\n\n<p><strong>Mi\u00e9rcoles 15 de julio de 2026<strong> (presencial):<\/strong><\/strong><\/p>\n\n\n\n<ul class=\"wp-block-list\">\n<li>Programaci\u00f3n LACCEI.<\/li>\n<\/ul>\n\n\n\n<p><strong>Jueves 16 de julio de 2026<strong> (presencial):<\/strong><\/strong><\/p>\n\n\n\n<ul class=\"wp-block-list\">\n<li>Programaci\u00f3n LACCEI.<\/li>\n\n\n\n<li>Competencia estudiantil: Posters &amp; Researches.<\/li>\n\n\n\n<li>Preparaci\u00f3n y Asesor\u00eda para la presentaci\u00f3n.<\/li>\n<\/ul>\n\n\n\n<p><strong>Viernes 17 de julio de 2026<strong> (presencial):<\/strong><\/strong><\/p>\n\n\n\n<ul class=\"wp-block-list\">\n<li>Programaci\u00f3n LACCEI.<\/li>\n\n\n\n<li>Presentaci\u00f3n final de proyectos ante un jurado internacional.<\/li>\n<\/ul>\n\n\n\n<p><strong>Resultados esperados para la segunda parte:<\/strong> <\/p>\n\n\n\n<ul class=\"wp-block-list\">\n<li>Consolidaci\u00f3n de soluciones innovadoras con aplicaci\u00f3n prospectiva de IA.<\/li>\n\n\n\n<li>Habilidades reforzadas en trabajo en equipo, comunicaci\u00f3n y presentaci\u00f3n.<\/li>\n\n\n\n<li>Experiencia intercultural en un contexto acad\u00e9mico internacional.<\/li>\n<\/ul>\n\n\n\n<hr class=\"wp-block-separator has-alpha-channel-opacity\"\/>\n\n\n\n<p><strong>Costos hasta el 5 de mayo (Early Bird):<\/strong>&nbsp;<\/p>\n\n\n\n<ul class=\"wp-block-list\">\n<li>Plan solo virtual: 50 USD\/ 100 USD (l\u00edmite 40 participantes) &amp; Free para estudiantes en cap\u00edtulos (sujeto a disponibilidad).<\/li>\n\n\n\n<li>Plan b\u00e1sico (virtual &amp; presencial): 250 USD\/ 350 USD (l\u00edmite 30 participantes).<\/li>\n\n\n\n<li>Plan Hotel Incluido (5 noches &#8211; virtual &amp; presencial): 700 USD\/ 850 USD (l\u00edmite 30 participantes).<\/li>\n<\/ul>\n\n\n\n<p><strong>Costos despu\u00e9s del 6 de mayo:<\/strong>&nbsp;<\/p>\n\n\n\n<ul class=\"wp-block-list\">\n<li>Plan solo virtual: 50 USD\/ 100 USD (l\u00edmite 40 participantes) &amp; Free para estudiantes en cap\u00edtulos (sujeto a disponibilidad).<\/li>\n\n\n\n<li>Plan b\u00e1sico (virtual &amp; presencial): 300 USD\/ 400 USD (l\u00edmite 30 participantes).<\/li>\n\n\n\n<li>Plan Hotel Incluido (5 noches &#8211; virtual &amp; presencial): 850 USD\/ 1000 USD (l\u00edmite 30 participantes).<\/li>\n<\/ul>\n\n\n\n<figure class=\"wp-block-image aligncenter size-full\"><img loading=\"lazy\" decoding=\"async\" width=\"715\" height=\"724\" src=\"https:\/\/laccei.org\/laccei2026\/wp-content\/uploads\/sites\/9\/2025\/02\/image-2.png\" alt=\"\" class=\"wp-image-1412\" srcset=\"https:\/\/laccei.org\/laccei2026\/wp-content\/uploads\/sites\/9\/2025\/02\/image-2.png 715w, https:\/\/laccei.org\/laccei2026\/wp-content\/uploads\/sites\/9\/2025\/02\/image-2-296x300.png 296w\" sizes=\"auto, (max-width: 715px) 100vw, 715px\" \/><\/figure>\n\n\n\n<hr class=\"wp-block-separator has-alpha-channel-opacity\"\/>\n\n\n\n<p class=\"has-text-align-center\"><strong>Profesores capacitadores<\/strong><\/p>\n\n\n\n<ul class=\"wp-block-list\">\n<li>Ing. Agustin Ranca\u00f1o, Universidad Nacional de Chilecito (Argentina)<\/li>\n\n\n\n<li>Dr. Evadil Ayala, Universidad Arturo Prat (Chile)<\/li>\n\n\n\n<li>Dra. Ileana Ruiz, Tecnol\u00f3gico de Monterrey (M\u00e9xico)<\/li>\n\n\n\n<li>Dra. Jusmeidy Zambrano, LACCEI (USA)<\/li>\n\n\n\n<li>Dr. Manuel Bermudez, University of Florida (USA)<\/li>\n<\/ul>\n\n\n\n<hr class=\"wp-block-separator has-alpha-channel-opacity\"\/>\n\n\n\n<p>M\u00e1s informaci\u00f3n: <a href=\"mailto:bootcamp@laccei.org\">bootcamp@laccei.org<\/a> ; <a href=\"mailto:info@laccei.org\">info@laccei.org<\/a><\/p>\n\n\n\n<p><strong>Coordinadora General: <\/strong>Ing. Karen Villalba &#8211; Universidad Tecnol\u00f3gica Nacional de Argentina<\/p>\n\n\n\n<p><strong>Email:<\/strong> <a href=\"mailto:bootcamp@laccei.org\">bootcamp@laccei.org<\/a>; <a href=\"mailto:info@laccei.org\">info@laccei.org<\/a><\/p>\n\n\n\n<p><strong><mark style=\"background-color:#f3f3f3\" class=\"has-inline-color has-contrast-color\">Para registro y pago, hacerlo por ConfTool: <\/mark><\/strong><a href=\"https:\/\/www.conftool.pro\/laccei2026\/\" target=\"_blank\" rel=\"noreferrer noopener\">https:\/\/www.conftool.pro\/laccei2026\/<\/a><mark style=\"background-color:rgba(0, 0, 0, 0)\" class=\"has-inline-color has-primary-color\"> <\/mark><\/p>\n\n\n\n<p><strong>Formulario web<\/strong> de pre-inscripci\u00f3n: <a href=\"https:\/\/forms.gle\/K9cZea4HqZvDCH9v9\" target=\"_blank\" rel=\"noreferrer noopener\">https:\/\/forms.gle\/K9cZea4HqZvDCH9v9<\/a>&nbsp;<\/p>\n\n\n\n<p class=\"has-text-align-center\">Link del grupo de <strong>WhatsApp:<\/strong> <a href=\"https:\/\/chat.whatsapp.com\/JTJljmkmr9Q8OQam10ePoi\">https:\/\/chat.whatsapp.com\/JTJljmkmr9Q8OQam10ePoi<\/a>&nbsp;<\/p>\n\n\n\n<figure class=\"wp-block-image aligncenter\"><img decoding=\"async\" src=\"https:\/\/lh7-rt.googleusercontent.com\/docsz\/AD_4nXc4pnJ6geFRDU1Jf0W7j_7CVyO7pHG8CKZbKfaXupAqvGr51rPurEf2JYtpjb9Q9i2h0fHcaKZKzwCCa7DRX7gGOEOnAhQIAg7LzNZZaBBA1w9IAyUZbGm127AguSjXAacicupW?key=6VFvHIA3zC1jL6ewxHxAYcee\" alt=\"\"\/><\/figure>\n","protected":false},"excerpt":{"rendered":"<p>Bootcamp LACCEI 2026Innovaci\u00f3n y Prospectiva Tecnol\u00f3gica con Inteligencia Artificial English version: click here El Bootcamp LACCEI 2026 es la actividad estudiantil con el apoyo de los Cap\u00edtulos Estudiantiles de LACCEI, que se llevar\u00e1 a cabo en dos partes: una de manera virtual del 6 al 10 de julio y otra de forma presencial del 13 [&hellip;]<\/p>\n","protected":false},"author":1,"featured_media":0,"parent":0,"menu_order":0,"comment_status":"closed","ping_status":"closed","template":"","meta":{"footnotes":""},"class_list":["post-263","page","type-page","status-publish","hentry"],"_links":{"self":[{"href":"https:\/\/laccei.org\/laccei2026\/wp-json\/wp\/v2\/pages\/263","targetHints":{"allow":["GET"]}}],"collection":[{"href":"https:\/\/laccei.org\/laccei2026\/wp-json\/wp\/v2\/pages"}],"about":[{"href":"https:\/\/laccei.org\/laccei2026\/wp-json\/wp\/v2\/types\/page"}],"author":[{"embeddable":true,"href":"https:\/\/laccei.org\/laccei2026\/wp-json\/wp\/v2\/users\/1"}],"replies":[{"embeddable":true,"href":"https:\/\/laccei.org\/laccei2026\/wp-json\/wp\/v2\/comments?post=263"}],"version-history":[{"count":67,"href":"https:\/\/laccei.org\/laccei2026\/wp-json\/wp\/v2\/pages\/263\/revisions"}],"predecessor-version":[{"id":2085,"href":"https:\/\/laccei.org\/laccei2026\/wp-json\/wp\/v2\/pages\/263\/revisions\/2085"}],"wp:attachment":[{"href":"https:\/\/laccei.org\/laccei2026\/wp-json\/wp\/v2\/media?parent=263"}],"curies":[{"name":"wp","href":"https:\/\/api.w.org\/{rel}","templated":true}]}}