{"id":1299,"date":"2025-01-16T21:11:16","date_gmt":"2025-01-16T21:11:16","guid":{"rendered":"https:\/\/laccei.org\/laccei2026\/?page_id=1299"},"modified":"2025-11-10T15:08:32","modified_gmt":"2025-11-10T15:08:32","slug":"track-chairs","status":"publish","type":"page","link":"https:\/\/laccei.org\/laccei2026\/track-chairs\/","title":{"rendered":"Track Chairs: LACCEI 2025"},"content":{"rendered":"\n<p class=\"has-text-align-center has-primary-color has-text-color\" style=\"font-size:18px\"><strong>Track Chairs &#8211; LACCEI 2026<\/strong><\/p>\n\n\n\n<p>El equipo de&nbsp;TrackChairs&nbsp;que integra las Multiconferencias LACCEI y LEIRD&nbsp;son un equipo de expertos en las distintas \u00e1reas tem\u00e1ticas de estos congresos. Nuestra prioridad es garantizar la calidad y la pertinencia de los trabajos. Por tal raz\u00f3n, agradecemos a este Equipo que hace una inmensa labor de lectura y revisi\u00f3n para que los trabajos se ajusten a los tracks.&nbsp;<\/p>\n\n\n\n<p><strong>\u00bfQu\u00e9 significa evaluar la pertinencia?<\/strong>&nbsp;Es indicar (en el sistema ConfTool) si un art\u00edculo es adecuado o no para el track en el que est\u00e1 inscrito.&nbsp;<\/p>\n\n\n\n<p><strong>\u00bfC\u00f3mo se hace tal evaluaci\u00f3n?&nbsp;<\/strong>Con la lectura del&nbsp;t\u00edtulo y el abstract&nbsp; los expertos pueden tomar decisiones desde su mirada experta. Solo en caso de que ellos y ellas consideren necesario podr\u00e1n leer otras secciones del art\u00edculo.&nbsp;<\/p>\n\n\n\n<p><strong>\u00bfD\u00f3nde se informa la pertinencia?<\/strong>&nbsp;Todo se hace dentro de la plataforma ConfTool. All\u00ed&nbsp; aparecen los art\u00edculos designados (submissions), revisan cada uno y marcan en el dictamen si es o no pertinente.<\/p>\n\n\n\n<p><strong>\u00bfQu\u00e9 sucede si hay conflicto de intereses en esa evaluaci\u00f3n de pertinencia?<\/strong>&nbsp;Los TrackChairs&nbsp;nos informan e inmediatamente se elimina el paper en su evaluaci\u00f3n de pertinencia.&nbsp;<\/p>\n\n\n\n<p>Equipo de TrackChairs\u00a02026\u00a0:<\/p>\n\n\n\n<p class=\"has-text-align-center has-primary-color has-text-color\" style=\"font-size:18px\"><strong>List of Track Chairs<\/strong><\/p>\n\n\n\n<script>\n    function iframe_load(elem) {\n        let height = elem.contentWindow.document.body.scrollHeight;\n        elem.height = height;\n    }\n<\/script>\n<div id=\"laccei-committee\" style=\"width: 100%;\">\n    <iframe id=\"committee-frame\" onload=\"iframe_load(this)\" style=\"width: 100%; border: none;\" src=\"https:\/\/laccei.org\/LACCEI2026-Chile\/Chairs\/Chairs-LACCEI_2025.php\"><\/iframe>\n<\/div>\n","protected":false},"excerpt":{"rendered":"<p>Track Chairs &#8211; LACCEI 2026 El equipo de&nbsp;TrackChairs&nbsp;que integra las Multiconferencias LACCEI y LEIRD&nbsp;son un equipo de expertos en las distintas \u00e1reas tem\u00e1ticas de estos congresos. Nuestra prioridad es garantizar la calidad y la pertinencia de los trabajos. Por tal raz\u00f3n, agradecemos a este Equipo que hace una inmensa labor de lectura y revisi\u00f3n para [&hellip;]<\/p>\n","protected":false},"author":1,"featured_media":0,"parent":0,"menu_order":0,"comment_status":"closed","ping_status":"closed","template":"","meta":{"footnotes":""},"class_list":["post-1299","page","type-page","status-publish","hentry"],"_links":{"self":[{"href":"https:\/\/laccei.org\/laccei2026\/wp-json\/wp\/v2\/pages\/1299","targetHints":{"allow":["GET"]}}],"collection":[{"href":"https:\/\/laccei.org\/laccei2026\/wp-json\/wp\/v2\/pages"}],"about":[{"href":"https:\/\/laccei.org\/laccei2026\/wp-json\/wp\/v2\/types\/page"}],"author":[{"embeddable":true,"href":"https:\/\/laccei.org\/laccei2026\/wp-json\/wp\/v2\/users\/1"}],"replies":[{"embeddable":true,"href":"https:\/\/laccei.org\/laccei2026\/wp-json\/wp\/v2\/comments?post=1299"}],"version-history":[{"count":5,"href":"https:\/\/laccei.org\/laccei2026\/wp-json\/wp\/v2\/pages\/1299\/revisions"}],"predecessor-version":[{"id":1939,"href":"https:\/\/laccei.org\/laccei2026\/wp-json\/wp\/v2\/pages\/1299\/revisions\/1939"}],"wp:attachment":[{"href":"https:\/\/laccei.org\/laccei2026\/wp-json\/wp\/v2\/media?parent=1299"}],"curies":[{"name":"wp","href":"https:\/\/api.w.org\/{rel}","templated":true}]}}