{"id":625,"date":"2023-09-27T10:35:39","date_gmt":"2023-09-27T10:35:39","guid":{"rendered":"https:\/\/laccei.org\/laccei2025\/?page_id=625"},"modified":"2024-10-03T14:01:12","modified_gmt":"2024-10-03T14:01:12","slug":"visas-mexico","status":"publish","type":"page","link":"https:\/\/laccei.org\/laccei2025\/visas-mexico\/","title":{"rendered":"Visas Mexico"},"content":{"rendered":"\n<p>La p\u00e1gina web oficial del Instituto Nacional de Migraci\u00f3n de M\u00e9xico es: <a href=\"https:\/\/www.gob.mx\/inm\">https:\/\/www.gob.mx\/inm<\/a>. Embajadas de M\u00e9xico: <a href=\"https:\/\/embamex.sre.gob.mx\/\" data-type=\"link\" data-id=\"https:\/\/embamex.sre.gob.mx\/\">click aqu\u00ed<\/a>.<\/p>\n\n\n\n<p><em>The official website of the National Migration Institute of Mexico is: <a href=\"https:\/\/www.gob.mx\/inm \">https:\/\/www.gob.mx\/inm<\/a>. Mexican Embassies: <a href=\"https:\/\/embamex.sre.gob.mx\/\" data-type=\"link\" data-id=\"https:\/\/embamex.sre.gob.mx\/\">click here.<\/a><\/em><\/p>\n\n\n\n<hr class=\"wp-block-separator has-alpha-channel-opacity\"\/>\n\n\n\n<p>Podr\u00e1n viajar a M\u00e9xico <strong>sin visa mexicana<\/strong> las personas que presenten los siguientes documentos y que pretendan internarse bajo la calidad de visitante sin permiso para realizar actividades remuneradas hasta 180 d\u00edas (<em>People who present the following documents and intend to enter Mexico as visitors without permission to carry out paid activities for up to 180 days may travel to Mexico without a Mexican visa:<\/em>):<\/p>\n\n\n\n<ul class=\"wp-block-list\">\n<li>Extranjeros que cuenten con pasaporte vigente y con <strong>visa v\u00e1lida y vigente<\/strong> de los <strong>Estados Unidos<\/strong> (<em>Foreigners who have a valid passport and a valid and current visa from the United States<\/em>).<\/li>\n\n\n\n<li>Nacionales o extranjeros que sean residentes permanentes -y que lo puedan acreditar mediante el documento correspondiente- de: Estados Unidos, Canad\u00e1, Gran Breta\u00f1a, Jap\u00f3n y pa\u00edses del Espacio Schengen.<\/li>\n\n\n\n<li>Extranjeros con tarjetas ABTC expedidas por la APEC.<\/li>\n\n\n\n<li>Las dem\u00e1s nacionalidades que contemple la normatividad vigente (<a href=\"https:\/\/www.inm.gob.mx\/gobmx\/word\/index.php\/paises-no-requieren-visa-para-mexico\/\">ver imagen de abajo o visitar esta p\u00e1gina web<\/a>).<\/li>\n\n\n\n<li>Independientemente de lo anterior, todos los extranjeros deber\u00e1n presentar invariablemente pasaporte v\u00e1lido y vigente.<\/li>\n<\/ul>\n\n\n\n<p class=\"has-text-align-center\"><strong>Pa\u00edses y regiones que no requieren visa<br><em>Countries and regions that do not require a visa<\/em><\/strong><\/p>\n\n\n\n<figure class=\"wp-block-image aligncenter size-large is-resized\"><a href=\"https:\/\/www.inm.gob.mx\/gobmx\/word\/index.php\/paises-no-requieren-visa-para-mexico\/\"><img loading=\"lazy\" decoding=\"async\" width=\"602\" height=\"1024\" src=\"https:\/\/laccei.org\/laccei2025\/wp-content\/uploads\/sites\/7\/2024\/10\/PAI\u0301SES-QUE-NO-REQUIEREN-VISA-2-02-602x1024.jpg\" alt=\"\" class=\"wp-image-1231\" style=\"width:600px\" srcset=\"https:\/\/laccei.org\/laccei2025\/wp-content\/uploads\/sites\/7\/2024\/10\/PAI\u0301SES-QUE-NO-REQUIEREN-VISA-2-02-602x1024.jpg 602w, https:\/\/laccei.org\/laccei2025\/wp-content\/uploads\/sites\/7\/2024\/10\/PAI\u0301SES-QUE-NO-REQUIEREN-VISA-2-02-176x300.jpg 176w, https:\/\/laccei.org\/laccei2025\/wp-content\/uploads\/sites\/7\/2024\/10\/PAI\u0301SES-QUE-NO-REQUIEREN-VISA-2-02-768x1307.jpg 768w, https:\/\/laccei.org\/laccei2025\/wp-content\/uploads\/sites\/7\/2024\/10\/PAI\u0301SES-QUE-NO-REQUIEREN-VISA-2-02.jpg 880w\" sizes=\"auto, (max-width: 602px) 100vw, 602px\" \/><\/a><\/figure>\n\n\n\n<hr class=\"wp-block-separator has-alpha-channel-opacity\"\/>\n\n\n\n<p><strong>Pa\u00edses que necesitan visa para viajar a M\u00e9xico<\/strong> (<a href=\"https:\/\/citas.sre.gob.mx\/\" data-type=\"link\" data-id=\"https:\/\/citas.sre.gob.mx\/\">Citas aqu\u00ed<\/a>):<\/p>\n\n\n\n<ul class=\"wp-block-list\">\n<li><a href=\"https:\/\/embamex.sre.gob.mx\/bolivia\/\">Bolivia<\/a><\/li>\n\n\n\n<li><a href=\"https:\/\/embamex.sre.gob.mx\/brasil\/index.php\/servicios-consulares\/visas\">Brasil<\/a><\/li>\n\n\n\n<li>Colombia, solo necesitan un pre-registro: <a href=\"https:\/\/embamex.sre.gob.mx\/colombia\/\">click aqu\u00ed<\/a><\/li>\n\n\n\n<li><a href=\"https:\/\/embamex.sre.gob.mx\/ecuador\/\" data-type=\"link\" data-id=\"https:\/\/embamex.sre.gob.mx\/ecuador\/\">Ecuador<\/a><\/li>\n\n\n\n<li><a href=\"https:\/\/embamex.sre.gob.mx\/honduras\/index.php\/servicios-consulares\/visas-y-servicios-para-extranjeros?id=844\">Honduras<\/a><\/li>\n\n\n\n<li><a href=\"https:\/\/embamex.sre.gob.mx\/peru\/index.php\/sconsulares\/visas\">Per\u00fa <\/a>(a partir del 6 de mayo de 2024)<\/li>\n\n\n\n<li><a href=\"https:\/\/embamex.sre.gob.mx\/venezuela\/\" data-type=\"link\" data-id=\"https:\/\/embamex.sre.gob.mx\/venezuela\/\">Venezuela<\/a><\/li>\n<\/ul>\n\n\n\n<p><\/p>\n","protected":false},"excerpt":{"rendered":"<p>La p\u00e1gina web oficial del Instituto Nacional de Migraci\u00f3n de M\u00e9xico es: https:\/\/www.gob.mx\/inm. Embajadas de M\u00e9xico: click aqu\u00ed. The official website of the National Migration Institute of Mexico is: https:\/\/www.gob.mx\/inm. Mexican Embassies: click here. Podr\u00e1n viajar a M\u00e9xico sin visa mexicana las personas que presenten los siguientes documentos y que pretendan internarse bajo la calidad [&hellip;]<\/p>\n","protected":false},"author":1,"featured_media":0,"parent":0,"menu_order":0,"comment_status":"closed","ping_status":"closed","template":"","meta":{"footnotes":""},"class_list":["post-625","page","type-page","status-publish","hentry"],"_links":{"self":[{"href":"https:\/\/laccei.org\/laccei2025\/wp-json\/wp\/v2\/pages\/625","targetHints":{"allow":["GET"]}}],"collection":[{"href":"https:\/\/laccei.org\/laccei2025\/wp-json\/wp\/v2\/pages"}],"about":[{"href":"https:\/\/laccei.org\/laccei2025\/wp-json\/wp\/v2\/types\/page"}],"author":[{"embeddable":true,"href":"https:\/\/laccei.org\/laccei2025\/wp-json\/wp\/v2\/users\/1"}],"replies":[{"embeddable":true,"href":"https:\/\/laccei.org\/laccei2025\/wp-json\/wp\/v2\/comments?post=625"}],"version-history":[{"count":20,"href":"https:\/\/laccei.org\/laccei2025\/wp-json\/wp\/v2\/pages\/625\/revisions"}],"predecessor-version":[{"id":1239,"href":"https:\/\/laccei.org\/laccei2025\/wp-json\/wp\/v2\/pages\/625\/revisions\/1239"}],"wp:attachment":[{"href":"https:\/\/laccei.org\/laccei2025\/wp-json\/wp\/v2\/media?parent=625"}],"curies":[{"name":"wp","href":"https:\/\/api.w.org\/{rel}","templated":true}]}}