{"id":339,"date":"2023-05-12T14:06:44","date_gmt":"2023-05-12T14:06:44","guid":{"rendered":"https:\/\/laccei.org\/laccei2025\/?page_id=339"},"modified":"2025-02-17T18:38:25","modified_gmt":"2025-02-17T18:38:25","slug":"thesis-competition","status":"publish","type":"page","link":"https:\/\/laccei.org\/laccei2025\/thesis-competition\/","title":{"rendered":"Thesis Competition"},"content":{"rendered":"\n<h2 class=\"wp-block-heading has-text-align-center\">Reconocimientos a Tesis de Maestr\u00eda y Doctorado<br>en la Ingenier\u00eda (3MT\u00ae)<\/h2>\n\n\n\n<p style=\"font-size:14px\">En este 2025 nos complace anunciar que los reconocimientos a las tesis de maestr\u00eda y doctorado vinculadas con Ingenier\u00eda se unir\u00e1 a la iniciativa de la Universidad de Queensland (Australia) llamada <a href=\"https:\/\/threeminutethesis.uq.edu.au\/\" data-type=\"link\" data-id=\"https:\/\/threeminutethesis.uq.edu.au\/\"><mark style=\"background-color:rgba(0, 0, 0, 0)\" class=\"has-inline-color has-secondary-color\">Three Minute Thesis (3MT\u00ae)<\/mark><\/a>&nbsp;que inici\u00f3 en 2008 y en la actualidad se lleva a cabo en m\u00e1s de 900 universidades en m\u00e1s de 85 pa\u00edses en todo el mundo.&nbsp;<\/p>\n\n\n\n<p style=\"font-size:14px\">Como en el a\u00f1o 2023 el <strong>Premio Dr. Leonardo Alcayhuam\u00e1n Acostupa<\/strong> ser\u00e1 para la tesis de Maestr\u00eda y el <strong>Premio Dr. Pr\u00edamo Rodr\u00edguez Castillo <\/strong>para la tesis doctoral. Esta es una iniciativa creada desde los Cap\u00edtulos Estudiantiles de LACCEI para estudiantes de programas de postgrado. El objetivo de LACCEI 3MT\u00ae&nbsp; es que las y los participantes presenten los resultados de sus investigaciones en un tiempo l\u00edmite de tres minutos. <\/p>\n\n\n\n<div class=\"wp-block-columns is-layout-flex wp-container-core-columns-is-layout-28f84493 wp-block-columns-is-layout-flex\">\n<div class=\"wp-block-column is-layout-flow wp-block-column-is-layout-flow\" style=\"flex-basis:100%\">\n<div class=\"wp-block-columns is-layout-flex wp-container-core-columns-is-layout-28f84493 wp-block-columns-is-layout-flex\">\n<div class=\"wp-block-column is-layout-flow wp-block-column-is-layout-flow\">\n<figure class=\"wp-block-image aligncenter size-full is-resized\"><img loading=\"lazy\" decoding=\"async\" width=\"406\" height=\"503\" src=\"https:\/\/laccei.org\/laccei2025\/wp-content\/uploads\/sites\/7\/2023\/05\/DR.-PRIAMO-RODRIGUEZ-1.png\" alt=\"\" class=\"wp-image-341\" style=\"width:400px;height:auto\" srcset=\"https:\/\/laccei.org\/laccei2025\/wp-content\/uploads\/sites\/7\/2023\/05\/DR.-PRIAMO-RODRIGUEZ-1.png 406w, https:\/\/laccei.org\/laccei2025\/wp-content\/uploads\/sites\/7\/2023\/05\/DR.-PRIAMO-RODRIGUEZ-1-242x300.png 242w\" sizes=\"auto, (max-width: 406px) 100vw, 406px\" \/><\/figure>\n\n\n\n<p class=\"has-text-align-center\"><strong>Premio Dr. Leonardo Alcayhuam\u00e1n Acostupa a tesis de maestr\u00eda<\/strong><\/p>\n<\/div>\n\n\n\n<div class=\"wp-block-column is-layout-flow wp-block-column-is-layout-flow\">\n<figure class=\"wp-block-image aligncenter size-full is-resized\"><img loading=\"lazy\" decoding=\"async\" width=\"401\" height=\"401\" src=\"https:\/\/laccei.org\/laccei2025\/wp-content\/uploads\/sites\/7\/2023\/05\/DR.-LEONARDO-ALCAYHUAMAN-1.jpg\" alt=\"\" class=\"wp-image-340\" style=\"width:484px;height:auto\" srcset=\"https:\/\/laccei.org\/laccei2025\/wp-content\/uploads\/sites\/7\/2023\/05\/DR.-LEONARDO-ALCAYHUAMAN-1.jpg 401w, https:\/\/laccei.org\/laccei2025\/wp-content\/uploads\/sites\/7\/2023\/05\/DR.-LEONARDO-ALCAYHUAMAN-1-300x300.jpg 300w, https:\/\/laccei.org\/laccei2025\/wp-content\/uploads\/sites\/7\/2023\/05\/DR.-LEONARDO-ALCAYHUAMAN-1-150x150.jpg 150w\" sizes=\"auto, (max-width: 401px) 100vw, 401px\" \/><\/figure>\n\n\n\n<p class=\"has-text-align-center\"><strong>Premio Dr. Pr\u00edamo Rodr\u00edguez Castillo a tesis doctoral<\/strong><\/p>\n<\/div>\n<\/div>\n<\/div>\n<\/div>\n\n\n\n<p class=\"has-text-align-center\"><\/p>\n\n\n\n<h4 class=\"wp-block-heading\" style=\"font-size:18px\"><strong>Reglas generales para la presentaci\u00f3n:<\/strong><\/h4>\n\n\n\n<ul style=\"font-size:14px\" class=\"wp-block-list\">\n<li>Tesis presentadas en el 2023, 2024 o el 2025.<\/li>\n\n\n\n<li>Sin costo y totalmente virtual.&nbsp;<\/li>\n\n\n\n<li>Premio de reconocimiento solo a una tesis de maestr\u00eda y una tesis doctoral que obtengan la mayor calificaci\u00f3n.&nbsp;<\/li>\n\n\n\n<li style=\"font-size:14px\">Las presentaciones est\u00e1n limitadas a 3 minutos y quienes excedan los 3 minutos ser\u00e1n descalificados.<\/li>\n\n\n\n<li style=\"font-size:14px\">Se considera que las presentaciones han comenzado cuando el expositor o expositora comienza su presentaci\u00f3n mediante un discurso.&nbsp;<\/li>\n\n\n\n<li style=\"font-size:14px\">Se permite una sola diapositiva est\u00e1tica en la presentaci\u00f3n (sin transiciones de diapositivas, animaciones o &#8220;movimientos&#8221; de cualquier tipo).&nbsp;<\/li>\n\n\n\n<li style=\"font-size:14px\">El video de 3 minutos debe ser continuo, sin modificaciones ni interrupciones de sonido.<\/li>\n\n\n\n<li style=\"font-size:14px\">No se permiten accesorios adicionales (por ejemplo, disfraces, instrumentos musicales, equipos de laboratorio y fondos animados) dentro de la grabaci\u00f3n.<\/li>\n\n\n\n<li style=\"font-size:14px\">Las presentaciones deben ser habladas (por ejemplo, no poemas, raps o canciones).<\/li>\n\n\n\n<li style=\"font-size:14px\">No se permiten medios electr\u00f3nicos adicionales (por ejemplo, archivos de sonido y video) dentro de la grabaci\u00f3n de video.<\/li>\n\n\n\n<li style=\"font-size:14px\">La decisi\u00f3n del jurado de adjudicaci\u00f3n es definitiva.<\/li>\n<\/ul>\n\n\n\n<h4 class=\"wp-block-heading\" style=\"font-size:18px\"><strong><strong>Pautas para el env\u00edo<\/strong>:<\/strong><\/h4>\n\n\n\n<ul style=\"font-size:14px\" class=\"wp-block-list\">\n<li style=\"font-size:14px\">Deben enviarse dos archivos: uno con un resumen extendido de la investigaci\u00f3n (para ser publicado en los proceedings, ver <a href=\"https:\/\/laccei.org\/LACCEI_uploads\/Template_LACCEI-2025-Before_Peer_Review-Phase01.doc\">TEMPLATE<\/a>) y el otro con el video.\u00a0<\/li>\n\n\n\n<li>Pueden revisar algunas recomendaciones para el video en el siguiente enlace <a href=\"https:\/\/threeminutethesis.uq.edu.au\/3mt-video-recording-competitor-guide\"><mark style=\"background-color:rgba(0, 0, 0, 0)\" class=\"has-inline-color has-primary-color\">\u201cOrientaciones para presentaciones\u201d<\/mark><\/a>.&nbsp;<\/li>\n\n\n\n<li>Click <a href=\"https:\/\/www.conftool.pro\/laccei2025\/\"><mark style=\"background-color:rgba(0, 0, 0, 0)\" class=\"has-inline-color has-primary-color\">aqu\u00ed<\/mark><\/a> para ir al sitio web de ConfTool. Usar el track: \u201cInternational Master Thesis or International Doctoral Thesis\u201d.\n<ul class=\"wp-block-list\">\n<li>Click <a href=\"https:\/\/docs.google.com\/presentation\/d\/1caPiXE7rwCVWeVk10FFrUxp4YL4n5rTbzmjtSUh-cn8\/edit#slide=id.p\"><mark style=\"background-color:rgba(0, 0, 0, 0)\" class=\"has-inline-color has-primary-color\">aqu\u00ed<\/mark><\/a> para instrucciones de c\u00f3mo subir los archivos.<\/li>\n<\/ul>\n<\/li>\n\n\n\n<li>Plantilla del Powerpoint para la presentaci\u00f3n: <a href=\"https:\/\/laccei.org\/LACCEI_uploads\/Presentation-3MTLACCEI-2024.ppt\"><mark style=\"background-color:rgba(0, 0, 0, 0)\" class=\"has-inline-color has-primary-color\">Aqu\u00ed<\/mark><\/a>.<\/li>\n<\/ul>\n\n\n\n<h4 class=\"wp-block-heading\" style=\"font-size:18px\"><strong>Criterios de evaluaci\u00f3n del jurado:<\/strong><\/h4>\n\n\n\n<p style=\"font-size:14px\">El jurado estar\u00e1 integrado por tres profesionales expertos. Cada trabajo ser\u00e1 evaluado seg\u00fan los criterios de evaluaci\u00f3n (puede ver la r\u00fabrica de evaluaci\u00f3n HERE) que se enumeran a continuaci\u00f3n:<\/p>\n\n\n\n<p style=\"font-size:14px\"><strong>Comprensi\u00f3n y contenido<\/strong><\/p>\n\n\n\n<ul style=\"font-size:14px\" class=\"wp-block-list\">\n<li style=\"font-size:14px\">Presenta el problema y\/u objetivo: Implica exponer a los destinatarios de forma clara cu\u00e1l es el objetivo del estudio: en qu\u00e9 campo se inserta el estudio, qu\u00e9 informaci\u00f3n hay al respecto, cu\u00e1l es el alcance.<\/li>\n\n\n\n<li>Describe la metodolog\u00eda: En la ciencia lo m\u00e1s importante es c\u00f3mo se llevaron adelante los estudios. Por tanto, en esta secci\u00f3n se espera que muestre de forma abreviada cu\u00e1les fueron las decisiones metodol\u00f3gicas del estudio para lograr el objetivo.&nbsp;<\/li>\n\n\n\n<li>Presenta de manera clara y precisa los resultados y conclusiones<strong>.<\/strong> Se trata de presentar los principales resultados del proyecto: datos y argumentos. Deben presentarse f\u00f3rmulas, gr\u00e1ficos, tablas que sean legibles.&nbsp;<\/li>\n<\/ul>\n\n\n\n<p style=\"font-size:14px\"><strong>Compromiso y comunicaci\u00f3n<\/strong><\/p>\n\n\n\n<ul style=\"font-size:14px\" class=\"wp-block-list\">\n<li style=\"font-size:14px\">El discurso fue pronunciado con claridad y el lenguaje era apropiado para un p\u00fablico no especializado.<\/li>\n\n\n\n<li>Utiliza las plantillas en los formatos solicitados, incluyendo todos los elementos significativos, desde el t\u00edtulo hasta las referencias. La informaci\u00f3n gr\u00e1fica (im\u00e1genes, cuadros, tablas) es pertinente y legible.<\/li>\n\n\n\n<li>El presentador o presentadora transmiti\u00f3 entusiasmo por su investigaci\u00f3n y capt\u00f3 y mantuvo la atenci\u00f3n del p\u00fablico.<\/li>\n<\/ul>\n\n\n\n<h2 class=\"wp-block-heading\">Sobre el reconocimiento: <\/h2>\n\n\n\n<ul style=\"font-size:14px\" class=\"wp-block-list\">\n<li style=\"font-size:14px\">El reconocimiento se otorgar\u00e1 a una tesis de maestr\u00eda y una tesis doctoral.&nbsp;<\/li>\n\n\n\n<li>Se otorga el reconocimiento a quienes obtengan la mayor calificaci\u00f3n para cada categor\u00eda (maestr\u00eda y doctoral). <\/li>\n<\/ul>\n\n\n\n<h2 class=\"wp-block-heading\">Fecha importante: <\/h2>\n\n\n\n<p>Quienes deseen participar deben registrarse y subir los archivos (resumen y video) al sistema hasta el <strong>7 de abril de 2025.<\/strong><\/p>\n","protected":false},"excerpt":{"rendered":"<p>Reconocimientos a Tesis de Maestr\u00eda y Doctoradoen la Ingenier\u00eda (3MT\u00ae) En este 2025 nos complace anunciar que los reconocimientos a las tesis de maestr\u00eda y doctorado vinculadas con Ingenier\u00eda se unir\u00e1 a la iniciativa de la Universidad de Queensland (Australia) llamada Three Minute Thesis (3MT\u00ae)&nbsp;que inici\u00f3 en 2008 y en la actualidad se lleva a [&hellip;]<\/p>\n","protected":false},"author":1,"featured_media":0,"parent":0,"menu_order":0,"comment_status":"closed","ping_status":"closed","template":"","meta":{"footnotes":""},"class_list":["post-339","page","type-page","status-publish","hentry"],"_links":{"self":[{"href":"https:\/\/laccei.org\/laccei2025\/wp-json\/wp\/v2\/pages\/339","targetHints":{"allow":["GET"]}}],"collection":[{"href":"https:\/\/laccei.org\/laccei2025\/wp-json\/wp\/v2\/pages"}],"about":[{"href":"https:\/\/laccei.org\/laccei2025\/wp-json\/wp\/v2\/types\/page"}],"author":[{"embeddable":true,"href":"https:\/\/laccei.org\/laccei2025\/wp-json\/wp\/v2\/users\/1"}],"replies":[{"embeddable":true,"href":"https:\/\/laccei.org\/laccei2025\/wp-json\/wp\/v2\/comments?post=339"}],"version-history":[{"count":30,"href":"https:\/\/laccei.org\/laccei2025\/wp-json\/wp\/v2\/pages\/339\/revisions"}],"predecessor-version":[{"id":1421,"href":"https:\/\/laccei.org\/laccei2025\/wp-json\/wp\/v2\/pages\/339\/revisions\/1421"}],"wp:attachment":[{"href":"https:\/\/laccei.org\/laccei2025\/wp-json\/wp\/v2\/media?parent=339"}],"curies":[{"name":"wp","href":"https:\/\/api.w.org\/{rel}","templated":true}]}}