{"id":29,"date":"2023-03-11T03:02:19","date_gmt":"2023-03-11T03:02:19","guid":{"rendered":"https:\/\/laccei.org\/laccei2025\/?page_id=29"},"modified":"2025-06-13T13:11:53","modified_gmt":"2025-06-13T13:11:53","slug":"authors","status":"publish","type":"page","link":"https:\/\/laccei.org\/laccei2025\/authors\/","title":{"rendered":"Authors"},"content":{"rendered":"\n<h4 class=\"wp-block-heading\" style=\"font-size:18px\"><strong>Important documents:<\/strong><\/h4>\n\n\n\n<ul class=\"wp-block-list\">\n<li><s>Paper template (<mark style=\"background-color:#def6ff\" class=\"has-inline-color\">English<\/mark>): FP, and WP (Before review) &amp; Paper template (<mark style=\"background-color:#def6ff\" class=\"has-inline-color\">En espa\u00f1ol<\/mark>): FP, and WP (Antes de revisi\u00f3n)<\/s>\n<ul class=\"wp-block-list\">\n<li>Checklist paper: before submitting it through the ConfTool (English): <a href=\"https:\/\/laccei.org\/LACCEI_uploads\/Checklist-LACCEI_LEIRD-English.pdf\" data-type=\"link\" data-id=\"https:\/\/laccei.org\/LACCEI_uploads\/Checklist-LACCEI_LEIRD-English.pdf\" target=\"_blank\" rel=\"noreferrer noopener\">click here<\/a> \u2705.<\/li>\n\n\n\n<li>Checklist para paper antes de enviar en ConfTool (Espa\u00f1ol): <a href=\"https:\/\/laccei.org\/LACCEI_uploads\/Checklist-LACCEI_LEIRD-Spanish.pdf\" data-type=\"link\" data-id=\"https:\/\/laccei.org\/LACCEI_uploads\/Checklist-LACCEI_LEIRD-Spanish.pdf\" target=\"_blank\" rel=\"noreferrer noopener\">click here<\/a> \u2713.<\/li>\n<\/ul>\n<\/li>\n\n\n\n<li>Accepted paper template in english: <mark style=\"background-color:#8ed1fc\" class=\"has-inline-color\"><a href=\"https:\/\/laccei.org\/LACCEI_uploads\/Template2025-LACCEI_FINAL.doc\">click here<\/a> <\/mark>&amp; Plantilla (<a href=\"https:\/\/laccei.org\/LACCEI_uploads\/Template2025-LACCEI_FINAL.doc\" data-type=\"link\" data-id=\"https:\/\/laccei.org\/LACCEI_uploads\/Template2025-LACCEI_FINAL.doc\"><mark style=\"background-color:#8ed1fc\" class=\"has-inline-color\">template<\/mark><\/a>) del paper aceptado en espa\u00f1ol\n<ul class=\"wp-block-list\">\n<li>Only accepted (FP, and WP)<\/li>\n\n\n\n<li>You must include the forms of identification removed in the previous version (authors&#8217; names, emails and affiliations) and the comments\/suggestions of the reviewers. PDF only.<\/li>\n<\/ul>\n<\/li>\n\n\n\n<li><a href=\"https:\/\/docs.google.com\/presentation\/d\/1caPiXE7rwCVWeVk10FFrUxp4YL4n5rTbzmjtSUh-cn8\/edit#slide=id.p\">Submit your Paper<\/a><\/li>\n\n\n\n<li><a href=\"https:\/\/laccei.org\/LACCEI_uploads\/Presentation-LACCEI-2025.ppt\">Presentation Template<\/a><\/li>\n\n\n\n<li><a href=\"https:\/\/laccei.org\/LACCEI_uploads\/How_to_convert_slides_in_a_video.pps\">How to convert slides into videos<\/a><\/li>\n\n\n\n<li><a href=\"https:\/\/docs.google.com\/presentation\/d\/101CzkWGUTdJYGNmCJLY30nQn5ggdcHUjTgboiRGxdxs\/edit#slide=id.p\">Submit the Final Version<\/a><\/li>\n\n\n\n<li><a href=\"https:\/\/laccei.org\/LACCEI_uploads\/Poster-LACCEI-2025-WP_and_SP-IN_PERSON.ppt\" target=\"_blank\" rel=\"noreferrer noopener\">Poster Template (WP and SP)<\/a><\/li>\n<\/ul>\n\n\n\n<figure class=\"wp-block-image aligncenter size-full is-resized\"><img loading=\"lazy\" decoding=\"async\" width=\"1024\" height=\"768\" src=\"https:\/\/laccei.org\/laccei2025\/wp-content\/uploads\/sites\/7\/2024\/10\/Diagrama-flujo-LACCEI-25.png\" alt=\"\" class=\"wp-image-1222\" style=\"width:600px\" srcset=\"https:\/\/laccei.org\/laccei2025\/wp-content\/uploads\/sites\/7\/2024\/10\/Diagrama-flujo-LACCEI-25.png 1024w, https:\/\/laccei.org\/laccei2025\/wp-content\/uploads\/sites\/7\/2024\/10\/Diagrama-flujo-LACCEI-25-300x225.png 300w, https:\/\/laccei.org\/laccei2025\/wp-content\/uploads\/sites\/7\/2024\/10\/Diagrama-flujo-LACCEI-25-768x576.png 768w\" sizes=\"auto, (max-width: 1024px) 100vw, 1024px\" \/><\/figure>\n\n\n\n<p style=\"font-size:18px\"><strong>Modalities of participation with papers:<\/strong><\/p>\n\n\n\n<ul class=\"wp-block-list\">\n<li>Full Paper (FP) information: <a href=\"https:\/\/laccei.org\/laccei2025\/fp-laccei2025\/\"><mark style=\"background-color:#08ACF2\" class=\"has-inline-color has-base-color\">click here.<\/mark><\/a><\/li>\n\n\n\n<li>Work in Progress (WP) information: <a href=\"https:\/\/laccei.org\/laccei2025\/work-in-progress-laccei-2025\/\"><mark style=\"background-color:#004E98\" class=\"has-inline-color has-base-color\">click here.<\/mark><\/a><\/li>\n\n\n\n<li>Student Competition (SP) information: click <a href=\"https:\/\/laccei.org\/laccei2025\/student\/\"><mark style=\"background-color:#498467\" class=\"has-inline-color has-base-color\">here<\/mark><\/a><mark style=\"background-color:#498467\" class=\"has-inline-color has-base-color\">.<\/mark><\/li>\n<\/ul>\n\n\n\n<p style=\"font-size:18px\"><strong>Important information for authors<\/strong><\/p>\n\n\n\n<ol style=\"font-size:15px\" class=\"wp-block-list\">\n<li><strong>LACCEI<\/strong>&nbsp;accepts papers written in English, Spanish, Portuguese, or French not exceeding 6 to 10 pages for full papers (FP) and 2 to 5 pages for work in progress (WP). The cover is not considered a page.<\/li>\n\n\n\n<li>Papers should be submitted in PDF in conformance with the&nbsp;<strong>L<strong>ACCEI<\/strong><\/strong>&nbsp;paper format. To download the paper template, please click&nbsp;<strong><a href=\"https:\/\/laccei.org\/LACCEI_uploads\/Template2024-LACCEI_2024.doc\" target=\"_blank\" rel=\"noreferrer noopener\">HERE<\/a><\/strong>.<\/li>\n\n\n\n<li>There is a limit of 3 papers per author (includes co-author) and 7 authors per paper.<\/li>\n\n\n\n<li>To be included in the Conference program and published in the Proceedings of&nbsp;<strong>L<strong>ACCEI<\/strong> 2025<\/strong>, the non-refundable registration of at least one author (not a Student Registration) is required.<\/li>\n\n\n\n<li>One author registration includes the processing fee of one paper. Additional accepted refereed papers from the same author will be included in the program and the Proceedings of&nbsp;<strong>L<strong>ACCEI<\/strong> 2025<\/strong>&nbsp;at a&nbsp;cost of USD $75 paper processing fee each.<\/li>\n\n\n\n<li><strong>L<strong>ACCEI<\/strong><\/strong>&nbsp;reserves the right to exclude a submission from the proceedings if there is no paid registration associated with the full paper or work in progress paper. In the event that no author can present, or for any clarification needed please contact&nbsp;<a href=\"mailto:laccei2024@conftool.pro\" data-type=\"mailto\" data-id=\"mailto:laccei2024@conftool.pro\" target=\"_blank\" rel=\"noreferrer noopener\">laccei2024@conftool.pro<\/a>&nbsp;prior to the conference.<\/li>\n\n\n\n<li>Student Competition submissions require at least one author registration (not the faculty mentor) and must be presented by a student author. Please refer to the Rules of the International Student Research Paper and Poster Competitions, please click&nbsp;<strong><a href=\"https:\/\/laccei.org\/laccei2025\/student\/\" target=\"_blank\" rel=\"noreferrer noopener\">HERE<\/a><\/strong>.<\/li>\n\n\n\n<li><strong>L<strong>ACCEI<\/strong><\/strong>&nbsp;Proceedings are a free open access publication, this requires that, once the paper is accepted, the first-named author consent through an electronic copyright assignment agreement.<\/li>\n<\/ol>\n\n\n\n<p style=\"font-size:15px\"><strong>INFORMACI\u00d3N IMPORTANTE PARA AUTORES<\/strong> (Espa\u00f1ol)<\/p>\n\n\n\n<ol style=\"font-size:15px\" class=\"wp-block-list\">\n<li><strong>L<strong>ACCEI<\/strong><\/strong>&nbsp;acepta trabajos en ingl\u00e9s, espa\u00f1ol, portugu\u00e9s o franc\u00e9s que no excedan de 6 a&nbsp;10 p\u00e1ginas para art\u00edculos largos (full papers-FP) y de 2 a 5 p\u00e1ginas para art\u00edculos cortos&nbsp;(work in progress-WP). No se toma en cuenta el cover como p\u00e1gina.<\/li>\n\n\n\n<li>Los trabajos deben enviarse en PDF en el formato establecido por&nbsp;<strong>L<strong>ACCEI<\/strong><\/strong>. Para&nbsp;descargar el formato, haga clic&nbsp;<strong><a href=\"https:\/\/laccei.org\/LACCEI_uploads\/Template2024-LACCEI_2024.doc\" data-type=\"URL\" data-id=\"https:\/\/laccei.org\/LACCEI_uploads\/LEIRDTemplate2023-Before_Peer_Review.doc\" target=\"_blank\" rel=\"noreferrer noopener\">AQU\u00cd<\/a>.<\/strong><\/li>\n\n\n\n<li>Hay un l\u00edmite de 3 trabajos por autor (incluye el co-author) y 7 autores por trabajo.<\/li>\n\n\n\n<li>Para ser incluido en el programa de la Conferencia y publicado en las Actas de&nbsp;<strong>L<strong>ACCEI<\/strong>&nbsp;2025<\/strong>, se requiere el registro no reembolsable de al menos un autor (no un Registro&nbsp;de Estudiante).<\/li>\n\n\n\n<li>La inscripci\u00f3n de un autor en la conferencia le da derecho al procesamiento de un&nbsp;art\u00edculo. Trabajos adicionales del mismo autor que sean aceptados podr\u00e1n incluirse&nbsp;en el programa de la Conferencia y en las memorias de&nbsp;<strong>L<strong>ACCEI<\/strong> 2025<\/strong>&nbsp;mediante un costo&nbsp;adicional de&nbsp;USD $ 75 cada uno&nbsp;para cubrir los costos de procesamiento.<\/li>\n\n\n\n<li><strong>L<strong>ACCEI<\/strong><\/strong>&nbsp;se reserva el derecho de no incluir la presentaci\u00f3n de un trabajo en el&nbsp;programa de la conferencia o de no publicarlo si no se efect\u00faan los pagos que&nbsp;corresponden. En el caso de que ning\u00fan autor pueda presentar el trabajo o de ser necesaria cualquier aclaraci\u00f3n, se recomienda ponerse en contacto anticipadamente&nbsp;con la administraci\u00f3n de la conferencia mediante&nbsp;<a href=\"mailto:laccei2024@conftool.pro\" data-type=\"mailto\" data-id=\"mailto:laccei2024@conftool.pro\" target=\"_blank\" rel=\"noreferrer noopener\">laccei2024@conftool.pro<\/a>.<\/li>\n\n\n\n<li>Los trabajos sometidos al Certamen Estudiantil requieren la inscripci\u00f3n de al menos&nbsp;uno de sus autores (no del profesor mentor) y debe ser presentada por un estudiante&nbsp;autor. Refi\u00e9rase a las Reglas del Certamen Estudiantil, por favor de clic&nbsp;<strong><a href=\"https:\/\/laccei.org\/laccei2025\/student-competition-spanish\/\" target=\"_blank\" rel=\"noreferrer noopener\">AQUI<\/a><\/strong>.<\/li>\n\n\n\n<li>Las Memorias de&nbsp;<strong>LACCEI 2025<\/strong>&nbsp;son una publicaci\u00f3n gratuita de acceso abierto, esto&nbsp;requiere que, una vez aceptado el art\u00edculo, el autor nombrado en primer lugar d\u00e9 el&nbsp;consentimiento para publicar a trav\u00e9s de un acuerdo electr\u00f3nico de cesi\u00f3n de&nbsp;derechos de autor.<\/li>\n<\/ol>\n\n\n\n<p style=\"font-size:18px\"><strong>Links for authors<\/strong><\/p>\n\n\n\n<ol style=\"font-size:15px\" class=\"wp-block-list\">\n<li>LACCEI <a href=\"https:\/\/laccei.org\/ethics-and-malpractice-statement\/\">Ethics and Malpractice Statement<\/a>.<\/li>\n\n\n\n<li><a href=\"https:\/\/laccei.org\/laccei-plagiarism-policy\/\">LACCEI Plagiarism Policy<\/a><\/li>\n<\/ol>\n","protected":false},"excerpt":{"rendered":"<p>Important documents: Modalities of participation with papers: Important information for authors INFORMACI\u00d3N IMPORTANTE PARA AUTORES (Espa\u00f1ol) Links for authors<\/p>\n","protected":false},"author":2,"featured_media":0,"parent":0,"menu_order":0,"comment_status":"closed","ping_status":"closed","template":"","meta":{"footnotes":""},"class_list":["post-29","page","type-page","status-publish","hentry"],"_links":{"self":[{"href":"https:\/\/laccei.org\/laccei2025\/wp-json\/wp\/v2\/pages\/29","targetHints":{"allow":["GET"]}}],"collection":[{"href":"https:\/\/laccei.org\/laccei2025\/wp-json\/wp\/v2\/pages"}],"about":[{"href":"https:\/\/laccei.org\/laccei2025\/wp-json\/wp\/v2\/types\/page"}],"author":[{"embeddable":true,"href":"https:\/\/laccei.org\/laccei2025\/wp-json\/wp\/v2\/users\/2"}],"replies":[{"embeddable":true,"href":"https:\/\/laccei.org\/laccei2025\/wp-json\/wp\/v2\/comments?post=29"}],"version-history":[{"count":43,"href":"https:\/\/laccei.org\/laccei2025\/wp-json\/wp\/v2\/pages\/29\/revisions"}],"predecessor-version":[{"id":1641,"href":"https:\/\/laccei.org\/laccei2025\/wp-json\/wp\/v2\/pages\/29\/revisions\/1641"}],"wp:attachment":[{"href":"https:\/\/laccei.org\/laccei2025\/wp-json\/wp\/v2\/media?parent=29"}],"curies":[{"name":"wp","href":"https:\/\/api.w.org\/{rel}","templated":true}]}}