{"id":1471,"date":"2025-03-05T21:51:38","date_gmt":"2025-03-05T21:51:38","guid":{"rendered":"https:\/\/laccei.org\/laccei2025\/?page_id=1471"},"modified":"2025-07-13T00:02:46","modified_gmt":"2025-07-13T00:02:46","slug":"cumbre-de-altas-autoridades","status":"publish","type":"page","link":"https:\/\/laccei.org\/laccei2025\/cumbre-de-altas-autoridades\/","title":{"rendered":"Cumbre de Altas Autoridades"},"content":{"rendered":"\n<h2 class=\"wp-block-heading has-text-align-center\">Cumbre de Altas Autoridades: Gobernanza y Liderazgo para la Transformaci\u00f3n Universitaria desde la Ingenier\u00eda<br><em>Summit of High Authorities: Governance and Leadership for University Transformation from Engineering<\/em><\/h2>\n\n\n\n<p>LACCEI est\u00e1 organizando la primera reuni\u00f3n presencial de las Altas Autoridades Universitarias (Rectores &amp; Vicerrectores) de las instituciones de ingenier\u00eda de las Am\u00e9ricas dentro del marco de la multiconferencia LACCEI 2025, en Ciudad de M\u00e9xico. Los t\u00f3picos son:<\/p>\n\n\n\n<ul class=\"wp-block-list\">\n<li>Innovaci\u00f3n en la gesti\u00f3n universitaria (acad\u00e9mica y administrativa)<\/li>\n\n\n\n<li>Integraci\u00f3n de tecnolog\u00edas emergentes<\/li>\n\n\n\n<li>Formaci\u00f3n de l\u00edderes en ingenier\u00eda<\/li>\n\n\n\n<li>Alianzas estrat\u00e9gicas<\/li>\n\n\n\n<li>Sostenibilidad y responsabilidad social<\/li>\n<\/ul>\n\n\n\n<hr class=\"wp-block-separator has-alpha-channel-opacity\"\/>\n\n\n\n<h2 class=\"wp-block-heading has-text-align-center\">Agenda<\/h2>\n\n\n\n<h2 class=\"wp-block-heading\">Jueves 17 de julio, 2025<\/h2>\n\n\n\n<ul class=\"wp-block-list\">\n<li>20:00-23.00: Gala Dinner<\/li>\n<\/ul>\n\n\n\n<h2 class=\"wp-block-heading\">Viernes 18 de julio, 2025<\/h2>\n\n\n\n<ul class=\"wp-block-list\">\n<li>11:00-12.30: Panel\/Workshop<\/li>\n<\/ul>\n\n\n\n<hr class=\"wp-block-separator has-alpha-channel-opacity\"\/>\n\n\n\n<h2 class=\"wp-block-heading\">Costos<\/h2>\n\n\n\n<ul class=\"wp-block-list\">\n<li>Miembros: FREE<\/li>\n\n\n\n<li>No miembros: 250 USD<\/li>\n<\/ul>\n\n\n\n<hr class=\"wp-block-separator has-alpha-channel-opacity\"\/>\n\n\n\n<p><strong>Coordinator<\/strong>: Giovanny Mauricio Tarazona Berm\u00fadez, PhD. Rector de la Universidad Distrital Francisco Jos\u00e9 de Caldas &#8211; Colombia<br><a href=\"mailto:gtarazona@udistrital.edu.co\" data-type=\"mailto\" data-id=\"mailto:gtarazona@udistrital.edu.co\" target=\"_blank\" rel=\"noreferrer noopener\">gtarazona@udistrital.edu.co<\/a><\/p>\n\n\n\n<p>Mayor informaci\u00f3n: <a href=\"mailto:info@laccei.org\">info@laccei.org<\/a> <\/p>\n","protected":false},"excerpt":{"rendered":"<p>Cumbre de Altas Autoridades: Gobernanza y Liderazgo para la Transformaci\u00f3n Universitaria desde la Ingenier\u00edaSummit of High Authorities: Governance and Leadership for University Transformation from Engineering LACCEI est\u00e1 organizando la primera reuni\u00f3n presencial de las Altas Autoridades Universitarias (Rectores &amp; Vicerrectores) de las instituciones de ingenier\u00eda de las Am\u00e9ricas dentro del marco de la multiconferencia LACCEI [&hellip;]<\/p>\n","protected":false},"author":1,"featured_media":0,"parent":0,"menu_order":0,"comment_status":"closed","ping_status":"closed","template":"","meta":{"footnotes":""},"class_list":["post-1471","page","type-page","status-publish","hentry"],"_links":{"self":[{"href":"https:\/\/laccei.org\/laccei2025\/wp-json\/wp\/v2\/pages\/1471","targetHints":{"allow":["GET"]}}],"collection":[{"href":"https:\/\/laccei.org\/laccei2025\/wp-json\/wp\/v2\/pages"}],"about":[{"href":"https:\/\/laccei.org\/laccei2025\/wp-json\/wp\/v2\/types\/page"}],"author":[{"embeddable":true,"href":"https:\/\/laccei.org\/laccei2025\/wp-json\/wp\/v2\/users\/1"}],"replies":[{"embeddable":true,"href":"https:\/\/laccei.org\/laccei2025\/wp-json\/wp\/v2\/comments?post=1471"}],"version-history":[{"count":5,"href":"https:\/\/laccei.org\/laccei2025\/wp-json\/wp\/v2\/pages\/1471\/revisions"}],"predecessor-version":[{"id":1699,"href":"https:\/\/laccei.org\/laccei2025\/wp-json\/wp\/v2\/pages\/1471\/revisions\/1699"}],"wp:attachment":[{"href":"https:\/\/laccei.org\/laccei2025\/wp-json\/wp\/v2\/media?parent=1471"}],"curies":[{"name":"wp","href":"https:\/\/api.w.org\/{rel}","templated":true}]}}