{"id":1166,"date":"2024-09-23T22:18:34","date_gmt":"2024-09-23T22:18:34","guid":{"rendered":"https:\/\/laccei.org\/laccei2025\/?page_id=1166"},"modified":"2025-07-09T15:41:24","modified_gmt":"2025-07-09T15:41:24","slug":"ori","status":"publish","type":"page","link":"https:\/\/laccei.org\/laccei2025\/ori\/","title":{"rendered":"Oficinas de Relaciones Internacionales (ORI)"},"content":{"rendered":"\n<h2 class=\"wp-block-heading has-text-align-center\">Primera reuni\u00f3n de las Oficinas de Relaciones Internacionales (ORI) de las Instituciones de Ingenier\u00eda y Tecnolog\u00edas de las Am\u00e9ricas<br><em>First meeting of the International Relations Offices of the Engineering and Technology Institutions of the Americas<\/em><\/h2>\n\n\n\n<p>LACCEI y el Comit\u00e9 Permanente de Internacionalizaci\u00f3n e Interculturalidad est\u00e1 organizando la primera reuni\u00f3n presencial de las Oficinas de Relaciones Internacionales (ORI) de las instituciones de ingenier\u00eda de las Am\u00e9ricas dentro del marco de la multiconferencia LACCEI 2025, en Ciudad de M\u00e9xico, el martes 15 de julio de 2025 (Hotel Barcelo &#8211; en Reforma). La agenda tentativa es:<\/p>\n\n\n\n<h2 class=\"wp-block-heading\">Martes 15 de julio, 2025<\/h2>\n\n\n\n<ul class=\"wp-block-list\">\n<li>14.30-17.00: Universities Fair (Feria de Universidades)<\/li>\n\n\n\n<li>17.30-19.00: Reuni\u00f3n (solo miembros) de bienvenida de las Oficinas de Relaciones Internacionales (Hotel Barcelo Reforma)\n<ul class=\"wp-block-list\">\n<li>Coordinador: Ing. Jaime Diaz<\/li>\n<\/ul>\n<\/li>\n<\/ul>\n\n\n\n<h2 class=\"wp-block-heading\">Mi\u00e9rcoles 16 de julio, 2025<\/h2>\n\n\n\n<ul class=\"wp-block-list\">\n<li>8-10: Registro<\/li>\n\n\n\n<li>8.30-10.50: Universities Fair (Feria de Universidades) &#8211; Solo miembros.<\/li>\n\n\n\n<li>10.50-11: Coffee break<\/li>\n\n\n\n<li>11.00: Conferencia Magistral de LACCEI 2025<\/li>\n\n\n\n<li>12.30-14:00: Almuerzo<\/li>\n\n\n\n<li>14.00-15.30: Conferencia Magistral: <a href=\"https:\/\/www.linkedin.com\/in\/francisco-huerta-7b993993\/?originalSubdomain=mx\">Dr. Francisco Huerta <\/a>(TEC de Monterrey), &#8220;Movilidad internacional en una universidad multi-campus&#8221;. Modelo de gesti\u00f3n de movilidad de m\u00e1s de seis mil estudiantes.<\/li>\n<\/ul>\n\n\n\n<h2 class=\"wp-block-heading\">Jueves 17 de julio, 2025<\/h2>\n\n\n\n<ul class=\"wp-block-list\">\n<li>12:00-13.00: Propuestas de mesas de trabajo:\n<ul class=\"wp-block-list\">\n<li>Mesa 1: Clases espejo \/ COIL\u00a0&#8211; Jaime D\u00edaz (Universidad Sim\u00f3n Bol\u00edvar de Colombia)<\/li>\n\n\n\n<li>Mesa 2: Doble y triples titulaciones\u00a0&#8211; Claudia Ayala (Universidad Sim\u00f3n Bol\u00edvar de Colombia)<\/li>\n\n\n\n<li>Mesa 3: Movilidad en empresas\u00a0&#8211; Stephanie Garita Johnson (Universidad Fidelitas de Costa Rica)<\/li>\n<\/ul>\n<\/li>\n<\/ul>\n\n\n\n<h2 class=\"wp-block-heading\">Viernes 18 de julio, 2025<\/h2>\n\n\n\n<ul class=\"wp-block-list\">\n<li>11:00-12.30: Panel sobre resultados de Triples Titulaciones<\/li>\n<\/ul>\n\n\n\n<h2 class=\"wp-block-heading\">Comit\u00e9 Organizador<\/h2>\n\n\n\n<ul class=\"wp-block-list\">\n<li>Claudia Ayala <\/li>\n\n\n\n<li>Jaime D\u00edaz<\/li>\n\n\n\n<li>Jose Texier<\/li>\n\n\n\n<li>Luis Fernando Mart\u00ednez Arconada<\/li>\n\n\n\n<li>Stephanie Garita Johnson\u00a0<\/li>\n<\/ul>\n\n\n\n<h2 class=\"wp-block-heading\">Reuniones de preparaci\u00f3n<\/h2>\n\n\n\n<ul class=\"wp-block-list\">\n<li>1ra Reuni\u00f3n &#8211; Lanzamiento del encuentro de las ORIs: 18 de octubre de 2024\n<ul class=\"wp-block-list\">\n<li><a href=\"https:\/\/www.youtube.com\/watch?v=1BUI9cc8LfA\" target=\"_blank\" rel=\"noreferrer noopener\">https:\/\/www.youtube.com\/watch?v=1BUI9cc8LfA<\/a><\/li>\n<\/ul>\n<\/li>\n\n\n\n<li>Pr\u00f3xima reuni\u00f3n\n<ul class=\"wp-block-list\">\n<li>Viernes 13 de diciembre, a las 12 hrs. (Bogota\/Miami).<\/li>\n\n\n\n<li>Link de conexi\u00f3n del Zoom: Comunicarse con Jaime Diaz, el coordinador.<\/li>\n<\/ul>\n<\/li>\n<\/ul>\n\n\n\n<h3 class=\"wp-block-heading\">Coordinator \/ Contact<\/h3>\n\n\n\n<p><strong>Coordinator<\/strong>: Jaime Diaz, Msc.<br>Universidad Sim\u00f3n Bol\u00edvar, Colombia<br><a href=\"mailto:jaime.diazu@unisimon.edu.co\" target=\"_blank\" rel=\"noreferrer noopener\">jaime.diazu@unisimon.edu.co<\/a><\/p>\n\n\n\n<p><strong>Contact LACCEI<\/strong>: <br><a href=\"mailto:initiatives@laccei.org\">initiatives@laccei.org<\/a> (English)<br><a href=\"mailto:iniciativas@laccei.org\" data-type=\"mailto\" data-id=\"mailto:iniciativas@laccei.org\">iniciativas@laccei.org<\/a> (Espa\u00f1ol)<\/p>\n","protected":false},"excerpt":{"rendered":"<p>Primera reuni\u00f3n de las Oficinas de Relaciones Internacionales (ORI) de las Instituciones de Ingenier\u00eda y Tecnolog\u00edas de las Am\u00e9ricasFirst meeting of the International Relations Offices of the Engineering and Technology Institutions of the Americas LACCEI y el Comit\u00e9 Permanente de Internacionalizaci\u00f3n e Interculturalidad est\u00e1 organizando la primera reuni\u00f3n presencial de las Oficinas de Relaciones Internacionales [&hellip;]<\/p>\n","protected":false},"author":1,"featured_media":0,"parent":0,"menu_order":0,"comment_status":"closed","ping_status":"closed","template":"","meta":{"footnotes":""},"class_list":["post-1166","page","type-page","status-publish","hentry"],"_links":{"self":[{"href":"https:\/\/laccei.org\/laccei2025\/wp-json\/wp\/v2\/pages\/1166","targetHints":{"allow":["GET"]}}],"collection":[{"href":"https:\/\/laccei.org\/laccei2025\/wp-json\/wp\/v2\/pages"}],"about":[{"href":"https:\/\/laccei.org\/laccei2025\/wp-json\/wp\/v2\/types\/page"}],"author":[{"embeddable":true,"href":"https:\/\/laccei.org\/laccei2025\/wp-json\/wp\/v2\/users\/1"}],"replies":[{"embeddable":true,"href":"https:\/\/laccei.org\/laccei2025\/wp-json\/wp\/v2\/comments?post=1166"}],"version-history":[{"count":28,"href":"https:\/\/laccei.org\/laccei2025\/wp-json\/wp\/v2\/pages\/1166\/revisions"}],"predecessor-version":[{"id":1657,"href":"https:\/\/laccei.org\/laccei2025\/wp-json\/wp\/v2\/pages\/1166\/revisions\/1657"}],"wp:attachment":[{"href":"https:\/\/laccei.org\/laccei2025\/wp-json\/wp\/v2\/media?parent=1166"}],"curies":[{"name":"wp","href":"https:\/\/api.w.org\/{rel}","templated":true}]}}