{"id":625,"date":"2023-09-27T10:35:39","date_gmt":"2023-09-27T10:35:39","guid":{"rendered":"https:\/\/laccei.org\/laccei2024\/?page_id=625"},"modified":"2024-06-22T19:39:53","modified_gmt":"2024-06-22T19:39:53","slug":"visas-costa-rica","status":"publish","type":"page","link":"https:\/\/laccei.org\/laccei2024\/visas-costa-rica\/","title":{"rendered":"Visas Costa Rica"},"content":{"rendered":"\n<p>La p\u00e1gina web oficial de migraciones de Costa Rica es: <a href=\"https:\/\/www.migracion.go.cr\/Paginas\/Visas.aspx\">https:\/\/www.migracion.go.cr\/Paginas\/Visas.aspx<\/a>. Tambi\u00e9n pueden visitar este sitio web sobre los requisitos de entrada a Costa Rica: <a href=\"https:\/\/www.visitcostarica.com\/es\/costa-rica\/planning-your-trip\/entry-requirements\">click aqu\u00ed<\/a>.<\/p>\n\n\n\n<p>De acuerdo con las Directrices Generales de Visas de Ingreso y Permanencia para no Residentes a Costa Rica <mark style=\"background-color:#08ACF2\" class=\"has-inline-color\">(<a href=\"https:\/\/www.laccei.org\/LACCEI_uploads\/DirectricesGeneralesdeVisas-Octubre_2023.pdf\" data-type=\"link\" data-id=\"https:\/\/drive.google.com\/file\/d\/1M_hagHZEcQ7KtOshVNziMpI-MKwUiQFy\/view?usp=sharing\">VER PDF aqu\u00ed)<\/a><\/mark> los requisitos de ingreso son (mayor informaci\u00f3n consultar a <a href=\"mailto:info@laccei.org\">info@laccei.org<\/a>):<\/p>\n\n\n\n<ol class=\"wp-block-list\">\n<li>Pasaporte o documento de viaje v\u00e1lido. \u00danicamente ser\u00e1n aceptados los pasaportes o documentos de viaje de lectura mec\u00e1nica, de acuerdo con los lineamientos establecidos por la Organizaci\u00f3n de Aviaci\u00f3n Civil Internacional (OACI), y con la vigencia que determina las presentes directrices. <\/li>\n\n\n\n<li>Visa, cuando as\u00ed se requiera seg\u00fan lo establecen las presentes directrices. <\/li>\n\n\n\n<li>Comprobaci\u00f3n de solvencia econ\u00f3mica, con un m\u00ednimo de USD$ 100.00 (cien d\u00f3laresamericanos) por mes o fracci\u00f3n de mes de permanencia legal en el pa\u00eds.<\/li>\n\n\n\n<li>Tiquete, boleto o pasaje de regreso al pa\u00eds de origen o de continuaci\u00f3n de viaje, o bien el plan de navegaci\u00f3n en el que conste el puerto de destino. <\/li>\n\n\n\n<li>No tener impedimento de ingreso al territorio nacional.<\/li>\n\n\n\n<li>Las autoridades de Costa Rica exigir\u00e1n que todos los viajeros procedentes de los siguientes pa\u00edses (Angola, Benin, Burkina Faso, Camer\u00fan, Rep\u00fablica Democr\u00e1tica del Congo, Gab\u00f3n, Gambia, Guinea, Liberia, Nigeria, Sierra Leona, Sud\u00e1n, Bolivia, Venezuela, Brasil, Per\u00fa, Colombia y Ecuador, as\u00ed como la Rep\u00fablica de Guyana) tengan un certificado de vacunaci\u00f3n contra la fiebre amarilla.<\/li>\n\n\n\n<li>Solicitud de prueba PCR para personas extranjeras procedentes de China, Taiwan, Hong Kong o Macao, mas informaci\u00f3n: <a href=\"https:\/\/www.migracion.go.cr\/Paginas\/Varios%20Sin%20Usar\/Apertura-Paulatina-de-Fronteras.aspx\">click aqu\u00ed<\/a>.<\/li>\n\n\n\n<li>Llevar carta de invitaci\u00f3n LACCEI, se descarga en su perfil de usuario en ConfTool.<\/li>\n<\/ol>\n\n\n\n<p>Visas y residencias permitidas para los ingresos:<\/p>\n\n\n\n<ul class=\"wp-block-list\">\n<li>GRUPO INGRESO CON VISA CONSULAR O VISA RESTRINGIDA: Las personas nacionales de los pa\u00edses con requerimiento de visa consular o restringida que cumplan con alguna de las excepciones establecidas a continuaci\u00f3n, podr\u00e1n prescindir de las visas consulares o visas restringidas para ingresar a territorio costarricense:\n<ul class=\"wp-block-list\">\n<li>I. Ingreso con visas y residencias de los Estados Unidos de Am\u00e9rica y Canad\u00e1. Los nacionales de los pa\u00edses con requerimientos de visa consular o restringida que cuenten con visas o residencias que permitan m\u00faltiples ingresos en cualquier categor\u00eda, inclusive la categor\u00eda de persona refugiada y\/o asilo y la visa tipo D y C1\/D exclusivamente, con una vigencia m\u00ednima de 90 d\u00edas naturales en Estados Unidos de Am\u00e9rica y Canad\u00e1 podr\u00e1n prescindir de visa para ingresar a Costa Rica. El plazo de 90 d\u00edas naturales debe contarse a partir del d\u00eda que pretende ingresar a Costa Rica. Las visas de los Estados Unidos de Am\u00e9rica tipo C1, C2 y C3, corresponden a visas de tr\u00e1nsito y no ser\u00e1n aceptadas.<\/li>\n\n\n\n<li>II. Ingreso con residencias de Escocia, Gales, Inglaterra, Irlanda del Norte, Islandia, Noruega, Suiza y los pa\u00edses de la Uni\u00f3n Europea. Los nacionales de los pa\u00edses con requerimiento de visa consular o restringida que cuenten con una residencia en cualquier categor\u00eda que permita m\u00faltiples ingresos o con una vigencia m\u00ednima de 90 d\u00edas naturales, excluida la categor\u00eda de persona refugiada y\/o asilo, en Escocia, Gales, Inglaterra, Irlanda del Norte, Islandia, Noruega, Suiza y los pa\u00edses de la Uni\u00f3n Europea.<\/li>\n<\/ul>\n<\/li>\n<\/ul>\n\n\n\n<p>Pa\u00edses que necesitan y no necesitan visas:<\/p>\n\n\n\n<ul class=\"wp-block-list\">\n<li>PRIMER GRUPO: GRUPOS DE INGRESO A COSTA RICA:  INGRESO SIN VISA. PERMANENCIA M\u00c1XIMA: HASTA 90 D\u00cdAS NATURALES NO PRORROGABLES. VIGENCIA M\u00cdNIMA DE PASAPORTE: HASTA UN D\u00cdA\n<ul class=\"wp-block-list\">\n<li>ALEMANIA<\/li>\n\n\n\n<li>ANDORRA<\/li>\n\n\n\n<li>ARGENTINA*<\/li>\n\n\n\n<li>AUSTRALIA*<\/li>\n\n\n\n<li>AUSTRIA<\/li>\n\n\n\n<li>BAHAMAS<\/li>\n\n\n\n<li>BARBADOS<\/li>\n\n\n\n<li>B\u00c9LGICA<\/li>\n\n\n\n<li>BRASIL<\/li>\n\n\n\n<li>BULGARIA<\/li>\n\n\n\n<li>CANAD\u00c1<\/li>\n\n\n\n<li>CROACIA<\/li>\n\n\n\n<li>CHILE<\/li>\n\n\n\n<li>CHIPRE<\/li>\n\n\n\n<li>DINAMARCA*<\/li>\n\n\n\n<li>EMIRATOS \u00c1RABES UNIDOS<\/li>\n\n\n\n<li>ESLOVAQUIA<\/li>\n\n\n\n<li>ESLOVENIA<\/li>\n\n\n\n<li>ESPA\u00d1A<\/li>\n\n\n\n<li>ESTADO DE CATAR<\/li>\n\n\n\n<li>ESTADOS UNIDOS DE AM\u00c9RICA*<\/li>\n\n\n\n<li>ESTONIA<\/li>\n\n\n\n<li>FINLANDIA<\/li>\n\n\n\n<li>FRANCIA*<\/li>\n\n\n\n<li>HUNGR\u00cdA<\/li>\n\n\n\n<li>IRLANDA<\/li>\n\n\n\n<li>ISLANDIA<\/li>\n\n\n\n<li>ISRAEL<\/li>\n\n\n\n<li>ITALIA<\/li>\n\n\n\n<li>JAP\u00d3N<\/li>\n\n\n\n<li>LETONIA<\/li>\n\n\n\n<li>LIECHTENSTEIN<\/li>\n\n\n\n<li>LITUANIA<\/li>\n\n\n\n<li>LUXEMBURGO<\/li>\n\n\n\n<li>MALTA<\/li>\n\n\n\n<li>M\u00c9XICO<\/li>\n\n\n\n<li>MONTENEGRO<\/li>\n\n\n\n<li>NORUEGA*<\/li>\n\n\n\n<li>NUEVA ZELANDA*<\/li>\n\n\n\n<li>PA\u00cdSES BAJOS (HOLANDA) *<\/li>\n\n\n\n<li>PANAM\u00c1<\/li>\n\n\n\n<li>PARAGUAY<\/li>\n\n\n\n<li>POLONIA<\/li>\n\n\n\n<li>PORTUGAL<\/li>\n\n\n\n<li>PRINCIPADO DE M\u00d3NACO<\/li>\n\n\n\n<li>SAN MARINO<\/li>\n\n\n\n<li>PER\u00da<\/li>\n\n\n\n<li>PUERTO RICO<\/li>\n\n\n\n<li>SERBIA<\/li>\n\n\n\n<li>SUD\u00c1FRICA<\/li>\n\n\n\n<li>REINO UNIDO DE GRAN BRETA\u00d1A** E IRLANDA DEL NORTE<\/li>\n\n\n\n<li>REP\u00daBLICA CHECA<\/li>\n\n\n\n<li>REP\u00daBLICA DE COREA (COREA DEL SUR)<\/li>\n\n\n\n<li>REP\u00daBLICA HEL\u00c9NICA (GRECIA)<\/li>\n\n\n\n<li>RUMANIA<\/li>\n\n\n\n<li>SANTA SEDE VATICANO<\/li>\n\n\n\n<li>SINGAPUR<\/li>\n\n\n\n<li>SUECIA<\/li>\n\n\n\n<li>SUIZA<\/li>\n\n\n\n<li>TRINIDAD Y TOBAGO<\/li>\n\n\n\n<li>UCRANIA<\/li>\n\n\n\n<li>URUGUAY<\/li>\n\n\n\n<li>*Sus dependencias reciben igual tratamiento.<\/li>\n\n\n\n<li>**Incluye Inglaterra, Gales y Escocia.<\/li>\n<\/ul>\n<\/li>\n\n\n\n<li>SEGUNDO GRUPO: INGRESO SIN VISA. PERMANENCIA M\u00c1XIMA: HASTA 30 D\u00cdAS NATURALES. PERMANENCIA M\u00c1XIMA: HASTA LOS TREINTA D\u00cdAS NATURALES (prorrogables hasta un total de noventa d\u00edas naturales, conforme a la legislaci\u00f3n aplicable). VIGENCIA M\u00cdNIMA DE PASAPORTE: 90 D\u00cdAS NATURALES\n<ul class=\"wp-block-list\">\n<li>ANTIGUA Y BARBUDA<\/li>\n\n\n\n<li>BELICE<\/li>\n\n\n\n<li>BOLIVIA<\/li>\n\n\n\n<li>DOMINICA<\/li>\n\n\n\n<li>EL SALVADOR*<\/li>\n\n\n\n<li>ESTADO DE BRUNEI<\/li>\n\n\n\n<li>FEDERACI\u00d3N DE RUSIA*<\/li>\n\n\n\n<li>FILIPINAS<\/li>\n\n\n\n<li>FIYI<\/li>\n\n\n\n<li>GRANADA<\/li>\n\n\n\n<li>GUATEMALA<\/li>\n\n\n\n<li>GUYANA<\/li>\n\n\n\n<li>ISLAS MARIANAS DEL NORTE<\/li>\n\n\n\n<li>ISLAS MARSHALL<\/li>\n\n\n\n<li>ISLAS SALOM\u00d3N<\/li>\n\n\n\n<li>KIRIBATI<\/li>\n\n\n\n<li>MALASIA<\/li>\n\n\n\n<li>MALDIVAS<\/li>\n\n\n\n<li>MAURICIO<\/li>\n\n\n\n<li>MICRONESIA (ESTADOS FEDERADOS)<\/li>\n\n\n\n<li>NAURU<\/li>\n\n\n\n<li>PALAOS<\/li>\n\n\n\n<li>REINO DE TONGA<\/li>\n\n\n\n<li>SAMOA<\/li>\n\n\n\n<li>SAN CRISTOBAL Y NIEVES<\/li>\n\n\n\n<li>SAN VICENTE Y LAS GRANADINAS<\/li>\n\n\n\n<li>SANTA LUC\u00cdA<\/li>\n\n\n\n<li>SANTO TOM\u00c9 Y PRINC\u00cdPE<\/li>\n\n\n\n<li>SEYCHELLES<\/li>\n\n\n\n<li>SURINAM<\/li>\n\n\n\n<li>TAIWAN (REGI\u00d3N)<\/li>\n\n\n\n<li>TUVALU<\/li>\n\n\n\n<li>TURQU\u00cdA<\/li>\n\n\n\n<li>VANUATU<\/li>\n<\/ul>\n<\/li>\n\n\n\n<li>TERCER GRUPO: GRUPO INGRESO CON VISA CONSULAR. VIGENCIA DE LA VISA: UN UNICO INGRESO. EL PLAZO PARA INGRESAR A COSTA RICA: UNA VEZ AUTORIZADA LA VISA SER\u00c1 DEHASTA SESENTA D\u00cdAS A PARTIR DEL ESTAMPADO EN EL PASAPORTE. VIGENCIA M\u00cdNIMA DE PASAPORTE: 180 DIAS NATURALES. PERMANENCIA M\u00c1XIMA: HASTA LOS TREINTA D\u00cdAS NATURALES PRORROGABLESHASTA LOS NOVENTA D\u00cdAS NATURALES.\n<ul class=\"wp-block-list\">\n<li>ALBANIA<\/li>\n\n\n\n<li>ANGOLA<\/li>\n\n\n\n<li>ARABIA SAUD\u00cd<\/li>\n\n\n\n<li>ARGELIA<\/li>\n\n\n\n<li>ARMENIA<\/li>\n\n\n\n<li>BAR\u00c9IN<\/li>\n\n\n\n<li>BEN\u00cdN<\/li>\n\n\n\n<li>BIELORRUSIA<\/li>\n\n\n\n<li>BOSNIA Y HERZEGOVINA<\/li>\n\n\n\n<li>BOTSUANA<\/li>\n\n\n\n<li>BURKINA FASO (ALTO VOLTA)<\/li>\n\n\n\n<li>BURUNDI<\/li>\n\n\n\n<li>BUT\u00c1N<\/li>\n\n\n\n<li>CABO VERDE<\/li>\n\n\n\n<li>CAMBOYA<\/li>\n\n\n\n<li>CAMER\u00daN<\/li>\n\n\n\n<li>COLOMBIA*<\/li>\n\n\n\n<li>COSTA DE MARFIL (C\u00d4TE D&#8217;IVOIRE)<\/li>\n\n\n\n<li>COMORAS<\/li>\n\n\n\n<li>CHAD<\/li>\n\n\n\n<li>ECUADOR<\/li>\n\n\n\n<li>EGIPTO<\/li>\n\n\n\n<li>ESWATINI (ANTES SUAZILANDIA)<\/li>\n\n\n\n<li>GAB\u00d3N<\/li>\n\n\n\n<li>GAMBIA<\/li>\n\n\n\n<li>GEORGIA<\/li>\n\n\n\n<li>GHANA<\/li>\n\n\n\n<li>GUINEA<\/li>\n\n\n\n<li>GUINEA-BIS\u00c1U (GUINEA BISSAU)<\/li>\n\n\n\n<li>GUINEA ECUATORIAL<\/li>\n\n\n\n<li>HONDURAS<\/li>\n\n\n\n<li>INDIA<\/li>\n\n\n\n<li>INDONESIA<\/li>\n\n\n\n<li>JORDANIA<\/li>\n\n\n\n<li>KENIA<\/li>\n\n\n\n<li>KOSOVO<\/li>\n\n\n\n<li>KUWAIT<\/li>\n\n\n\n<li>LESOTO<\/li>\n\n\n\n<li>LIBERIA<\/li>\n\n\n\n<li>LIBIA<\/li>\n\n\n\n<li>L\u00cdBANO<\/li>\n\n\n\n<li>MADAGASCAR<\/li>\n\n\n\n<li>MALAUI<\/li>\n\n\n\n<li>MALI<\/li>\n\n\n\n<li>MARRUECOS<\/li>\n\n\n\n<li>MOLDOVA (MOLDAVIA)<\/li>\n\n\n\n<li>MONGOLIA<\/li>\n\n\n\n<li>MOZAMBIQUE<\/li>\n\n\n\n<li>NAMIBIA<\/li>\n\n\n\n<li>NEPAL<\/li>\n\n\n\n<li>NICARAGUA*<\/li>\n\n\n\n<li>N\u00cdGER<\/li>\n\n\n\n<li>NIGERIA<\/li>\n\n\n\n<li>OM\u00c1N<\/li>\n\n\n\n<li>PAP\u00daA NUEVA GUINEA<\/li>\n\n\n\n<li>REP\u00daBLICA \u00c1RABE SAHARAHUI DEMOCR\u00c1TICA (SAHARA OCCIDENTAL)<\/li>\n\n\n\n<li>REP\u00daBLICA CENTROAFRICANA<\/li>\n\n\n\n<li>REP\u00daBLICA DE MACEDONIA DEL NORTE (ANTES REPUBLICA DE MACEDONIA)<\/li>\n\n\n\n<li>REP\u00daBLICA DEL CONGO<\/li>\n\n\n\n<li>REP\u00daBLICA DEMOCR\u00c1TICA DEL CONGO (ANTES ZAIRE)<\/li>\n\n\n\n<li>REP\u00daBLICA POPULAR CHINA*<\/li>\n\n\n\n<li>REP\u00daBLICA DEMOCR\u00c1TICA POPULAR DE LAOS<\/li>\n\n\n\n<li>REP\u00daBLICA DOMINICANA<\/li>\n\n\n\n<li>RUANDA<\/li>\n\n\n\n<li>SENEGAL<\/li>\n\n\n\n<li>SIERRA LEONA<\/li>\n\n\n\n<li>SUD\u00c1N (SUD\u00c1N DEL NORTE)<\/li>\n\n\n\n<li>SUD\u00c1N DEL SUR<\/li>\n\n\n\n<li>TAILANDIA<\/li>\n\n\n\n<li>TANZANIA<\/li>\n\n\n\n<li>TIMOR ORIENTAL<\/li>\n\n\n\n<li>TOGO<\/li>\n\n\n\n<li>T\u00daNEZ<\/li>\n\n\n\n<li>UGANDA<\/li>\n\n\n\n<li>VENEZUELA*<\/li>\n\n\n\n<li>VIETNAM<\/li>\n\n\n\n<li>YEMEN<\/li>\n\n\n\n<li>YIBUTI<\/li>\n\n\n\n<li>ZAMBIA<\/li>\n\n\n\n<li>ZIMBABUE<\/li>\n\n\n\n<li>*Ver apartado de regulaciones espec\u00edficas para China, Colombia, Nicaragua, y Venezuela<\/li>\n<\/ul>\n<\/li>\n\n\n\n<li>CUARTO GRUPO: GRUPO INGRESO CON VISA RESTRINGIDA. VIGENCIA DE LA VISA: UN \u00daNICO INGRESO. EL PLAZO PARA INGRESAR A COSTA RICA: UNA VEZ AUTORIZADA LA VISA SER\u00c1 DEHASTA SESENTA D\u00cdAS A PARTIR DEL ESTAMPADO EN EL PASAPORTE. VIGENCIA OBLIGATORIA DE PASAPORTE: 180 DIAS NATURALES. PERMANENCIA M\u00c1XIMA: HASTA LOS TREINTA D\u00cdAS NATURALES, PRORROGABLESHASTA LOS NOVENTA D\u00cdAS NATURALES.\n<ul class=\"wp-block-list\">\n<li>AFGANIST\u00c1N<\/li>\n\n\n\n<li>AZERBAIY\u00c1N<\/li>\n\n\n\n<li>BANGLAD\u00c9S<\/li>\n\n\n\n<li>CUBA<\/li>\n\n\n\n<li>ERITREA<\/li>\n\n\n\n<li>ETIOP\u00cdA<\/li>\n\n\n\n<li>HAIT\u00cd<\/li>\n\n\n\n<li>KAZAJIST\u00c1N<\/li>\n\n\n\n<li>KIRGUIST\u00c1N<\/li>\n\n\n\n<li>IR\u00c1N<\/li>\n\n\n\n<li>IRAK<\/li>\n\n\n\n<li>JAMAICA<\/li>\n\n\n\n<li>MAURITANIA<\/li>\n\n\n\n<li>MYANMAR (BIRMANIA)<\/li>\n\n\n\n<li>PAKIST\u00c1N<\/li>\n\n\n\n<li>PALESTINA<\/li>\n\n\n\n<li>REP\u00daBLICA \u00c1RABE SIRIA<\/li>\n\n\n\n<li>REP\u00daBLICA POPULAR DEMOCR\u00c1TICA DE COREA (COREA DEL NORTE)<\/li>\n\n\n\n<li>SOMALIA<\/li>\n\n\n\n<li>SRI LANKA<\/li>\n\n\n\n<li>TAYIKIST\u00c1N<\/li>\n\n\n\n<li>TURKMENIST\u00c1N<\/li>\n\n\n\n<li>UZBEKIST\u00c1N<\/li>\n<\/ul>\n<\/li>\n<\/ul>\n","protected":false},"excerpt":{"rendered":"<p>La p\u00e1gina web oficial de migraciones de Costa Rica es: https:\/\/www.migracion.go.cr\/Paginas\/Visas.aspx. Tambi\u00e9n pueden visitar este sitio web sobre los requisitos de entrada a Costa Rica: click aqu\u00ed. De acuerdo con las Directrices Generales de Visas de Ingreso y Permanencia para no Residentes a Costa Rica (VER PDF aqu\u00ed) los requisitos de ingreso son (mayor informaci\u00f3n [&hellip;]<\/p>\n","protected":false},"author":1,"featured_media":0,"parent":0,"menu_order":0,"comment_status":"closed","ping_status":"closed","template":"","meta":{"footnotes":""},"class_list":["post-625","page","type-page","status-publish","hentry"],"_links":{"self":[{"href":"https:\/\/laccei.org\/laccei2024\/wp-json\/wp\/v2\/pages\/625","targetHints":{"allow":["GET"]}}],"collection":[{"href":"https:\/\/laccei.org\/laccei2024\/wp-json\/wp\/v2\/pages"}],"about":[{"href":"https:\/\/laccei.org\/laccei2024\/wp-json\/wp\/v2\/types\/page"}],"author":[{"embeddable":true,"href":"https:\/\/laccei.org\/laccei2024\/wp-json\/wp\/v2\/users\/1"}],"replies":[{"embeddable":true,"href":"https:\/\/laccei.org\/laccei2024\/wp-json\/wp\/v2\/comments?post=625"}],"version-history":[{"count":14,"href":"https:\/\/laccei.org\/laccei2024\/wp-json\/wp\/v2\/pages\/625\/revisions"}],"predecessor-version":[{"id":1057,"href":"https:\/\/laccei.org\/laccei2024\/wp-json\/wp\/v2\/pages\/625\/revisions\/1057"}],"wp:attachment":[{"href":"https:\/\/laccei.org\/laccei2024\/wp-json\/wp\/v2\/media?parent=625"}],"curies":[{"name":"wp","href":"https:\/\/api.w.org\/{rel}","templated":true}]}}