{"id":310,"date":"2023-05-09T13:38:12","date_gmt":"2023-05-09T13:38:12","guid":{"rendered":"https:\/\/laccei.org\/laccei2024\/?page_id=310"},"modified":"2024-02-14T21:08:08","modified_gmt":"2024-02-14T21:08:08","slug":"preparation-eurace-2024","status":"publish","type":"page","link":"https:\/\/laccei.org\/laccei2024\/preparation-eurace-2024\/","title":{"rendered":"Workshop Preparation EUR-ACE \/ LACCEI 2024"},"content":{"rendered":"\n<h3 class=\"wp-block-heading has-text-align-center\"><mark style=\"background-color:#58c8f8\" class=\"has-inline-color\">Workshop for Preparation<br>\u201c<strong>QUALITY ASSURANCE AND EUR-ACE INTERNATIONAL ACCREDITATION OF ENGINEERING EDUCATION PROGRAMS\u201d<\/strong><\/mark><\/h3>\n\n\n\n<figure class=\"wp-block-image aligncenter size-full\"><img decoding=\"async\" src=\"https:\/\/laccei.org\/wp-content\/uploads\/2023\/04\/download.png\" alt=\"\" class=\"wp-image-1098\"\/><\/figure>\n\n\n\n<p class=\"has-text-align-left\">Los d\u00edas 15 y 16 de julio de 2024, en Buenos Aires (Argentina), como parte de la pre-conferencia LACCEI 2024, se estar\u00e1 realizando el taller de acreditaci\u00f3n (Preparation) con el<a href=\"https:\/\/www.enaee.eu\/eur-ace-system\/\" data-type=\"URL\" data-id=\"https:\/\/www.enaee.eu\/eur-ace-system\/\"><mark style=\"background-color:rgba(0, 0, 0, 0)\" class=\"has-inline-color has-secondary-color\"> sello EUR-ACE<\/mark><\/a> impartido por la Red ENTER (Proyecto Europeo del cual LACCEI es aliado) a trav\u00e9s de los profesores Jos\u00e9 Carlos Quadrado Ph.D. (ENTER) y Kseniya Zaitseva Ph.D. (ENTER).<\/p>\n\n\n\n<p>El taller tiene como objetivo ense\u00f1ar en c\u00f3mo preparar el programa educativo para la acreditaci\u00f3n EUR-ACE (incluida la preparaci\u00f3n de un informe de autoevaluaci\u00f3n y la preparaci\u00f3n para la visita de pares evaluadores). Con esta intenci\u00f3n se pretende facilitar a la comunidad universitaria una herramienta que ayuda conocer bien los criterios y entender todas las etapas del procedimiento de la acreditaci\u00f3n EUR-ACE.<\/p>\n\n\n\n<p><strong>Perfil de acceso:<\/strong><\/p>\n\n\n\n<ol class=\"wp-block-list\">\n<li>Representantes de la comunidad acad\u00e9mica: profesores de instituciones responsables de los&nbsp;contenidos y aspectos organizacionales de los procesos acad\u00e9micos<\/li>\n\n\n\n<li>Representantes de la industria: representantes de negocios, involucrados en procesos de&nbsp;entrenamiento de ingenieros habilitados para evaluar las competencias de estudiantes de pre- y&nbsp;posgrado<\/li>\n\n\n\n<li>Representantes o empleados de \u00e1reas administrativos de universidades o agencias de acreditaci\u00f3n<\/li>\n<\/ol>\n\n\n\n<p><strong>Resultados de aprendizaje (se pretende por participante):<\/strong><\/p>\n\n\n\n<ul class=\"wp-block-list\">\n<li>Conozca los principios avanzados del sistema internacional de acreditaci\u00f3n EUR-ACE;<\/li>\n\n\n\n<li>Conozca los criterios y el procedimiento de acreditaci\u00f3n de programas de ense\u00f1anza de ingenier\u00eda;<\/li>\n\n\n\n<li>Sea capaz de producir e analizar los informes de autoevaluaci\u00f3n de programas de ense\u00f1anza de ingenier\u00eda;<\/li>\n\n\n\n<li>Sea capaz de evaluar el programa educativo en ingenier\u00eda de una forma critica bas\u00e1ndose en Est\u00e1ndares Europeos&nbsp;de acreditaci\u00f3n de programas educativos en ingenier\u00eda.<\/li>\n<\/ul>\n\n\n\n<p><strong>Condiciones:<\/strong><\/p>\n\n\n\n<ul class=\"wp-block-list\">\n<li>Local: Hotel Crowne Plaza San Jose (Costa Rica)<\/li>\n\n\n\n<li>Participantes. M\u00e1ximo de 25 participantes<\/li>\n\n\n\n<li>Idioma: Espa\u00f1ol&nbsp;<\/li>\n\n\n\n<li>Fechas: 15 y 16 de julio 2023<\/li>\n\n\n\n<li>Duraci\u00f3n del taller: 2 d\u00edas<\/li>\n\n\n\n<li>Formato: h\u00edbrido (presencial y virtual)<\/li>\n<\/ul>\n\n\n\n<p><strong>Costos:&nbsp;<\/strong><\/p>\n\n\n\n<ul class=\"wp-block-list\">\n<li>USD $350 \u2013 Miembros LACCEI<\/li>\n\n\n\n<li>USD $700 \u2013 No miembros LACCEI<\/li>\n<\/ul>\n\n\n\n<p><strong>Certificado a los que completan exitosamente:<\/strong> Certificado con logos de la OEA, Ingenier\u00eda para las Am\u00e9ricas, LACCEI y ENTER, detallando competencias cubiertas y horas&nbsp;de capacitaci\u00f3n completada. La certificaci\u00f3n es verificable y va a quedar registrada en LACCEI y ENTER.<\/p>\n\n\n\n<p class=\"has-text-align-left\">Inscripci\u00f3n: <a href=\"https:\/\/docs.google.com\/forms\/d\/e\/1FAIpQLSfxH0s1fzllQbhOjStvJSIOq6e1e5XWVx9hPvRUFywVDSLbNw\/viewform\" data-type=\"URL\" data-id=\"https:\/\/docs.google.com\/forms\/d\/e\/1FAIpQLSfxH0s1fzllQbhOjStvJSIOq6e1e5XWVx9hPvRUFywVDSLbNw\/viewform\"><mark style=\"background-color:#08ACF2\" class=\"has-inline-color has-contrast-color\">click aqu\u00ed<\/mark><\/a><mark style=\"background-color:rgba(0, 0, 0, 0)\" class=\"has-inline-color has-primary-color\">.<\/mark><\/p>\n\n\n\n<p><strong>B\u00f3ton para pago v\u00eda PayPal:<\/strong>&nbsp;<\/p>\n\n\n\n<form action=\"https:\/\/www.paypal.com\/cgi-bin\/webscr\" method=\"post\" target=\"_top\">\n<input type=\"hidden\" name=\"cmd\" value=\"_s-xclick\">\n<input type=\"hidden\" name=\"hosted_button_id\" value=\"Z5Y2TYJXGBDZS\">\n<table>\n<tr><td><input type=\"hidden\" name=\"on0\" value=\"LACCEI EUR-ACE WORKSHOP\">LACCEI EUR-ACE WORKSHOP<\/td><\/tr><tr><td><select name=\"os0\">\n\t<option value=\"Miembros - Registro\">Miembros &#8211; Registro $350.00 USD<\/option>\n\t<option value=\"No miembros - Registro\">No miembros &#8211; Registro $700.00 USD<\/option>\n<\/select> <\/td><\/tr>\n<tr><td><input type=\"hidden\" name=\"on1\" value=\"Nombres y apellidos\">Nombres y apellidos<\/td><\/tr><tr><td><input type=\"text\" name=\"os1\" maxlength=\"200\"><\/td><\/tr>\n<tr><td><input type=\"hidden\" name=\"on2\" value=\"Instituci\u00f3n\">Instituci\u00f3n<\/td><\/tr><tr><td><input type=\"text\" name=\"os2\" maxlength=\"200\"><\/td><\/tr>\n<\/table>\n<input type=\"hidden\" name=\"currency_code\" value=\"USD\">\n<input type=\"image\" src=\"https:\/\/www.paypalobjects.com\/en_US\/i\/btn\/btn_buynowCC_LG.gif\" border=\"0\" name=\"submit\" alt=\"PayPal - The safer, easier way to pay online!\">\n<img loading=\"lazy\" decoding=\"async\" alt=\"\" border=\"0\" src=\"https:\/\/www.paypalobjects.com\/en_US\/i\/scr\/pixel.gif\" width=\"1\" height=\"1\">\n<\/form>\n\n\n\n<p><strong>Conoce a Nuestros PROFESORES:&nbsp;<\/strong><\/p>\n\n\n\n<ul class=\"wp-block-list\">\n<li><strong>Jos\u00e9 Carlos Quadrado (ENAEE)<\/strong>. BSc, MEng, MSc, PhD, DSc, Habil , SEFI Fellow, l\u00edder internacional en educaci\u00f3n de ingenier\u00eda. Actualmente es el presidente de la Red Europea de Acreditaci\u00f3n de Educaci\u00f3n en Ingenier\u00eda (ENAEE) coordinando 15 agencias de acreditaci\u00f3n en el mundo, as\u00ed como el pasado presidente del Consorcio de Instituciones de Ingenier\u00eda de Am\u00e9rica Latina y el Caribe (LACCEI). Es el pasado-presidente de la Federaci\u00f3n Internacional de Sociedades de Educaci\u00f3n en Ingenier\u00eda (IFEES) y el pasado-presidente de la Asociaci\u00f3n Iberoamericana de Educaci\u00f3n en Ingenier\u00eda (ASIBEI). Tambi\u00e9n fue vicepresidente anterior de la Sociedad Europea para la Educaci\u00f3n en Ingenier\u00eda (SEFI) y es el pasado-presidente del Instituto Superior de Ingenier\u00eda de Lisboa (ISEL). Como responsable por la coordinaci\u00f3n del Comit\u00e9 de Acreditaci\u00f3n Internacional de LACCEI es responsable por la promoci\u00f3n de la acreditaci\u00f3n internacional en todo el espacio de Am\u00e9rica Latina as\u00ed como la creaci\u00f3n de&nbsp; agencias de acreditaci\u00f3n de programas de ingenier\u00eda globalmente. Es miembro senior de varias sociedades de ingenier\u00eda y sociedades de educaci\u00f3n en ingenier\u00eda en varios continentes, tambi\u00e9n es profesor visitante en varias universidades de todo el mundo as\u00ed como miembro de la junta directiva de varias sociedades.<br><img loading=\"lazy\" decoding=\"async\" width=\"300\" height=\"133\" src=\"https:\/\/laccei.org\/laccei2024\/wp-content\/uploads\/sites\/5\/2023\/11\/dr-quadrado-zona3-300x133-1.jpg\" alt=\"\"><\/li>\n\n\n\n<li><strong>Kseniya Zaitseva (ENTER)<\/strong>. Es la Secretaria General de la Red ENTER, coordina todos los elementos necesarios para desarrollar y mantener un Registro Internacional de Educadores Profesionales, incluyendo los Programas de Desarrollo Profesional para la formaci\u00f3n pedag\u00f3gica. Tiene un t\u00edtulo de postgrado en M\u00e9todos Matem\u00e1ticos en Econom\u00eda y una Maestr\u00eda en Gesti\u00f3n de la Universidad Polit\u00e9cnica de Tomsk (TPU). Tiene un doctorado (Ph.D) en Ciencias Pedag\u00f3gicas de la Universidad Tecnol\u00f3gica Nacional de Investigaci\u00f3n de Kazan (KNRTU). Como parte de las actividades acad\u00e9micas, actualmente es profesora asociada en la Universidad Polit\u00e9cnica de Tomsk (Departamento de Gesti\u00f3n y Docencia en Educaci\u00f3n Profesional Superior). Como Experta internacional en aseguramiento de la calidad ha participado en numerosas visitas durante la acreditaci\u00f3n profesional internacional de programas educativos, es miembra del EUR-ACE Label Committee. Facilit\u00f3 talleres de aseguramiento de calidad y acreditaci\u00f3n internacional como entrenadora en Rusia y en el extranjero (Asia Central, Am\u00e9rica Latina, EE. UU.). Maneja de manera fluida los idiomas: Ingl\u00e9s, Espa\u00f1ol, Portugues y Ruso.<br><img loading=\"lazy\" decoding=\"async\" width=\"120\" height=\"140\" src=\"https:\/\/laccei.org\/laccei2024\/wp-content\/uploads\/sites\/5\/2023\/11\/Director.jpg\" alt=\"\"><\/li>\n<\/ul>\n\n\n\n<p><strong>ENTER (<\/strong><strong><u>EngineeriNg educaTors pEdagogical tRaining<\/u><\/strong><strong>):<\/strong><\/p>\n\n\n\n<p>El objetivo principal de la Red ENTER es crear un procedimiento de registro individual internacional para&nbsp;evaluar y certificar el nivel de competencia profesional de los educadores de nivel terciario. Si el nivel de&nbsp;competencias profesionales adquirido por los educadores cumple con los criterios basados en las mejores&nbsp;pr\u00e1cticas internacionales, el procedimiento ordena el registro del educador y emite una tarjeta profesional&nbsp;internacional, lo que permite un mayor reconocimiento de las cualificaciones de los educadores profesionales en&nbsp;todo el mundo.<\/p>\n\n\n\n<p>La red ENTER coordina todos los elementos necesarios para desarrollar y mantener un Registro&nbsp;Internacional de Educadores Profesionales y as\u00ed proporcionar&nbsp; transparencia y capacitar a las&nbsp;instituciones de educaci\u00f3n superior para considerar a los educadores certificados de diferentes pa\u00edses&nbsp;para sus puestos de profesorado de alto nivel. Al mismo tiempo, el registro propuesto induce a los&nbsp;educadores a mejorar sus habilidades y competencias en general.<\/p>\n\n\n\n<ul class=\"wp-block-list\">\n<li>La red ENTER busca desarrollar e implementar Programas de Desarrollo Profesional para la formaci\u00f3n pedag\u00f3gica.<\/li>\n\n\n\n<li>La Red ENTER impone un riguroso control de calidad de los Programas de Desarrollo Profesional con&nbsp;revisi\u00f3n de expertos a trav\u00e9s de las normas de gesti\u00f3n de calidad de ENTER.&nbsp;<\/li>\n\n\n\n<li>La Red ENTER regula la base de datos de los Formadores Certificados de los Programas de Desarrollo Profesional.<\/li>\n\n\n\n<li>La Red ENTER regula la base de datos de los Programas de Desarrollo Profesional acreditados con el sello ENTER.&nbsp;<\/li>\n\n\n\n<li>La Red ENTER regula la base de datos de los Formadores Certificados de los Programas de Desarrollo Profesional.<\/li>\n\n\n\n<li>La Red ENTER regula la base de datos de los Programas de Desarrollo Profesional acreditados con el sello ENTER.<\/li>\n<\/ul>\n\n\n\n<p>Para mayor informaci\u00f3n, escribir a <a href=\"mailto:info@laccei.org\">info@laccei.org<\/a><\/p>\n","protected":false},"excerpt":{"rendered":"<p>Workshop for Preparation\u201cQUALITY ASSURANCE AND EUR-ACE INTERNATIONAL ACCREDITATION OF ENGINEERING EDUCATION PROGRAMS\u201d Los d\u00edas 15 y 16 de julio de 2024, en Buenos Aires (Argentina), como parte de la pre-conferencia LACCEI 2024, se estar\u00e1 realizando el taller de acreditaci\u00f3n (Preparation) con el sello EUR-ACE impartido por la Red ENTER (Proyecto Europeo del cual LACCEI es [&hellip;]<\/p>\n","protected":false},"author":1,"featured_media":0,"parent":0,"menu_order":0,"comment_status":"closed","ping_status":"closed","template":"","meta":{"footnotes":""},"class_list":["post-310","page","type-page","status-publish","hentry"],"_links":{"self":[{"href":"https:\/\/laccei.org\/laccei2024\/wp-json\/wp\/v2\/pages\/310","targetHints":{"allow":["GET"]}}],"collection":[{"href":"https:\/\/laccei.org\/laccei2024\/wp-json\/wp\/v2\/pages"}],"about":[{"href":"https:\/\/laccei.org\/laccei2024\/wp-json\/wp\/v2\/types\/page"}],"author":[{"embeddable":true,"href":"https:\/\/laccei.org\/laccei2024\/wp-json\/wp\/v2\/users\/1"}],"replies":[{"embeddable":true,"href":"https:\/\/laccei.org\/laccei2024\/wp-json\/wp\/v2\/comments?post=310"}],"version-history":[{"count":9,"href":"https:\/\/laccei.org\/laccei2024\/wp-json\/wp\/v2\/pages\/310\/revisions"}],"predecessor-version":[{"id":810,"href":"https:\/\/laccei.org\/laccei2024\/wp-json\/wp\/v2\/pages\/310\/revisions\/810"}],"wp:attachment":[{"href":"https:\/\/laccei.org\/laccei2024\/wp-json\/wp\/v2\/media?parent=310"}],"curies":[{"name":"wp","href":"https:\/\/api.w.org\/{rel}","templated":true}]}}