{"id":263,"date":"2023-05-03T14:35:47","date_gmt":"2023-05-03T14:35:47","guid":{"rendered":"https:\/\/laccei.org\/laccei2024\/?page_id=263"},"modified":"2024-03-26T21:02:27","modified_gmt":"2024-03-26T21:02:27","slug":"bootcamp-laccei-2024","status":"publish","type":"page","link":"https:\/\/laccei.org\/laccei2024\/bootcamp-laccei-2024\/","title":{"rendered":"Bootcamp LACCEI 2024"},"content":{"rendered":"\n<p class=\"has-text-align-center\" style=\"font-size:26px\"><strong>Bootcamp LACCEI 2024<\/strong><\/p>\n\n\n\n<p class=\"has-text-align-center\" style=\"font-size:14px\"><strong>8 al 19 de julio<\/strong><\/p>\n\n\n\n<p class=\"has-text-align-right\"><a href=\"https:\/\/laccei.org\/laccei2024\/bootcamp-laccei-2024-english\/\" data-type=\"link\" data-id=\"https:\/\/laccei.org\/laccei2024\/bootcamp-laccei-2024-english\/\"><mark style=\"background-color:rgba(0, 0, 0, 0)\" class=\"has-inline-color has-primary-color\">English version: click here<\/mark><\/a><\/p>\n\n\n\n<figure class=\"wp-block-image aligncenter size-full is-resized\"><img loading=\"lazy\" decoding=\"async\" width=\"600\" height=\"184\" src=\"https:\/\/laccei.org\/laccei2024\/wp-content\/uploads\/sites\/5\/2024\/03\/SUMMER-CAMP_Mesa-de-trabajo-1-copia-2-4.jpg\" alt=\"\" class=\"wp-image-887\" style=\"width:464px;height:118px\" srcset=\"https:\/\/laccei.org\/laccei2024\/wp-content\/uploads\/sites\/5\/2024\/03\/SUMMER-CAMP_Mesa-de-trabajo-1-copia-2-4.jpg 600w, https:\/\/laccei.org\/laccei2024\/wp-content\/uploads\/sites\/5\/2024\/03\/SUMMER-CAMP_Mesa-de-trabajo-1-copia-2-4-300x92.jpg 300w\" sizes=\"auto, (max-width: 600px) 100vw, 600px\" \/><\/figure>\n\n\n\n<p style=\"font-size:14px\">El&nbsp;Bootcamp nace como un escenario propicio para participar en actividades supervisadas fuera de su comunidad acad\u00e9mica, que bajo protocolos de bioseguridad les brindar\u00e1 a los asistentes un ambiente enriquecedor cuyo prop\u00f3sito principal ser\u00e1 el desarrollo acad\u00e9mico e intercultural, con la oportunidad de trabajar con sus pares internacionales en el \u201cSeminario Gesti\u00f3n de Proyectos Transformacionales y de Innovaci\u00f3n\u201d, cuyos productos se mostrar\u00e1n en la Multiconferencia de LACCEI 2024 y donde esperamos mostrar la capacidad de nuestros estudiantes para aplicar sus conocimientos a trav\u00e9s de la concreci\u00f3n de nuevos modelos, ideas o proyectos, usando como marco los procesos de&nbsp; innovaci\u00f3n, las buenas pr\u00e1cticas de la gesti\u00f3n de&nbsp; proyectos y su formulaci\u00f3n y an\u00e1lisis, haciendo seguimiento al desarrollo de cada una de las etapas, a trav\u00e9s de proyectos de inmersi\u00f3n en la transformaci\u00f3n digital.&nbsp;<\/p>\n\n\n\n<p><strong>P\u00fablico Objetivo:<\/strong><\/p>\n\n\n\n<p>Est\u00e1 dirigido solo a <strong>Estudiantes de Pregrado<\/strong> de las Instituciones en Ingenier\u00eda, Ciencia y\/o Tecnolog\u00eda e Innovaci\u00f3n del mundo.<\/p>\n\n\n\n<p><strong>Programaci\u00f3n:<\/strong><\/p>\n\n\n\n<p>Se llevar\u00e1 a cabo el \u201cSeminario Gesti\u00f3n de Proyectos Transformacionales y de Innovaci\u00f3n\u201d, el cual consta de 7 m\u00f3dulos, que ser\u00e1n desarrollados por expertos internacionales, que busca a trav\u00e9s de esta formaci\u00f3n llevar a punto las ideas, iniciativas y\/o proyectos de impacto de los asistentes fortaleciendo sus capacidades, los nuevos procesos y formas de trabajo, el uso de la tecnolog\u00eda, la informaci\u00f3n, la relaci\u00f3n con clientes, proveedores y grupos de inter\u00e9s.&nbsp;<\/p>\n\n\n\n<p>A continuaci\u00f3n se describe el contenido general programado para el Bootcamp LACCEI 2024:<\/p>\n\n\n\n<p><strong>Lunes 8 de julio de 2024 (virtual):<\/strong><\/p>\n\n\n\n<ul class=\"wp-block-list\">\n<li>Bienvenida<\/li>\n\n\n\n<li>M\u00f3dulo 1: Habilidades del Pensamiento: Importancia en la Ingenier\u00eda, Ciencia y Tecnolog\u00eda<\/li>\n<\/ul>\n\n\n\n<p><strong>Martes 9 de julio de 202<strong>4 (virtual):<\/strong><\/strong><\/p>\n\n\n\n<ul class=\"wp-block-list\">\n<li>M\u00f3dulo 2: Las habilidades blandas: Importancia en la Ingenier\u00eda, Ciencia y Tecnolog\u00eda<\/li>\n\n\n\n<li>M\u00f3dulo 3: Gesti\u00f3n de Proyectos \u00c1giles con Scrum<\/li>\n<\/ul>\n\n\n\n<p><strong>Mi\u00e9rcoles 10 de julio de 2024 (virtual):<\/strong><\/p>\n\n\n\n<ul class=\"wp-block-list\">\n<li>M\u00f3dulo 4: Herramientas de Vigilancia Tecnol\u00f3gica<\/li>\n\n\n\n<li>M\u00f3dulo 5: Gesti\u00f3n del Cambio<\/li>\n<\/ul>\n\n\n\n<p><strong>Jueves 11 de julio de 202<strong>4 (virtual):<\/strong><\/strong><\/p>\n\n\n\n<ul class=\"wp-block-list\">\n<li>M\u00f3dulo 6: Soluci\u00f3n de Problemas con Design Thinking<\/li>\n\n\n\n<li>M\u00f3dulo 7: Gesti\u00f3n de la innovaci\u00f3n tecnol\u00f3gica como base del emprendimiento.<\/li>\n<\/ul>\n\n\n\n<p><strong>Viernes 12 de julio de 202<strong>4 (virtual):<\/strong><\/strong><\/p>\n\n\n\n<ul class=\"wp-block-list\">\n<li>M\u00f3dulo 8: Modelo Canvas<\/li>\n\n\n\n<li>Actividad 2: Orientaciones Generales del trabajo en la Multiconferencia.<\/li>\n<\/ul>\n\n\n\n<p><strong>S\u00e1bado 13 y domingo 14 de julio de 2024<\/strong>:<\/p>\n\n\n\n<ul class=\"wp-block-list\">\n<li>Viaje a la Ciudad de San Jose de Costa Rica<\/li>\n<\/ul>\n\n\n\n<p><strong>Domingo 14 de julio de 2024<\/strong>:<\/p>\n\n\n\n<ul class=\"wp-block-list\">\n<li>17 hs. de Costa Rica (CST). Compartir de bienvenida para participantes extranjeros en el lobby del hotel Crowne Plaza.<\/li>\n<\/ul>\n\n\n\n<p><strong>Lunes 15 de julio de 2024 (presencial):<\/strong><\/p>\n\n\n\n<ul class=\"wp-block-list\">\n<li>Presentaci\u00f3n de LACCEI\n<ul class=\"wp-block-list\">\n<li>Cap\u00edtulos estudiantiles<\/li>\n\n\n\n<li>Direcci\u00f3n Ejecutiva<\/li>\n\n\n\n<li>Presidente<\/li>\n\n\n\n<li>Vicepresidentes Asociados<\/li>\n\n\n\n<li>Comit\u00e9s<\/li>\n\n\n\n<li>Taller CAL Matilda<\/li>\n<\/ul>\n<\/li>\n\n\n\n<li>Global Village: \u00bfQui\u00e9nes son nuestros nuevos aliados globales?<\/li>\n<\/ul>\n\n\n\n<p><strong>Martes 16 de julio de 202<strong>4 (presencial):<\/strong><\/strong><\/p>\n\n\n\n<ul class=\"wp-block-list\">\n<li>Visita a Universidades: Tema &#8220;ODS&#8221;<\/li>\n\n\n\n<li>Visita a Universidades: Tema &#8220;Ingenier\u00eda e Inteligencia Artificial&#8221;<\/li>\n\n\n\n<li>Visita a Laboratorios de Schneider Electric<\/li>\n<\/ul>\n\n\n\n<p><strong>Mi\u00e9rcoles 17 de julio de 2024<strong> (presencial):<\/strong><\/strong><\/p>\n\n\n\n<ul class=\"wp-block-list\">\n<li>Programaci\u00f3n LACCEI<\/li>\n<\/ul>\n\n\n\n<p><strong>Jueves 18 de julio de 202<strong>4 (presencial):<\/strong><\/strong><\/p>\n\n\n\n<ul class=\"wp-block-list\">\n<li>Competencia estudiantil<\/li>\n\n\n\n<li>Programaci\u00f3n LACCEI<\/li>\n\n\n\n<li>Preparaci\u00f3n y Asesor\u00eda para la presentaci\u00f3n<\/li>\n<\/ul>\n\n\n\n<p><strong>Viernes 19 de julio de 202<strong>4 (presencial):<\/strong><\/strong><\/p>\n\n\n\n<ul class=\"wp-block-list\">\n<li>Programaci\u00f3n LACCEI<\/li>\n\n\n\n<li>Presentaci\u00f3n del Trabajo Integrador<\/li>\n\n\n\n<li>Todos los tutores<\/li>\n<\/ul>\n\n\n\n<hr class=\"wp-block-separator has-alpha-channel-opacity\"\/>\n\n\n\n<p><strong>Costos hasta el 6 de mayo (Early Bird):<\/strong>&nbsp;<\/p>\n\n\n\n<ul class=\"wp-block-list\">\n<li>Plan solo virtual: 50 USD\/ 100 USD (l\u00edmite 30 participantes)<\/li>\n\n\n\n<li>Plan b\u00e1sico: 250 USD\/ 350 USD (l\u00edmite 30 participantes)<\/li>\n\n\n\n<li>Plan Hotel Incluido: 700 USD\/ 850 USD (l\u00edmite 30 participantes)<\/li>\n<\/ul>\n\n\n\n<p><strong>Costos despu\u00e9s del 7 de mayo:<\/strong>&nbsp;<\/p>\n\n\n\n<ul class=\"wp-block-list\">\n<li>Plan solo virtual: 50 USD\/ 100 USD (l\u00edmite 30 participantes)<\/li>\n\n\n\n<li>Plan b\u00e1sico: 300 USD\/ 400 USD (l\u00edmite 30 participantes)<\/li>\n\n\n\n<li>Plan Hotel Incluido: 850 USD\/ 1000 USD (l\u00edmite 30 participantes)<\/li>\n<\/ul>\n\n\n\n<figure class=\"wp-block-image aligncenter size-full\"><img loading=\"lazy\" decoding=\"async\" width=\"767\" height=\"757\" src=\"https:\/\/laccei.org\/laccei2024\/wp-content\/uploads\/sites\/5\/2024\/03\/image-2.png\" alt=\"\" class=\"wp-image-928\" srcset=\"https:\/\/laccei.org\/laccei2024\/wp-content\/uploads\/sites\/5\/2024\/03\/image-2.png 767w, https:\/\/laccei.org\/laccei2024\/wp-content\/uploads\/sites\/5\/2024\/03\/image-2-300x296.png 300w\" sizes=\"auto, (max-width: 767px) 100vw, 767px\" \/><\/figure>\n\n\n\n<hr class=\"wp-block-separator has-alpha-channel-opacity\"\/>\n\n\n\n<p><mark style=\"background-color:#f3f3f3\" class=\"has-inline-color has-primary-color\"><strong>Link para preinscripci\u00f3n:<\/strong>\u00a0<a href=\"https:\/\/forms.gle\/Dgfr6e17YMXuhmYo6\" target=\"_blank\" rel=\"noreferrer noopener\">Click Aqu\u00ed<\/a><\/mark><\/p>\n\n\n\n<p><strong><mark style=\"background-color:#f3f3f3\" class=\"has-inline-color has-primary-color\">Para registro y pago, hacerlo por ConfTool: <\/mark><\/strong><a href=\"https:\/\/laccei.org\/laccei2024\" target=\"_blank\" rel=\"noreferrer noopener\"><mark style=\"background-color:#f3f3f3\" class=\"has-inline-color has-primary-color\">https:\/\/laccei.org\/laccei2024<\/mark><\/a><mark style=\"background-color:rgba(0, 0, 0, 0)\" class=\"has-inline-color has-primary-color\"> <\/mark><\/p>\n\n\n\n<p>M\u00e1s informaci\u00f3n: <a href=\"mailto:bootcamp@laccei.org\">bootcamp@laccei.org<\/a> ; <a href=\"mailto:info@laccei.org\">info@laccei.org<\/a><\/p>\n","protected":false},"excerpt":{"rendered":"<p>Bootcamp LACCEI 2024 8 al 19 de julio English version: click here El&nbsp;Bootcamp nace como un escenario propicio para participar en actividades supervisadas fuera de su comunidad acad\u00e9mica, que bajo protocolos de bioseguridad les brindar\u00e1 a los asistentes un ambiente enriquecedor cuyo prop\u00f3sito principal ser\u00e1 el desarrollo acad\u00e9mico e intercultural, con la oportunidad de trabajar [&hellip;]<\/p>\n","protected":false},"author":1,"featured_media":0,"parent":0,"menu_order":0,"comment_status":"closed","ping_status":"closed","template":"","meta":{"footnotes":""},"class_list":["post-263","page","type-page","status-publish","hentry"],"_links":{"self":[{"href":"https:\/\/laccei.org\/laccei2024\/wp-json\/wp\/v2\/pages\/263","targetHints":{"allow":["GET"]}}],"collection":[{"href":"https:\/\/laccei.org\/laccei2024\/wp-json\/wp\/v2\/pages"}],"about":[{"href":"https:\/\/laccei.org\/laccei2024\/wp-json\/wp\/v2\/types\/page"}],"author":[{"embeddable":true,"href":"https:\/\/laccei.org\/laccei2024\/wp-json\/wp\/v2\/users\/1"}],"replies":[{"embeddable":true,"href":"https:\/\/laccei.org\/laccei2024\/wp-json\/wp\/v2\/comments?post=263"}],"version-history":[{"count":35,"href":"https:\/\/laccei.org\/laccei2024\/wp-json\/wp\/v2\/pages\/263\/revisions"}],"predecessor-version":[{"id":929,"href":"https:\/\/laccei.org\/laccei2024\/wp-json\/wp\/v2\/pages\/263\/revisions\/929"}],"wp:attachment":[{"href":"https:\/\/laccei.org\/laccei2024\/wp-json\/wp\/v2\/media?parent=263"}],"curies":[{"name":"wp","href":"https:\/\/api.w.org\/{rel}","templated":true}]}}