{"id":1091,"date":"2024-07-17T06:23:00","date_gmt":"2024-07-17T06:23:00","guid":{"rendered":"https:\/\/laccei.org\/laccei2024\/?page_id=1091"},"modified":"2024-07-17T06:26:13","modified_gmt":"2024-07-17T06:26:13","slug":"deans-summit-2024","status":"publish","type":"page","link":"https:\/\/laccei.org\/laccei2024\/deans-summit-2024\/","title":{"rendered":"Deans Summit 2024"},"content":{"rendered":"\n<h2 class=\"wp-block-heading\">Agenda 17 de julio de 2024, 14:00-15:50<\/h2>\n\n\n\n<ul class=\"wp-block-list\">\n<li>Modelo de Gesti\u00f3n TEC21.. Dr. Ricardo Swain Oropeza: Decano Escuela de Ingenier\u00eda y Ciencias &#8211; Instituto del Tecnol\u00f3gico de Monterrey. M\u00e9xico<\/li>\n\n\n\n<li>Tecnolog\u00eda de ingenier\u00eda sostenible y oficios t\u00e9cnicos calificados para un futuro diverso e inclusivo<\/li>\n\n\n\n<li>Chris A. O&#8217;Riordan-Adjah PhD, MS, PE.  Dean &#8211; Building, Engineering, and Skilled Trades (BEST) &#8211; Durham Technical Community College Durham, North Carolina<\/li>\n<\/ul>\n\n\n\n<p>Actividades:<\/p>\n\n\n\n<ul class=\"wp-block-list\">\n<li>Temas de inter\u00e9s de Decanas y Decanos<\/li>\n\n\n\n<li>Comisiones de trabajo: conformaci\u00f3n<\/li>\n\n\n\n<li>Planificaci\u00f3n de actividades 2024-2025<\/li>\n\n\n\n<li>Conferencias virtuales y movilidad virtual y presencial<\/li>\n\n\n\n<li>C\u00e1tedra DTyT<\/li>\n\n\n\n<li>Reuniones presenciales de la Cumbre 2024-2025 \u2013 Sedes<\/li>\n<\/ul>\n\n\n\n<h2 class=\"wp-block-heading\">Agenda 18 de julio de 2024, 12:00-14:00<\/h2>\n\n\n\n<ul class=\"wp-block-list\">\n<li>Consejo Regional de Centroam\u00e9rica y el Caribe\n<ul class=\"wp-block-list\">\n<li>Conformaci\u00f3n de Comit\u00e9 Ejecutivo (Presidente, Vicepresidente, dos secretar\u00edas)<\/li>\n\n\n\n<li>Conformaci\u00f3n de Comisiones <\/li>\n<\/ul>\n<\/li>\n\n\n\n<li>Historia de la Ingenier\u00eda. Sumando voluntades.\n<ul class=\"wp-block-list\">\n<li>Caso Costa Rica <\/li>\n\n\n\n<li>Reuniones presenciales Consejo. Propuesta de sedes.<\/li>\n<\/ul>\n<\/li>\n\n\n\n<li>Planificaci\u00f3n de actividades y propuesta para las conferencias.<\/li>\n<\/ul>\n\n\n\n<hr class=\"wp-block-separator has-alpha-channel-opacity\"\/>\n\n\n\n<h2 class=\"wp-block-heading\">17th July, 14:00-15:50<\/h2>\n\n\n\n<ul class=\"wp-block-list\">\n<li>TEC21 Management Model. Dr. Ricardo Swain Oropeza: Dean of the School of Engineering and Sciences &#8211; Instituto del Tecnol\u00f3gico de Monterrey. Mexico<\/li>\n\n\n\n<li>Sustainable engineering technology and skilled technical trades for a diverse and inclusive future<\/li>\n\n\n\n<li>Chris A. O&#8217;Riordan-Adjah PhD, MS, PE. Dean &#8211; Building, Engineering, and Skilled Trades (BEST) &#8211; Durham Technical Community College Durham, North Carolina<\/li>\n<\/ul>\n\n\n\n<p>Activities:<\/p>\n\n\n\n<ul class=\"wp-block-list\">\n<li>Topics of interest to Deans and Deans<\/li>\n\n\n\n<li>Work committees: formation<\/li>\n\n\n\n<li>Activity planning 2024-2025<\/li>\n\n\n\n<li>Virtual conferences and virtual and in-person mobility<\/li>\n\n\n\n<li>DTyT Chair<\/li>\n\n\n\n<li>In-person meetings of the 2024-2025 Summit \u2013 Venues<\/li>\n<\/ul>\n\n\n\n<h2 class=\"wp-block-heading\">18th July, 12:00-14:00<\/h2>\n\n\n\n<ul class=\"wp-block-list\">\n<li>Regional Council of Central America and the Caribbean<\/li>\n\n\n\n<li>History of Engineering. Adding wills.\n<ul class=\"wp-block-list\">\n<li>Costa Rica Case<\/li>\n\n\n\n<li>Face-to-face Council meetings. Proposal for venues.<\/li>\n<\/ul>\n<\/li>\n\n\n\n<li>Planning of activities and proposals for conferences.<\/li>\n<\/ul>\n","protected":false},"excerpt":{"rendered":"<p>Agenda 17 de julio de 2024, 14:00-15:50 Actividades: Agenda 18 de julio de 2024, 12:00-14:00 17th July, 14:00-15:50 Activities: 18th July, 12:00-14:00<\/p>\n","protected":false},"author":1,"featured_media":0,"parent":0,"menu_order":0,"comment_status":"closed","ping_status":"closed","template":"","meta":{"footnotes":""},"class_list":["post-1091","page","type-page","status-publish","hentry"],"_links":{"self":[{"href":"https:\/\/laccei.org\/laccei2024\/wp-json\/wp\/v2\/pages\/1091","targetHints":{"allow":["GET"]}}],"collection":[{"href":"https:\/\/laccei.org\/laccei2024\/wp-json\/wp\/v2\/pages"}],"about":[{"href":"https:\/\/laccei.org\/laccei2024\/wp-json\/wp\/v2\/types\/page"}],"author":[{"embeddable":true,"href":"https:\/\/laccei.org\/laccei2024\/wp-json\/wp\/v2\/users\/1"}],"replies":[{"embeddable":true,"href":"https:\/\/laccei.org\/laccei2024\/wp-json\/wp\/v2\/comments?post=1091"}],"version-history":[{"count":2,"href":"https:\/\/laccei.org\/laccei2024\/wp-json\/wp\/v2\/pages\/1091\/revisions"}],"predecessor-version":[{"id":1096,"href":"https:\/\/laccei.org\/laccei2024\/wp-json\/wp\/v2\/pages\/1091\/revisions\/1096"}],"wp:attachment":[{"href":"https:\/\/laccei.org\/laccei2024\/wp-json\/wp\/v2\/media?parent=1091"}],"curies":[{"name":"wp","href":"https:\/\/api.w.org\/{rel}","templated":true}]}}