{"id":98,"date":"2023-03-11T04:15:07","date_gmt":"2023-03-11T04:15:07","guid":{"rendered":"https:\/\/laccei.org\/laccei2023\/?page_id=98"},"modified":"2023-05-28T10:46:34","modified_gmt":"2023-05-28T10:46:34","slug":"venue","status":"publish","type":"page","link":"https:\/\/laccei.org\/laccei2023\/venue\/","title":{"rendered":"Venue"},"content":{"rendered":"\n<h4 class=\"wp-block-heading has-text-align-center\" style=\"font-size:18px\">Venue<\/h4>\n\n\n\n<p style=\"font-size:14px\"><strong>Buenos Aires Marriott (<a rel=\"noreferrer noopener\" href=\"http:\/\/buenosairesmarriott.com\/\" target=\"_blank\">Click here<\/a>).<br><\/strong>Carlos Pellegrini 551, Buenos Aires, Argentina, 1009<br><strong>Email:<\/strong><a rel=\"noreferrer noopener\" href=\"mailto:reservations@buenosairesmarriott.com\" target=\"_blank\"> reservations@buenosairesmarriott.com<\/a><br><strong>Whats App:\u00a0<\/strong>+54 1138863357<br><strong>Tel\u00e9fono: <\/strong>+54 114348 5000 &#8211; Opci\u00f3n 3<br>Reserve su tarifa corporativa: <a href=\"https:\/\/www.marriott.com\/events\/start.mi?id=1683662811490&amp;key=CORP\"><mark style=\"background-color:#08ACF2\" class=\"has-inline-color\">Click aqu\u00ed<\/mark><\/a><br><strong><a href=\"https:\/\/www.google.com\/maps\/place\/Buenos+Aires+Marriott\/@-34.6018997,-58.3829137,17z\/data=!3m1!4b1!4m8!3m7!1s0x95bcc86feac62fb3:0x482fc4977f2c5f44!5m2!4m1!1i2!8m2!3d-34.6019041!4d-58.380725\">Link on Google Maps<\/a><\/strong><\/p>\n\n\n\n<iframe frameborder=\"0\" scrolling=\"no\" marginheight=\"0\" marginwidth=\"0\" src=\"https:\/\/maps.google.com\/maps?q=Buenos%20Aires%20Marriott&amp;t=m&amp;z=16&amp;output=embed&amp;iwloc=near\" title=\"Buenos Aires Marriott\" aria-label=\"Buenos Aires Marriott\"><\/iframe>\n","protected":false},"excerpt":{"rendered":"<p>Venue Buenos Aires Marriott (Click here).Carlos Pellegrini 551, Buenos Aires, Argentina, 1009Email: reservations@buenosairesmarriott.comWhats App:\u00a0+54 1138863357Tel\u00e9fono: +54 114348 5000 &#8211; Opci\u00f3n 3Reserve su tarifa corporativa: Click aqu\u00edLink on Google Maps<\/p>\n","protected":false},"author":2,"featured_media":0,"parent":0,"menu_order":0,"comment_status":"closed","ping_status":"closed","template":"","meta":{"footnotes":""},"class_list":["post-98","page","type-page","status-publish","hentry"],"_links":{"self":[{"href":"https:\/\/laccei.org\/laccei2023\/wp-json\/wp\/v2\/pages\/98","targetHints":{"allow":["GET"]}}],"collection":[{"href":"https:\/\/laccei.org\/laccei2023\/wp-json\/wp\/v2\/pages"}],"about":[{"href":"https:\/\/laccei.org\/laccei2023\/wp-json\/wp\/v2\/types\/page"}],"author":[{"embeddable":true,"href":"https:\/\/laccei.org\/laccei2023\/wp-json\/wp\/v2\/users\/2"}],"replies":[{"embeddable":true,"href":"https:\/\/laccei.org\/laccei2023\/wp-json\/wp\/v2\/comments?post=98"}],"version-history":[{"count":6,"href":"https:\/\/laccei.org\/laccei2023\/wp-json\/wp\/v2\/pages\/98\/revisions"}],"predecessor-version":[{"id":405,"href":"https:\/\/laccei.org\/laccei2023\/wp-json\/wp\/v2\/pages\/98\/revisions\/405"}],"wp:attachment":[{"href":"https:\/\/laccei.org\/laccei2023\/wp-json\/wp\/v2\/media?parent=98"}],"curies":[{"name":"wp","href":"https:\/\/api.w.org\/{rel}","templated":true}]}}