{"id":339,"date":"2023-05-12T14:06:44","date_gmt":"2023-05-12T14:06:44","guid":{"rendered":"https:\/\/laccei.org\/laccei2023\/?page_id=339"},"modified":"2024-02-29T12:29:48","modified_gmt":"2024-02-29T12:29:48","slug":"thesis-competition","status":"publish","type":"page","link":"https:\/\/laccei.org\/laccei2023\/thesis-competition\/","title":{"rendered":"Thesis Competition"},"content":{"rendered":"\n<h2 class=\"wp-block-heading has-text-align-center\">Reconocimiento a Tesis de Maestr\u00eda y Doctorado<br>en la Ingenier\u00eda<\/h2>\n\n\n\n<p style=\"font-size:14px\">Este a\u00f1o <strong>LACCEI<\/strong> celebra su segunda versi\u00f3n de su Bootcamp, un programa de ense\u00f1anza intensivo que se realiza en entornos de aprendizaje pr\u00e1cticos en el que se trabaja bajo situaciones reales y estudio de casos para identificar las necesidades de la sociedad, la industria, las tendencias y pr\u00e1cticas modernas e innovadoras, lo que se entremezcla con la formaci\u00f3n para fortalecer competencias para el trabajo en equipo, creatividad e innovaci\u00f3n, resoluci\u00f3n de problemas, gesti\u00f3n del cambio y habilidades socioemocionales y del siglo XXI.<\/p>\n\n\n\n<p style=\"font-size:14px\">El Bootcamp que se realizar\u00e1 en forma h\u00edbrida del 10 al 21 de julio de 2023, est\u00e1 dirigido a estudiantes que actualmente cursen un programa de pregrado y que tengan el aval del coordinador o director de su programa acad\u00e9mico en su instituci\u00f3n.<\/p>\n\n\n\n<p style=\"font-size:14px\">Este a\u00f1o para los programas de postgrado, LACCEI presenta los reconocimientos a los mejores proyectos de grado de Maestr\u00eda y Doctorado en el \u00e1rea de ingenier\u00eda, ciencia, tecnolog\u00eda o \u00e1reas afines de las Instituciones miembros del Consorcio.<\/p>\n\n\n\n<p style=\"font-size:14px\">El <strong>Premio Dr. Leonardo Alcayhuam\u00e1n Acostupa<\/strong>&nbsp; para el mejor proyecto de Maestr\u00eda y a su vez, el <strong>Premio Dr. Pr\u00edamo Rodr\u00edguez Castillo <\/strong>para el mejor proyecto Doctoral, es una iniciativa creada desde los Cap\u00edtulos Estudiantiles de LACCEI, para estudiantes de programas de postgrado, donde los participantes tendr\u00e1n la oportunidad de presentar los resultados de su trabajo de grado (para maestr\u00edas) o su tesis de grado (para doctorados), en ambos casos culminados, y que ser\u00e1n expuestos en un espacio de 3 minutos, en esta oportunidad, haciendo \u00e9nfasis en el aporte de los resultados de su trabajo, al cumplimiento de la agenda 2030.<\/p>\n\n\n\n<h4 class=\"wp-block-heading\" style=\"font-size:18px\"><strong>Tesis de Maestr\u00eda<\/strong><\/h4>\n\n\n\n<figure class=\"wp-block-image aligncenter size-full is-resized\"><img loading=\"lazy\" decoding=\"async\" src=\"https:\/\/laccei.org\/laccei2023\/wp-content\/uploads\/sites\/3\/2023\/05\/DR.-LEONARDO-ALCAYHUAMAN-1.jpg\" alt=\"\" class=\"wp-image-340\" width=\"201\" height=\"201\" srcset=\"https:\/\/laccei.org\/laccei2023\/wp-content\/uploads\/sites\/3\/2023\/05\/DR.-LEONARDO-ALCAYHUAMAN-1.jpg 401w, https:\/\/laccei.org\/laccei2023\/wp-content\/uploads\/sites\/3\/2023\/05\/DR.-LEONARDO-ALCAYHUAMAN-1-300x300.jpg 300w, https:\/\/laccei.org\/laccei2023\/wp-content\/uploads\/sites\/3\/2023\/05\/DR.-LEONARDO-ALCAYHUAMAN-1-150x150.jpg 150w\" sizes=\"auto, (max-width: 201px) 100vw, 201px\" \/><\/figure>\n\n\n\n<p class=\"has-text-align-center\"><strong>Premio Dr. Leonardo Alcayhuam\u00e1n Acostupa<\/strong><\/p>\n\n\n\n<p style=\"font-size:14px\">Los participantes (Magister) deben hacer una presentaci\u00f3n tipo p\u00f3ster sobre su tesis de maestr\u00eda presentada en el 2022 o 2023, reflejando los alcances de su trabajo de grado, el t\u00edtulo de su trabajo, autores, director\/asesor, desarrollo, conclusiones y t\u00edtulo alcanzado mencionando a la Universidad.<\/p>\n\n\n\n<ul class=\"wp-block-list\" style=\"font-size:14px\">\n<li>Tesis presentadas en el 2022 o 2023.<\/li>\n\n\n\n<li>Presentaci\u00f3n virtual<\/li>\n\n\n\n<li>Video m\u00e1ximo 3 minutos<\/li>\n\n\n\n<li>Aspectos a evaluar: alcances, objetivos, metodolog\u00eda, resultados, conclusiones<\/li>\n\n\n\n<li>Enviar un poster Template:&nbsp;<a rel=\"noreferrer noopener\" href=\"https:\/\/laccei.org\/LACCEI_uploads\/Poster-LACCEI-2023-WP_and_SP.ppt\" target=\"_blank\"><mark style=\"background-color:rgba(0, 0, 0, 0)\" class=\"has-inline-color has-primary-color\">HERE<\/mark><\/a><\/li>\n\n\n\n<li>Click&nbsp;<a rel=\"noreferrer noopener\" href=\"https:\/\/www.conftool.pro\/laccei2023\/\" target=\"_blank\"><mark style=\"background-color:rgba(0, 0, 0, 0)\" class=\"has-inline-color has-primary-color\">HERE<\/mark>&nbsp;<\/a>to go to the submission website ConfTool. Use the track: \u201cInternational Master Thesis\u201d.\n<ul class=\"wp-block-list\">\n<li>Click&nbsp;<a href=\"https:\/\/docs.google.com\/presentation\/d\/1caPiXE7rwCVWeVk10FFrUxp4YL4n5rTbzmjtSUh-cn8\/edit#slide=id.p\" data-type=\"URL\" data-id=\"https:\/\/docs.google.com\/presentation\/d\/1caPiXE7rwCVWeVk10FFrUxp4YL4n5rTbzmjtSUh-cn8\/edit#slide=id.p\" target=\"_blank\" rel=\"noreferrer noopener\"><mark>HERE<\/mark>&nbsp;<\/a>for instructions on how to submit.<\/li>\n<\/ul>\n<\/li>\n\n\n\n<li>Powerpoint for Paper presentation:&nbsp;<a href=\"https:\/\/laccei.org\/LACCEI_uploads\/Presentation-LACCEI-2023.ppt\" target=\"_blank\" rel=\"noreferrer noopener\"><mark style=\"background-color:rgba(0, 0, 0, 0)\" class=\"has-inline-color has-primary-color\">HERE<\/mark><\/a><\/li>\n\n\n\n<li>Todas las tesis ser\u00e1n publicadas en los proceedings junto con sus poster<\/li>\n\n\n\n<li>Sin costo por ser primer a\u00f1o de reconocimientos<\/li>\n\n\n\n<li>Premio de reconocimiento solo a la mejor<\/li>\n\n\n\n<li>Deadline: July 12th<\/li>\n<\/ul>\n\n\n\n<h4 class=\"wp-block-heading\" style=\"font-size:18px\"><strong>Tesis de Doctorado<\/strong><\/h4>\n\n\n\n<figure class=\"wp-block-image aligncenter size-full is-resized\"><img loading=\"lazy\" decoding=\"async\" src=\"https:\/\/laccei.org\/laccei2023\/wp-content\/uploads\/sites\/3\/2023\/05\/DR.-PRIAMO-RODRIGUEZ-1.png\" alt=\"\" class=\"wp-image-341\" width=\"162\" height=\"201\" srcset=\"https:\/\/laccei.org\/laccei2023\/wp-content\/uploads\/sites\/3\/2023\/05\/DR.-PRIAMO-RODRIGUEZ-1.png 406w, https:\/\/laccei.org\/laccei2023\/wp-content\/uploads\/sites\/3\/2023\/05\/DR.-PRIAMO-RODRIGUEZ-1-242x300.png 242w\" sizes=\"auto, (max-width: 162px) 100vw, 162px\" \/><\/figure>\n\n\n\n<p class=\"has-text-align-center\"><strong>Premio Dr. Pr\u00edamo Rodr\u00edguez Castillo<\/strong><\/p>\n\n\n\n<p style=\"font-size:14px\">Los doctores presentar\u00e1n una s\u00edntesis (resumen extendido) de hasta 10 p\u00e1ginas de la tesis doctoral. Posteriormente las tesis ser\u00e1n presentadas en un bloque especial en la modalidad poster (<a href=\"https:\/\/laccei.org\/LACCEI_uploads\/Template2023-LACCEI_2023.doc\" data-type=\"URL\" data-id=\"https:\/\/laccei.org\/LACCEI_uploads\/Template2023-LACCEI_2023.doc\"><mark style=\"background-color:rgba(0, 0, 0, 0)\" class=\"has-inline-color has-secondary-color\">el template de paper de LACCEI estar\u00e1 disponible en el sitio web de LACCEI<\/mark><\/a>).<\/p>\n\n\n\n<ul class=\"wp-block-list\" style=\"font-size:14px\">\n<li>Tesis presentadas en el 2022 o 2023.<\/li>\n\n\n\n<li>Presentaci\u00f3n virtual<\/li>\n\n\n\n<li>Video m\u00e1ximo 3 minutos<\/li>\n\n\n\n<li>Aspectos a evaluar: aporte al estado del arte<\/li>\n\n\n\n<li>Enviar un resumen extendido ajustada a la plantilla de papers LACCEI 2023: <a href=\"https:\/\/laccei.org\/LACCEI_uploads\/Template2023-LACCEI_2023.doc\" data-type=\"URL\" data-id=\"https:\/\/laccei.org\/LACCEI_uploads\/Template2023-LACCEI_2023.doc\">Here<\/a><\/li>\n\n\n\n<li>Click&nbsp;<a rel=\"noreferrer noopener\" href=\"https:\/\/www.conftool.pro\/laccei2023\/\" target=\"_blank\"><mark style=\"background-color:rgba(0, 0, 0, 0)\" class=\"has-inline-color has-primary-color\">HERE<\/mark>&nbsp;<\/a>to go to the submission website ConfTool. Use the track: \u201cInternational Doctoral Thesis\u201d.\n<ul class=\"wp-block-list\">\n<li>Click&nbsp;<a href=\"https:\/\/docs.google.com\/presentation\/d\/1caPiXE7rwCVWeVk10FFrUxp4YL4n5rTbzmjtSUh-cn8\/edit#slide=id.p\" data-type=\"URL\" data-id=\"https:\/\/docs.google.com\/presentation\/d\/1caPiXE7rwCVWeVk10FFrUxp4YL4n5rTbzmjtSUh-cn8\/edit#slide=id.p\" target=\"_blank\" rel=\"noreferrer noopener\"><mark>HERE<\/mark>&nbsp;<\/a>for instructions on how to submit.<\/li>\n<\/ul>\n<\/li>\n\n\n\n<li>Powerpoint for Paper presentation:&nbsp;<a href=\"https:\/\/laccei.org\/LACCEI_uploads\/Presentation-LACCEI-2023.ppt\" target=\"_blank\" rel=\"noreferrer noopener\"><mark style=\"background-color:rgba(0, 0, 0, 0)\" class=\"has-inline-color has-primary-color\">HERE<\/mark><\/a><\/li>\n\n\n\n<li>Todos los res\u00famenes extendidos de las tesis ser\u00e1n publicadas en los proceedings<\/li>\n\n\n\n<li>Sin costo por ser primer a\u00f1o de reconocimientos<\/li>\n\n\n\n<li>Premio de reconocimiento solo a la mejor<\/li>\n\n\n\n<li>Deadline: July 12th<\/li>\n<\/ul>\n","protected":false},"excerpt":{"rendered":"<p>Reconocimiento a Tesis de Maestr\u00eda y Doctoradoen la Ingenier\u00eda Este a\u00f1o LACCEI celebra su segunda versi\u00f3n de su Bootcamp, un programa de ense\u00f1anza intensivo que se realiza en entornos de aprendizaje pr\u00e1cticos en el que se trabaja bajo situaciones reales y estudio de casos para identificar las necesidades de la sociedad, la industria, las tendencias [&hellip;]<\/p>\n","protected":false},"author":1,"featured_media":0,"parent":0,"menu_order":0,"comment_status":"closed","ping_status":"closed","template":"","meta":{"footnotes":""},"class_list":["post-339","page","type-page","status-publish","hentry"],"_links":{"self":[{"href":"https:\/\/laccei.org\/laccei2023\/wp-json\/wp\/v2\/pages\/339","targetHints":{"allow":["GET"]}}],"collection":[{"href":"https:\/\/laccei.org\/laccei2023\/wp-json\/wp\/v2\/pages"}],"about":[{"href":"https:\/\/laccei.org\/laccei2023\/wp-json\/wp\/v2\/types\/page"}],"author":[{"embeddable":true,"href":"https:\/\/laccei.org\/laccei2023\/wp-json\/wp\/v2\/users\/1"}],"replies":[{"embeddable":true,"href":"https:\/\/laccei.org\/laccei2023\/wp-json\/wp\/v2\/comments?post=339"}],"version-history":[{"count":18,"href":"https:\/\/laccei.org\/laccei2023\/wp-json\/wp\/v2\/pages\/339\/revisions"}],"predecessor-version":[{"id":769,"href":"https:\/\/laccei.org\/laccei2023\/wp-json\/wp\/v2\/pages\/339\/revisions\/769"}],"wp:attachment":[{"href":"https:\/\/laccei.org\/laccei2023\/wp-json\/wp\/v2\/media?parent=339"}],"curies":[{"name":"wp","href":"https:\/\/api.w.org\/{rel}","templated":true}]}}