{"id":29,"date":"2023-03-11T03:02:19","date_gmt":"2023-03-11T03:02:19","guid":{"rendered":"https:\/\/laccei.org\/laccei2023\/?page_id=29"},"modified":"2023-05-17T18:44:13","modified_gmt":"2023-05-17T18:44:13","slug":"authors","status":"publish","type":"page","link":"https:\/\/laccei.org\/laccei2023\/authors\/","title":{"rendered":"Authors"},"content":{"rendered":"\n<p style=\"font-size:18px\"><strong>IMPORTANT INFORMATION FOR AUTHORS<\/strong><\/p>\n\n\n\n<ol class=\"wp-block-list\" style=\"font-size:14px\">\n<li><strong>LACCEI<\/strong>&nbsp;accepts unpublished papers written in English, Spanish, Portuguese, or French not exceeding 6 to 10 pages for Full Papers (FP) and 2 to 5 pages for Work in Progress (WP).<\/li>\n\n\n\n<li>Papers should be submitted in PDF in conformance with the&nbsp;<strong>LACCEI<\/strong>&nbsp;paper format. To download the paper template, please click<mark style=\"background-color:rgba(0, 0, 0, 0)\" class=\"has-inline-color has-primary-color\">&nbsp;<\/mark><strong><a rel=\"noreferrer noopener\" href=\"https:\/\/laccei.org\/LACCEI_uploads\/Template2023-LACCEI_2023.doc\" target=\"_blank\"><mark style=\"background-color:rgba(0, 0, 0, 0)\" class=\"has-inline-color has-primary-color\">HERE<\/mark><\/a><\/strong>.<\/li>\n\n\n\n<li>There is a limit of 3 papers per author and 7 authors per paper.<\/li>\n\n\n\n<li>To be included in the Conference program and published in the Proceedings of&nbsp;<strong>LACCEI 2023<\/strong>, the non-refundable registration of at least one author (not a Student<br>Registration) is required.<\/li>\n\n\n\n<li>One-author registration includes the processing fee for one paper. Additional accepted refereed papers from the same author will be included in the program and the Proceedings of&nbsp;<strong>LACCEI 2023<\/strong>&nbsp;at a&nbsp;<a href=\"https:\/\/laccei.org\/paper-fee-payment\/\" target=\"_blank\" rel=\"noreferrer noopener\"><mark style=\"background-color:rgba(0, 0, 0, 0)\" class=\"has-inline-color has-primary-color\">cost of USD $75 paper processing fee each<\/mark><\/a>.<\/li>\n\n\n\n<li><strong>LACCEI<\/strong>&nbsp;reserves the right to exclude a submission from the proceedings if there is no paid registration associated with the full paper or work in progress paper. In the event that no author can present, or for any clarification needed please contact&nbsp;&nbsp;<a href=\"mailto:info@laccei.org\" target=\"_blank\" rel=\"noreferrer noopener\"><mark style=\"background-color:rgba(0, 0, 0, 0)\" class=\"has-inline-color has-primary-color\">info@laccei.org<\/mark><\/a>&nbsp;prior to the conference.<\/li>\n\n\n\n<li>Student Competition submissions (<a href=\"https:\/\/laccei.org\/student-research-paper-and-poster-competitions\/\" target=\"_blank\" rel=\"noreferrer noopener\"><mark style=\"background-color:rgba(0, 0, 0, 0)\" class=\"has-inline-color has-primary-color\">Student full paper research competition and Student poster research competition<\/mark><\/a>) require at least one author registration (not the faculty mentor) and must be presented by a student author.<\/li>\n\n\n\n<li><strong>LACCEI<\/strong>&nbsp;Proceedings are a free open access publication, this requires that, once the paper is accepted, the first-named author consent through an electronic copyright assignment agreement.<\/li>\n\n\n\n<li>ConfTool Tutorials:&nbsp;<a href=\"https:\/\/laccei.org\/laccei2023\/how-to-submit\/\" target=\"_blank\" rel=\"noreferrer noopener\"><strong><mark style=\"background-color:rgba(0, 0, 0, 0)\" class=\"has-inline-color has-primary-color\">HERE<\/mark><\/strong><\/a><\/li>\n<\/ol>\n\n\n\n<p style=\"font-size:18px\"><strong>INFORMACI\u00d3N IMPORTANTE PARA AUTORES<\/strong><\/p>\n\n\n\n<ol class=\"wp-block-list\" style=\"font-size:14px\">\n<li><strong>LACCEI<\/strong>&nbsp;acepta trabajos en ingl\u00e9s, espa\u00f1ol, portugu\u00e9s o franc\u00e9s que no excedan de 6 a&nbsp;10 p\u00e1ginas para art\u00edculos largos (Full Papers-FP) y de 2 a 5 p\u00e1ginas para art\u00edculos cortos&nbsp;(Work in Progress-WP).<\/li>\n\n\n\n<li>Los trabajos deben enviarse en PDF en el formato establecido por&nbsp;<strong>LACCEI<\/strong>. Para&nbsp;descargar el formato, haga clic&nbsp;<strong><a rel=\"noreferrer noopener\" href=\"https:\/\/laccei.org\/LACCEI_uploads\/Template2023-LACCEI_2023.doc\" target=\"_blank\"><mark style=\"background-color:rgba(0, 0, 0, 0)\" class=\"has-inline-color has-primary-color\">AQU\u00cd<\/mark><\/a>.<\/strong><\/li>\n\n\n\n<li>Hay un l\u00edmite de 3 trabajos por autor y 7 autores por trabajo.<\/li>\n\n\n\n<li>Para ser incluido en el programa de la Conferencia y publicado en las Actas de&nbsp;<strong>LACCEI&nbsp;<\/strong><strong>2023<\/strong>, se requiere el registro no reembolsable de al menos un autor (no un Registro&nbsp;de Estudiante).<\/li>\n\n\n\n<li>La inscripci\u00f3n de un autor en la conferencia le da derecho al procesamiento de un&nbsp;art\u00edculo. Trabajos adicionales del mismo autor que sean aceptados podr\u00e1n incluirse&nbsp;en el programa de la Conferencia y en las memorias de&nbsp;<strong>LACCEI 2023<\/strong>&nbsp;mediante un&nbsp;<a href=\"https:\/\/laccei.org\/paper-fee-payment\/\" target=\"_blank\" rel=\"noreferrer noopener\"><mark style=\"background-color:rgba(0, 0, 0, 0)\" class=\"has-inline-color has-primary-color\">costo<\/mark>&nbsp;<\/a>adicional de USD $ 75 cada uno para cubrir los costos de procesamiento.<\/li>\n\n\n\n<li><strong>LACCEI<\/strong>&nbsp;se reserva el derecho de no incluir la presentaci\u00f3n de un trabajo en el&nbsp;programa de la conferencia o de no publicarlo si no se efect\u00faan los pagos que&nbsp;corresponden. En el caso de que ning\u00fan autor pueda presentar el trabajo o de ser necesaria cualquier aclaraci\u00f3n, se recomienda ponerse en contacto anticipadamente&nbsp;con la administraci\u00f3n de la conferencia mediante&nbsp;<a href=\"mailto:info@laccei.org\" target=\"_blank\" rel=\"noreferrer noopener\"><mark style=\"background-color:rgba(0, 0, 0, 0)\" class=\"has-inline-color has-primary-color\">info@laccei.org<\/mark><\/a>.<\/li>\n\n\n\n<li>Los trabajos sometidos al Certamen Estudiantil (<a href=\"https:\/\/laccei.org\/student-research-paper-and-poster-competitions\/\" target=\"_blank\" rel=\"noreferrer noopener\"><mark style=\"background-color:rgba(0, 0, 0, 0)\" class=\"has-inline-color has-primary-color\">Student full paper research competition and Student poster research competition<\/mark><\/a>) requieren la inscripci\u00f3n de al menos&nbsp;uno de sus autores (no del profesor mentor) y debe ser presentada por un estudiante&nbsp;autor.&nbsp;<\/li>\n\n\n\n<li>Las Memorias de&nbsp;<strong>LACCEI 2023<\/strong>&nbsp;son una publicaci\u00f3n gratuita de acceso abierto, esto&nbsp;requiere que, una vez aceptado el art\u00edculo, el autor nombrado en primer lugar d\u00e9 el&nbsp;consentimiento para publicar a trav\u00e9s de un acuerdo electr\u00f3nico de cesi\u00f3n de&nbsp;derechos de autor.<\/li>\n\n\n\n<li>ConfTool Tutorials:&nbsp;<a href=\"https:\/\/laccei.org\/laccei2023\/how-to-submit\/\" target=\"_blank\" rel=\"noreferrer noopener\"><strong><mark style=\"background-color:rgba(0, 0, 0, 0)\" class=\"has-inline-color has-primary-color\">AQU\u00cd<\/mark><\/strong><\/a><\/li>\n<\/ol>\n\n\n\n<p class=\"has-primary-color has-text-color\" style=\"font-size:18px\"><strong><a href=\"https:\/\/www.conftool.pro\/laccei2023\/\" target=\"_blank\" rel=\"noreferrer noopener\">Submit Your Paper Now<\/a><\/strong><a rel=\"noreferrer noopener\" href=\"https:\/\/www.conftool.pro\/laccei2023\/\" target=\"_blank\"><strong>:<\/strong><\/a><\/p>\n","protected":false},"excerpt":{"rendered":"<p>IMPORTANT INFORMATION FOR AUTHORS INFORMACI\u00d3N IMPORTANTE PARA AUTORES Submit Your Paper Now:<\/p>\n","protected":false},"author":2,"featured_media":0,"parent":0,"menu_order":0,"comment_status":"closed","ping_status":"closed","template":"","meta":{"footnotes":""},"class_list":["post-29","page","type-page","status-publish","hentry"],"_links":{"self":[{"href":"https:\/\/laccei.org\/laccei2023\/wp-json\/wp\/v2\/pages\/29","targetHints":{"allow":["GET"]}}],"collection":[{"href":"https:\/\/laccei.org\/laccei2023\/wp-json\/wp\/v2\/pages"}],"about":[{"href":"https:\/\/laccei.org\/laccei2023\/wp-json\/wp\/v2\/types\/page"}],"author":[{"embeddable":true,"href":"https:\/\/laccei.org\/laccei2023\/wp-json\/wp\/v2\/users\/2"}],"replies":[{"embeddable":true,"href":"https:\/\/laccei.org\/laccei2023\/wp-json\/wp\/v2\/comments?post=29"}],"version-history":[{"count":8,"href":"https:\/\/laccei.org\/laccei2023\/wp-json\/wp\/v2\/pages\/29\/revisions"}],"predecessor-version":[{"id":366,"href":"https:\/\/laccei.org\/laccei2023\/wp-json\/wp\/v2\/pages\/29\/revisions\/366"}],"wp:attachment":[{"href":"https:\/\/laccei.org\/laccei2023\/wp-json\/wp\/v2\/media?parent=29"}],"curies":[{"name":"wp","href":"https:\/\/api.w.org\/{rel}","templated":true}]}}